{"id":883,"date":"2023-08-25T13:57:39","date_gmt":"2023-08-25T11:57:39","guid":{"rendered":"https:\/\/lasserhaus.it\/condizioni-di-cancellazione\/"},"modified":"2025-11-19T09:16:39","modified_gmt":"2025-11-19T08:16:39","slug":"condizioni-di-cancellazione","status":"publish","type":"page","link":"https:\/\/lasserhaus.it\/it\/condizioni-di-cancellazione\/","title":{"rendered":"Condizioni di cancellazione"},"content":{"rendered":"\t\t<div data-elementor-type=\"wp-page\" data-elementor-id=\"883\" class=\"elementor elementor-883 elementor-872\" data-elementor-post-type=\"page\">\n\t\t\t\t<div class=\"elementor-element elementor-element-d799531 e-flex e-con-boxed e-con e-parent\" data-id=\"d799531\" data-element_type=\"container\" data-e-type=\"container\">\n\t\t\t\t\t<div class=\"e-con-inner\">\n\t\t\t\t<div class=\"elementor-element elementor-element-77ddfc9 elementor-widget elementor-widget-breadcrumbs\" data-id=\"77ddfc9\" data-element_type=\"widget\" data-e-type=\"widget\" data-widget_type=\"breadcrumbs.default\">\n\t\t\t\t\t<p id=\"breadcrumbs\"><span><span><a href=\"https:\/\/lasserhaus.it\/it\/\">Home<\/a><\/span><\/span><\/p>\t\t\t\t<\/div>\n\t\t\t\t<div class=\"elementor-element elementor-element-a2ae840 elementor-widget elementor-widget-heading\" data-id=\"a2ae840\" data-element_type=\"widget\" data-e-type=\"widget\" data-widget_type=\"heading.default\">\n\t\t\t\t\t<h1 class=\"elementor-heading-title elementor-size-default\">CONDIZIONI DI CANCELLAZIONE<\/h1>\t\t\t\t<\/div>\n\t\t\t\t<div class=\"elementor-element elementor-element-a5e614c elementor-widget elementor-widget-text-editor\" data-id=\"a5e614c\" data-element_type=\"widget\" data-e-type=\"widget\" data-widget_type=\"text-editor.default\">\n\t\t\t\t\t\t\t\t\t<p>L&#8217;importo totale sar\u00e0 pagato direttamente presso la struttura. Per la prenotazione \u00e8 necessaria una carta di credito.<\/p>\n<ul>\n<li>Cancellazione fino a 5 giorni prima dell&#8217;arrivo: gratuita<\/li>\n<li>Cancellazione a partire da 4 giorni prima dell&#8217;arrivo: 50% dell&#8217;importo totale della prenotazione<\/li>\n<li>Cancellazione a partire da 2 giorni prima dell&#8217;arrivo: 100% dell&#8217;importo totale della prenotazione<\/li>\n<li>Arrivo tardivo, mancato arrivo o partenza anticipata: 100% dell&#8217;importo totale della prenotazione<\/li>\n<\/ul>\n<p>In caso di cancellazione, l&#8217;importo verr\u00e0 addebitato sulla carta di credito fornita. \u00c8 possibile che l&#8217;importo pagato per la cancellazione venga utilizzato come credito per un soggiorno successivo entro un anno (camera e prezzo in base al periodo e alla disponibilit\u00e0). Il soggiorno pu\u00f2 essere posticipato una sola volta.<\/p>\n\t\t\t\t\t\t\t\t<\/div>\n\t\t\t\t<div class=\"elementor-element elementor-element-b55565e elementor-widget elementor-widget-heading\" data-id=\"b55565e\" data-element_type=\"widget\" data-e-type=\"widget\" data-widget_type=\"heading.default\">\n\t\t\t\t\t<h1 class=\"elementor-heading-title elementor-size-default\">ASSICURAZIONE DI ANNULLAMENTO DEL VIAGGIO<\/h1>\t\t\t\t<\/div>\n\t\t\t\t<div class=\"elementor-element elementor-element-0cd848d elementor-widget elementor-widget-text-editor\" data-id=\"0cd848d\" data-element_type=\"widget\" data-e-type=\"widget\" data-widget_type=\"text-editor.default\">\n\t\t\t\t\t\t\t\t\t<div class=\"elementor-element elementor-element-8bdc703 elementor-widget elementor-widget-text-editor\" data-id=\"8bdc703\" data-element_type=\"widget\" data-widget_type=\"text-editor.default\">\n<div class=\"elementor-widget-container\">\n<div class=\"elementor-text-editor elementor-clearfix\">\n<p>Vi offriamo la possibilit\u00e0 di stipulare un\u2019assicurazione contro l\u2019annullamento del viaggio nel modulo sottostante.<\/p>\n<\/div>\n<p><\/div>\n<p><\/div>\n<p><\/p>\n<div class=\"elementor-element elementor-element-35d77b5 elementor-widget elementor-widget-html\" data-id=\"35d77b5\" data-element_type=\"widget\" data-widget_type=\"html.default\">\n<div class=\"elementor-widget-container\">\n<div id=\"hgPaymentWidget\"><\/div>\n<p><\/div>\n<p><\/div>\n<p><\/p>\n<div class=\"elementor-element elementor-element-191d19c elementor-widget elementor-widget-text-editor\" data-id=\"191d19c\" data-element_type=\"widget\" data-widget_type=\"text-editor.default\">\n<div class=\"elementor-widget-container\">\n<div class=\"elementor-text-editor elementor-clearfix\">\n<p><span style=\"text-decoration: underline;\">Se il modulo non viene visualizzato, clicca qui.<\/span><\/p>\n<\/div>\n<p><\/div>\n<p><\/div>\n\t\t\t\t\t\t\t\t<\/div>\n\t\t\t\t<div class=\"elementor-element elementor-element-1a3cb4c elementor-widget-divider--view-line elementor-widget elementor-widget-divider\" data-id=\"1a3cb4c\" data-element_type=\"widget\" data-e-type=\"widget\" data-widget_type=\"divider.default\">\n\t\t\t\t\t\t\t<div class=\"elementor-divider\">\n\t\t\t<span class=\"elementor-divider-separator\">\n\t\t\t\t\t\t<\/span>\n\t\t<\/div>\n\t\t\t\t\t\t<\/div>\n\t\t\t\t<div class=\"elementor-element elementor-element-a171a95 elementor-widget elementor-widget-html\" data-id=\"a171a95\" data-element_type=\"widget\" data-e-type=\"widget\" id=\"fuz-lh-cancel-insurance\" data-widget_type=\"html.default\">\n\t\t\t\t\t<!-- CODE START-->\r\n<div id=\"hgPaymentWidget\"><\/div>\r\n<script type=\"text\/javascript\" src=\"https:\/\/secure.hogast.it\/rxwidgets\/payment\/script\/it?1386823A49DF9A74BB33497F1A51316278A8820F9323F3A665FC2480C6A55667\" defer async><\/script>\r\n<!-- CODE END-->  \t\t\t\t<\/div>\n\t\t\t\t<div class=\"elementor-element elementor-element-a2cc838 elementor-widget-divider--view-line elementor-widget elementor-widget-divider\" data-id=\"a2cc838\" data-element_type=\"widget\" data-e-type=\"widget\" data-widget_type=\"divider.default\">\n\t\t\t\t\t\t\t<div class=\"elementor-divider\">\n\t\t\t<span class=\"elementor-divider-separator\">\n\t\t\t\t\t\t<\/span>\n\t\t<\/div>\n\t\t\t\t\t\t<\/div>\n\t\t\t\t<div class=\"elementor-element elementor-element-286e4a9 elementor-widget elementor-widget-text-editor\" data-id=\"286e4a9\" data-element_type=\"widget\" data-e-type=\"widget\" data-widget_type=\"text-editor.default\">\n\t\t\t\t\t\t\t\t\t<div class=\"elementor-element elementor-element-8bdc703 elementor-widget elementor-widget-text-editor\" data-id=\"8bdc703\" data-element_type=\"widget\" data-widget_type=\"text-editor.default\">\n<div class=\"elementor-widget-container\">\n<div class=\"elementor-text-editor elementor-clearfix\">\n<p><a href=\"https:\/\/secure.hogast.it\/rxwidgets\/payment\/it?1386823A49DF9A74BB33497F1A51316278A8820F9323F3A665FC2480C6A55667\" target=\"_blank\" rel=\"noopener\">Se il modulo non viene visualizzato, clicca qui.<\/a><\/p>\n<\/div>\n<p><\/div>\n<p><\/div>\n\t\t\t\t\t\t\t\t<\/div>\n\t\t\t\t\t<\/div>\n\t\t\t\t<\/div>\n\t\t<div class=\"elementor-element elementor-element-05746de e-con-full e-flex e-con e-parent\" data-id=\"05746de\" data-element_type=\"container\" data-e-type=\"container\">\n\t\t\t\t<div class=\"elementor-element elementor-element-f8ec3e8 elementor-widget elementor-widget-shortcode\" data-id=\"f8ec3e8\" data-element_type=\"widget\" data-e-type=\"widget\" data-widget_type=\"shortcode.default\">\n\t\t\t\t\t\t\t<div class=\"elementor-shortcode\">\t\t<div data-elementor-type=\"container\" data-elementor-id=\"1892\" class=\"elementor elementor-1892 elementor-1889\" data-elementor-post-type=\"elementor_library\">\n\t\t\t\t<div class=\"elementor-element elementor-element-2085d11 e-flex e-con-boxed e-con e-parent\" data-id=\"2085d11\" data-element_type=\"container\" data-e-type=\"container\" data-settings=\"{&quot;background_background&quot;:&quot;classic&quot;}\">\n\t\t\t\t\t<div class=\"e-con-inner\">\n\t\t<div class=\"elementor-element elementor-element-60fa684 e-flex e-con-boxed e-con e-child\" data-id=\"60fa684\" data-element_type=\"container\" data-e-type=\"container\">\n\t\t\t\t\t<div class=\"e-con-inner\">\n\t\t\t\t<div class=\"elementor-element elementor-element-5568d02 elementor-widget elementor-widget-heading\" data-id=\"5568d02\" data-element_type=\"widget\" data-e-type=\"widget\" data-widget_type=\"heading.default\">\n\t\t\t\t\t<h2 class=\"elementor-heading-title elementor-size-default\">Delizie culinarie e atmosfera cittadina a pochi passi di distanza<\/h2>\t\t\t\t<\/div>\n\t\t\t\t\t<\/div>\n\t\t\t\t<\/div>\n\t\t<div class=\"elementor-element elementor-element-585c62d e-con-full e-flex e-con e-child\" data-id=\"585c62d\" data-element_type=\"container\" data-e-type=\"container\">\n\t\t<div class=\"elementor-element elementor-element-3f596e6 e-flex e-con-boxed e-con e-child\" data-id=\"3f596e6\" data-element_type=\"container\" data-e-type=\"container\">\n\t\t\t\t\t<div class=\"e-con-inner\">\n\t\t\t\t<div class=\"elementor-element elementor-element-6063040 elementor-widget elementor-widget-heading\" data-id=\"6063040\" data-element_type=\"widget\" data-e-type=\"widget\" data-widget_type=\"heading.default\">\n\t\t\t\t\t<h3 class=\"elementor-heading-title elementor-size-default\"> Delizie culinarie<br>nel \"Alter Schlachthof\"<\/h3>\t\t\t\t<\/div>\n\t\t\t\t<div class=\"elementor-element elementor-element-9f0dff8 elementor-widget elementor-widget-image\" data-id=\"9f0dff8\" data-element_type=\"widget\" data-e-type=\"widget\" data-widget_type=\"image.default\">\n\t\t\t\t\t\t\t\t\t\t\t\t\t\t\t<img fetchpriority=\"high\" decoding=\"async\" width=\"1024\" height=\"683\" src=\"https:\/\/lasserhaus.it\/wp-content\/uploads\/2024\/10\/alter-schlachthof-kulinarik-1.jpg\" class=\"attachment-large size-large wp-image-2652\" alt=\"Das Bild zeigt einen gedeckten Tisch im Restaurant Alter Schlachthof in Brixen. Auf dem Tisch befinden sich ein Steak, Salate, das hauseigene Viertel Bier und S\u00fcsskartoffel Spalten.\" srcset=\"https:\/\/lasserhaus.it\/wp-content\/uploads\/2024\/10\/alter-schlachthof-kulinarik-1.jpg 1024w, https:\/\/lasserhaus.it\/wp-content\/uploads\/2024\/10\/alter-schlachthof-kulinarik-1-300x200.jpg 300w, https:\/\/lasserhaus.it\/wp-content\/uploads\/2024\/10\/alter-schlachthof-kulinarik-1-768x512.jpg 768w\" sizes=\"(max-width: 1024px) 100vw, 1024px\" \/>\t\t\t\t\t\t\t\t\t\t\t\t\t\t\t<\/div>\n\t\t\t\t<div class=\"elementor-element elementor-element-65f7bd3 elementor-widget elementor-widget-text-editor\" data-id=\"65f7bd3\" data-element_type=\"widget\" data-e-type=\"widget\" data-widget_type=\"text-editor.default\">\n\t\t\t\t\t\t\t\t\t<p>Nel nostro ristorante Alter Schlachthof utilizziamo il maggior numero possibile di prodotti provenienti da agricoltori locali e da fornitori selezionati nelle immediate vicinanze. Questo vale sia per i classici altoatesini che per le escursioni nella cucina internazionale.<\/p>\n\t\t\t\t\t\t\t\t<\/div>\n\t\t\t\t\t<\/div>\n\t\t\t\t<\/div>\n\t\t<div class=\"elementor-element elementor-element-44ffff7 e-flex e-con-boxed e-con e-child\" data-id=\"44ffff7\" data-element_type=\"container\" data-e-type=\"container\">\n\t\t\t\t\t<div class=\"e-con-inner\">\n\t\t\t\t<div class=\"elementor-element elementor-element-fe2163b elementor-widget elementor-widget-heading\" data-id=\"fe2163b\" data-element_type=\"widget\" data-e-type=\"widget\" data-widget_type=\"heading.default\">\n\t\t\t\t\t<h3 class=\"elementor-heading-title elementor-size-default\">\u201cAperitivo-Time\u201d nella<br>Viertel Bar<\/h3>\t\t\t\t<\/div>\n\t\t\t\t<div class=\"elementor-element elementor-element-f9e9f88 elementor-widget elementor-widget-image\" data-id=\"f9e9f88\" data-element_type=\"widget\" data-e-type=\"widget\" data-widget_type=\"image.default\">\n\t\t\t\t\t\t\t\t\t\t\t\t\t\t\t<img decoding=\"async\" width=\"1024\" height=\"683\" src=\"https:\/\/lasserhaus.it\/wp-content\/uploads\/2024\/10\/K2A6739-web-\u00a9freiundzeit-1024x683.jpg\" class=\"attachment-large size-large wp-image-2602\" alt=\"Das 3 H\u00e4nde mit verschiedenen Getr\u00e4nken in der Viertel Bar in der Brixner Innenstadt beim Ansto\u00dfen\" srcset=\"https:\/\/lasserhaus.it\/wp-content\/uploads\/2024\/10\/K2A6739-web-\u00a9freiundzeit-1024x683.jpg 1024w, https:\/\/lasserhaus.it\/wp-content\/uploads\/2024\/10\/K2A6739-web-\u00a9freiundzeit-300x200.jpg 300w, https:\/\/lasserhaus.it\/wp-content\/uploads\/2024\/10\/K2A6739-web-\u00a9freiundzeit-768x512.jpg 768w, https:\/\/lasserhaus.it\/wp-content\/uploads\/2024\/10\/K2A6739-web-\u00a9freiundzeit-1536x1025.jpg 1536w, https:\/\/lasserhaus.it\/wp-content\/uploads\/2024\/10\/K2A6739-web-\u00a9freiundzeit.jpg 2048w\" sizes=\"(max-width: 1024px) 100vw, 1024px\" \/>\t\t\t\t\t\t\t\t\t\t\t\t\t\t\t<\/div>\n\t\t\t\t<div class=\"elementor-element elementor-element-84b9970 elementor-widget elementor-widget-text-editor\" data-id=\"84b9970\" data-element_type=\"widget\" data-e-type=\"widget\" data-widget_type=\"text-editor.default\">\n\t\t\t\t\t\t\t\t\t<p>Godetevi un\u2019ampia scelta di bevande e deliziosi piatti semplici e antipasti nel nostro Viertel Bar nel centro di Bressanone. L\u2019elegante bar e l\u2019area esterna con vista sulla torre bianca invitano giovani e meno giovani a soffermarsi.<\/p>\n\t\t\t\t\t\t\t\t<\/div>\n\t\t\t\t\t<\/div>\n\t\t\t\t<\/div>\n\t\t\t\t<\/div>\n\t\t\t\t\t<\/div>\n\t\t\t\t<\/div>\n\t\t\t\t<\/div>\n\t\t<\/div>\n\t\t\t\t\t\t<\/div>\n\t\t\t\t<\/div>\n\t\t\t\t<\/div>\n\t\t","protected":false},"excerpt":{"rendered":"<p>CONDIZIONI DI CANCELLAZIONE L&#8217;importo totale sar\u00e0 pagato direttamente presso la struttura. Per la prenotazione \u00e8 necessaria una carta di credito. Cancellazione fino a 5 giorni prima dell&#8217;arrivo: gratuita Cancellazione a partire da 4 giorni prima dell&#8217;arrivo: 50% dell&#8217;importo totale della prenotazione Cancellazione a partire da 2 giorni prima dell&#8217;arrivo: 100% dell&#8217;importo totale della prenotazione Arrivo [&hellip;]<\/p>\n","protected":false},"author":1,"featured_media":0,"parent":0,"menu_order":0,"comment_status":"closed","ping_status":"closed","template":"","meta":{"_acf_changed":false},"class_list":["post-883","page","type-page","status-publish","hentry"],"acf":[],"yoast_head":"<!-- This site is optimized with the Yoast SEO plugin v27.2 - https:\/\/yoast.com\/product\/yoast-seo-wordpress\/ -->\n<title>Condizioni di cancellazione - Lasserhaus<\/title>\n<meta name=\"robots\" content=\"index, follow, max-snippet:-1, max-image-preview:large, max-video-preview:-1\" \/>\n<link rel=\"canonical\" href=\"https:\/\/lasserhaus.it\/it\/condizioni-di-cancellazione\/\" \/>\n<meta property=\"og:locale\" content=\"it_IT\" \/>\n<meta property=\"og:type\" content=\"article\" \/>\n<meta property=\"og:title\" content=\"Condizioni di cancellazione - Lasserhaus\" \/>\n<meta property=\"og:description\" content=\"CONDIZIONI DI CANCELLAZIONE L&#8217;importo totale sar\u00e0 pagato direttamente presso la struttura. Per la prenotazione \u00e8 necessaria una carta di credito. Cancellazione fino a 5 giorni prima dell&#8217;arrivo: gratuita Cancellazione a partire da 4 giorni prima dell&#8217;arrivo: 50% dell&#8217;importo totale della prenotazione Cancellazione a partire da 2 giorni prima dell&#8217;arrivo: 100% dell&#8217;importo totale della prenotazione Arrivo [&hellip;]\" \/>\n<meta property=\"og:url\" content=\"https:\/\/lasserhaus.it\/it\/condizioni-di-cancellazione\/\" \/>\n<meta property=\"og:site_name\" content=\"Lasserhaus\" \/>\n<meta property=\"article:modified_time\" content=\"2025-11-19T08:16:39+00:00\" \/>\n<meta name=\"twitter:card\" content=\"summary_large_image\" \/>\n<meta name=\"twitter:label1\" content=\"Tempo di lettura stimato\" \/>\n\t<meta name=\"twitter:data1\" content=\"1 minuto\" \/>\n<script type=\"application\/ld+json\" class=\"yoast-schema-graph\">{\"@context\":\"https:\/\/schema.org\",\"@graph\":[{\"@type\":\"WebPage\",\"@id\":\"https:\/\/lasserhaus.it\/it\/condizioni-di-cancellazione\/\",\"url\":\"https:\/\/lasserhaus.it\/it\/condizioni-di-cancellazione\/\",\"name\":\"Condizioni di cancellazione - Lasserhaus\",\"isPartOf\":{\"@id\":\"https:\/\/lasserhaus.it\/it\/#website\"},\"datePublished\":\"2023-08-25T11:57:39+00:00\",\"dateModified\":\"2025-11-19T08:16:39+00:00\",\"breadcrumb\":{\"@id\":\"https:\/\/lasserhaus.it\/it\/condizioni-di-cancellazione\/#breadcrumb\"},\"inLanguage\":\"it-IT\",\"potentialAction\":[{\"@type\":\"ReadAction\",\"target\":[\"https:\/\/lasserhaus.it\/it\/condizioni-di-cancellazione\/\"]}]},{\"@type\":\"BreadcrumbList\",\"@id\":\"https:\/\/lasserhaus.it\/it\/condizioni-di-cancellazione\/#breadcrumb\",\"itemListElement\":[{\"@type\":\"ListItem\",\"position\":1,\"name\":\"Home\",\"item\":\"https:\/\/lasserhaus.it\/it\/\"},{\"@type\":\"ListItem\",\"position\":2,\"name\":\"Condizioni di cancellazione\"}]},{\"@type\":\"WebSite\",\"@id\":\"https:\/\/lasserhaus.it\/it\/#website\",\"url\":\"https:\/\/lasserhaus.it\/it\/\",\"name\":\"Lasserhaus\",\"description\":\"\",\"publisher\":{\"@id\":\"https:\/\/lasserhaus.it\/it\/#organization\"},\"potentialAction\":[{\"@type\":\"SearchAction\",\"target\":{\"@type\":\"EntryPoint\",\"urlTemplate\":\"https:\/\/lasserhaus.it\/it\/?s={search_term_string}\"},\"query-input\":{\"@type\":\"PropertyValueSpecification\",\"valueRequired\":true,\"valueName\":\"search_term_string\"}}],\"inLanguage\":\"it-IT\"},{\"@type\":\"Organization\",\"@id\":\"https:\/\/lasserhaus.it\/it\/#organization\",\"name\":\"Lasserhaus\",\"url\":\"https:\/\/lasserhaus.it\/it\/\",\"logo\":{\"@type\":\"ImageObject\",\"inLanguage\":\"it-IT\",\"@id\":\"https:\/\/lasserhaus.it\/it\/#\/schema\/logo\/image\/\",\"url\":\"https:\/\/lasserhaus.it\/wp-content\/uploads\/2023\/04\/lasserhaus-logo-web.jpg\",\"contentUrl\":\"https:\/\/lasserhaus.it\/wp-content\/uploads\/2023\/04\/lasserhaus-logo-web.jpg\",\"width\":866,\"height\":460,\"caption\":\"Lasserhaus\"},\"image\":{\"@id\":\"https:\/\/lasserhaus.it\/it\/#\/schema\/logo\/image\/\"}}]}<\/script>\n<!-- \/ Yoast SEO plugin. -->","yoast_head_json":{"title":"Condizioni di cancellazione - Lasserhaus","robots":{"index":"index","follow":"follow","max-snippet":"max-snippet:-1","max-image-preview":"max-image-preview:large","max-video-preview":"max-video-preview:-1"},"canonical":"https:\/\/lasserhaus.it\/it\/condizioni-di-cancellazione\/","og_locale":"it_IT","og_type":"article","og_title":"Condizioni di cancellazione - Lasserhaus","og_description":"CONDIZIONI DI CANCELLAZIONE L&#8217;importo totale sar\u00e0 pagato direttamente presso la struttura. Per la prenotazione \u00e8 necessaria una carta di credito. Cancellazione fino a 5 giorni prima dell&#8217;arrivo: gratuita Cancellazione a partire da 4 giorni prima dell&#8217;arrivo: 50% dell&#8217;importo totale della prenotazione Cancellazione a partire da 2 giorni prima dell&#8217;arrivo: 100% dell&#8217;importo totale della prenotazione Arrivo [&hellip;]","og_url":"https:\/\/lasserhaus.it\/it\/condizioni-di-cancellazione\/","og_site_name":"Lasserhaus","article_modified_time":"2025-11-19T08:16:39+00:00","twitter_card":"summary_large_image","twitter_misc":{"Tempo di lettura stimato":"1 minuto"},"schema":{"@context":"https:\/\/schema.org","@graph":[{"@type":"WebPage","@id":"https:\/\/lasserhaus.it\/it\/condizioni-di-cancellazione\/","url":"https:\/\/lasserhaus.it\/it\/condizioni-di-cancellazione\/","name":"Condizioni di cancellazione - Lasserhaus","isPartOf":{"@id":"https:\/\/lasserhaus.it\/it\/#website"},"datePublished":"2023-08-25T11:57:39+00:00","dateModified":"2025-11-19T08:16:39+00:00","breadcrumb":{"@id":"https:\/\/lasserhaus.it\/it\/condizioni-di-cancellazione\/#breadcrumb"},"inLanguage":"it-IT","potentialAction":[{"@type":"ReadAction","target":["https:\/\/lasserhaus.it\/it\/condizioni-di-cancellazione\/"]}]},{"@type":"BreadcrumbList","@id":"https:\/\/lasserhaus.it\/it\/condizioni-di-cancellazione\/#breadcrumb","itemListElement":[{"@type":"ListItem","position":1,"name":"Home","item":"https:\/\/lasserhaus.it\/it\/"},{"@type":"ListItem","position":2,"name":"Condizioni di cancellazione"}]},{"@type":"WebSite","@id":"https:\/\/lasserhaus.it\/it\/#website","url":"https:\/\/lasserhaus.it\/it\/","name":"Lasserhaus","description":"","publisher":{"@id":"https:\/\/lasserhaus.it\/it\/#organization"},"potentialAction":[{"@type":"SearchAction","target":{"@type":"EntryPoint","urlTemplate":"https:\/\/lasserhaus.it\/it\/?s={search_term_string}"},"query-input":{"@type":"PropertyValueSpecification","valueRequired":true,"valueName":"search_term_string"}}],"inLanguage":"it-IT"},{"@type":"Organization","@id":"https:\/\/lasserhaus.it\/it\/#organization","name":"Lasserhaus","url":"https:\/\/lasserhaus.it\/it\/","logo":{"@type":"ImageObject","inLanguage":"it-IT","@id":"https:\/\/lasserhaus.it\/it\/#\/schema\/logo\/image\/","url":"https:\/\/lasserhaus.it\/wp-content\/uploads\/2023\/04\/lasserhaus-logo-web.jpg","contentUrl":"https:\/\/lasserhaus.it\/wp-content\/uploads\/2023\/04\/lasserhaus-logo-web.jpg","width":866,"height":460,"caption":"Lasserhaus"},"image":{"@id":"https:\/\/lasserhaus.it\/it\/#\/schema\/logo\/image\/"}}]}},"_links":{"self":[{"href":"https:\/\/lasserhaus.it\/it\/wp-json\/wp\/v2\/pages\/883","targetHints":{"allow":["GET"]}}],"collection":[{"href":"https:\/\/lasserhaus.it\/it\/wp-json\/wp\/v2\/pages"}],"about":[{"href":"https:\/\/lasserhaus.it\/it\/wp-json\/wp\/v2\/types\/page"}],"author":[{"embeddable":true,"href":"https:\/\/lasserhaus.it\/it\/wp-json\/wp\/v2\/users\/1"}],"replies":[{"embeddable":true,"href":"https:\/\/lasserhaus.it\/it\/wp-json\/wp\/v2\/comments?post=883"}],"version-history":[{"count":9,"href":"https:\/\/lasserhaus.it\/it\/wp-json\/wp\/v2\/pages\/883\/revisions"}],"predecessor-version":[{"id":3873,"href":"https:\/\/lasserhaus.it\/it\/wp-json\/wp\/v2\/pages\/883\/revisions\/3873"}],"wp:attachment":[{"href":"https:\/\/lasserhaus.it\/it\/wp-json\/wp\/v2\/media?parent=883"}],"curies":[{"name":"wp","href":"https:\/\/api.w.org\/{rel}","templated":true}]}}