{"id":3802,"date":"2025-06-25T10:49:55","date_gmt":"2025-06-25T08:49:55","guid":{"rendered":"https:\/\/lasserhaus.it\/accessibilita\/"},"modified":"2025-06-25T16:56:29","modified_gmt":"2025-06-25T14:56:29","slug":"accessibilita","status":"publish","type":"page","link":"https:\/\/lasserhaus.it\/it\/accessibilita\/","title":{"rendered":"Accessibilit\u00e0"},"content":{"rendered":"\t\t<div data-elementor-type=\"wp-page\" data-elementor-id=\"3802\" class=\"elementor elementor-3802 elementor-3797\" data-elementor-post-type=\"page\">\n\t\t\t\t<div class=\"elementor-element elementor-element-0dbb9cd e-flex e-con-boxed e-con e-parent\" data-id=\"0dbb9cd\" data-element_type=\"container\" data-e-type=\"container\">\n\t\t\t\t\t<div class=\"e-con-inner\">\n\t\t\t\t<div class=\"elementor-element elementor-element-83583a8 elementor-widget elementor-widget-breadcrumbs\" data-id=\"83583a8\" data-element_type=\"widget\" data-e-type=\"widget\" data-widget_type=\"breadcrumbs.default\">\n\t\t\t\t\t<p id=\"breadcrumbs\"><span><span><a href=\"https:\/\/lasserhaus.it\/it\/\">Home<\/a><\/span><\/span><\/p>\t\t\t\t<\/div>\n\t\t\t\t<div class=\"elementor-element elementor-element-3a5bb56 elementor-widget elementor-widget-heading\" data-id=\"3a5bb56\" data-element_type=\"widget\" data-e-type=\"widget\" data-widget_type=\"heading.default\">\n\t\t\t\t\t<h1 class=\"elementor-heading-title elementor-size-default\">Accessibilit\u00e0<\/h1>\t\t\t\t<\/div>\n\t\t<div class=\"elementor-element elementor-element-cc6028f e-con-full e-flex e-con e-child\" data-id=\"cc6028f\" data-element_type=\"container\" data-e-type=\"container\">\n\t\t\t\t<div class=\"elementor-element elementor-element-a5c453e elementor-widget elementor-widget-heading\" data-id=\"a5c453e\" data-element_type=\"widget\" data-e-type=\"widget\" data-widget_type=\"heading.default\">\n\t\t\t\t\t<h2 class=\"elementor-heading-title elementor-size-default\">Dichiarazione di accessibilit\u00e0 per lasserhaus.it<\/h2>\t\t\t\t<\/div>\n\t\t\t\t<div class=\"elementor-element elementor-element-fc04a48 elementor-widget elementor-widget-text-editor\" data-id=\"fc04a48\" data-element_type=\"widget\" data-e-type=\"widget\" data-widget_type=\"text-editor.default\">\n\t\t\t\t\t\t\t\t\t<p>Noi di Viertel Group GmbH ci impegniamo a rendere il nostro sito web lasserhaus.it il pi\u00f9 accessibile possibile, per garantire a tutte le persone \u2013 comprese quelle con disabilit\u00e0 \u2013 un accesso privo di barriere.<\/p>\n\t\t\t\t\t\t\t\t<\/div>\n\t\t\t\t<\/div>\n\t\t<div class=\"elementor-element elementor-element-9e31b1c e-con-full e-flex e-con e-child\" data-id=\"9e31b1c\" data-element_type=\"container\" data-e-type=\"container\">\n\t\t\t\t<div class=\"elementor-element elementor-element-0a24960 elementor-widget elementor-widget-heading\" data-id=\"0a24960\" data-element_type=\"widget\" data-e-type=\"widget\" data-widget_type=\"heading.default\">\n\t\t\t\t\t<h2 class=\"elementor-heading-title elementor-size-default\">Standard di accessibilit\u00e0<\/h2>\t\t\t\t<\/div>\n\t\t\t\t<div class=\"elementor-element elementor-element-f51646c elementor-widget elementor-widget-text-editor\" data-id=\"f51646c\" data-element_type=\"widget\" data-e-type=\"widget\" data-widget_type=\"text-editor.default\">\n\t\t\t\t\t\t\t\t\t<p>Il nostro sito si basa sulle normative europee sull\u2019accessibilit\u00e0, in particolare sul European Accessibility Act (EAA) che entrer\u00e0 in vigore il 28 giugno 2025, e sulle Linee guida WCAG 2.1 a livello AA.<\/p>\n\t\t\t\t\t\t\t\t<\/div>\n\t\t\t\t<\/div>\n\t\t<div class=\"elementor-element elementor-element-59b0e8e e-con-full e-flex e-con e-child\" data-id=\"59b0e8e\" data-element_type=\"container\" data-e-type=\"container\">\n\t\t\t\t<div class=\"elementor-element elementor-element-443834c elementor-widget elementor-widget-heading\" data-id=\"443834c\" data-element_type=\"widget\" data-e-type=\"widget\" data-widget_type=\"heading.default\">\n\t\t\t\t\t<h2 class=\"elementor-heading-title elementor-size-default\">Misure implementate<\/h2>\t\t\t\t<\/div>\n\t\t\t\t<div class=\"elementor-element elementor-element-2cae2e6 elementor-widget elementor-widget-text-editor\" data-id=\"2cae2e6\" data-element_type=\"widget\" data-e-type=\"widget\" data-widget_type=\"text-editor.default\">\n\t\t\t\t\t\t\t\t\t<ul>\n<li>Navigazione tramite tastiera possibile<\/li>\n<li>Testi alternativi per le immagini forniti<\/li>\n<li>Struttura di titoli (H1, H2, \u2026) utilizzata correttamente<\/li>\n<li>Regolazione dei colori e del contrasto tramite widget di accessibilit\u00e0<\/li>\n<li>Testi chiari e comprensibili, link e pulsanti facilmente riconoscibili<\/li>\n<\/ul>\n\t\t\t\t\t\t\t\t<\/div>\n\t\t\t\t<\/div>\n\t\t<div class=\"elementor-element elementor-element-6359f89 e-con-full e-flex e-con e-child\" data-id=\"6359f89\" data-element_type=\"container\" data-e-type=\"container\">\n\t\t\t\t<div class=\"elementor-element elementor-element-2ba886a elementor-widget elementor-widget-heading\" data-id=\"2ba886a\" data-element_type=\"widget\" data-e-type=\"widget\" data-widget_type=\"heading.default\">\n\t\t\t\t\t<h2 class=\"elementor-heading-title elementor-size-default\">Contenuti non accessibili<\/h2>\t\t\t\t<\/div>\n\t\t\t\t<div class=\"elementor-element elementor-element-7251a07 elementor-widget elementor-widget-text-editor\" data-id=\"7251a07\" data-element_type=\"widget\" data-e-type=\"widget\" data-widget_type=\"text-editor.default\">\n\t\t\t\t\t\t\t\t\t<p>Nonostante i nostri sforzi, alcune aree potrebbero non essere ancora completamente accessibili. Lavoriamo costantemente per migliorare il sito.<\/p>\n\t\t\t\t\t\t\t\t<\/div>\n\t\t\t\t<\/div>\n\t\t<div class=\"elementor-element elementor-element-3a7f1a8 e-con-full e-flex e-con e-child\" data-id=\"3a7f1a8\" data-element_type=\"container\" data-e-type=\"container\">\n\t\t\t\t<div class=\"elementor-element elementor-element-f918719 elementor-widget elementor-widget-heading\" data-id=\"f918719\" data-element_type=\"widget\" data-e-type=\"widget\" data-widget_type=\"heading.default\">\n\t\t\t\t\t<h2 class=\"elementor-heading-title elementor-size-default\">Feedback e contatti<\/h2>\t\t\t\t<\/div>\n\t\t\t\t<div class=\"elementor-element elementor-element-055f978 elementor-widget elementor-widget-text-editor\" data-id=\"055f978\" data-element_type=\"widget\" data-e-type=\"widget\" data-widget_type=\"text-editor.default\">\n\t\t\t\t\t\t\t\t\t<p>Se riscontri problemi nell\u2019utilizzo del nostro sito o hai domande sull\u2019accessibilit\u00e0, ti preghiamo di contattarci:<\/p>\n<p>Viertel Group GmbH<br \/>E-Mail: <a href=\"mailto:info@lasserhaus.it\">info@lasserhaus.it<\/a><\/p>\n<p>&nbsp;<\/p>\n<p><strong>Data dell\u2019ultima revisione:<\/strong> 24\/06\/2025<\/p>\n\t\t\t\t\t\t\t\t<\/div>\n\t\t\t\t<\/div>\n\t\t\t\t\t<\/div>\n\t\t\t\t<\/div>\n\t\t\t\t<\/div>\n\t\t","protected":false},"excerpt":{"rendered":"<p>Accessibilit\u00e0 Dichiarazione di accessibilit\u00e0 per lasserhaus.it Noi di Viertel Group GmbH ci impegniamo a rendere il nostro sito web lasserhaus.it il pi\u00f9 accessibile possibile, per garantire a tutte le persone \u2013 comprese quelle con disabilit\u00e0 \u2013 un accesso privo di barriere. Standard di accessibilit\u00e0 Il nostro sito si basa sulle normative europee sull\u2019accessibilit\u00e0, in particolare [&hellip;]<\/p>\n","protected":false},"author":1,"featured_media":0,"parent":0,"menu_order":0,"comment_status":"closed","ping_status":"closed","template":"","meta":{"_acf_changed":false},"class_list":["post-3802","page","type-page","status-publish","hentry"],"acf":[],"yoast_head":"<!-- This site is optimized with the Yoast SEO plugin v27.2 - https:\/\/yoast.com\/product\/yoast-seo-wordpress\/ -->\n<title>Accessibilit\u00e0 - Lasserhaus<\/title>\n<meta name=\"robots\" content=\"index, follow, max-snippet:-1, max-image-preview:large, max-video-preview:-1\" \/>\n<link rel=\"canonical\" href=\"https:\/\/lasserhaus.it\/it\/accessibilita\/\" \/>\n<meta property=\"og:locale\" content=\"it_IT\" \/>\n<meta property=\"og:type\" content=\"article\" \/>\n<meta property=\"og:title\" content=\"Accessibilit\u00e0 - Lasserhaus\" \/>\n<meta property=\"og:description\" content=\"Accessibilit\u00e0 Dichiarazione di accessibilit\u00e0 per lasserhaus.it Noi di Viertel Group GmbH ci impegniamo a rendere il nostro sito web lasserhaus.it il pi\u00f9 accessibile possibile, per garantire a tutte le persone \u2013 comprese quelle con disabilit\u00e0 \u2013 un accesso privo di barriere. Standard di accessibilit\u00e0 Il nostro sito si basa sulle normative europee sull\u2019accessibilit\u00e0, in particolare [&hellip;]\" \/>\n<meta property=\"og:url\" content=\"https:\/\/lasserhaus.it\/it\/accessibilita\/\" \/>\n<meta property=\"og:site_name\" content=\"Lasserhaus\" \/>\n<meta property=\"article:modified_time\" content=\"2025-06-25T14:56:29+00:00\" \/>\n<meta name=\"twitter:card\" content=\"summary_large_image\" \/>\n<meta name=\"twitter:label1\" content=\"Tempo di lettura stimato\" \/>\n\t<meta name=\"twitter:data1\" content=\"1 minuto\" \/>\n<script type=\"application\/ld+json\" class=\"yoast-schema-graph\">{\"@context\":\"https:\/\/schema.org\",\"@graph\":[{\"@type\":\"WebPage\",\"@id\":\"https:\/\/lasserhaus.it\/it\/accessibilita\/\",\"url\":\"https:\/\/lasserhaus.it\/it\/accessibilita\/\",\"name\":\"Accessibilit\u00e0 - Lasserhaus\",\"isPartOf\":{\"@id\":\"https:\/\/lasserhaus.it\/it\/#website\"},\"datePublished\":\"2025-06-25T08:49:55+00:00\",\"dateModified\":\"2025-06-25T14:56:29+00:00\",\"breadcrumb\":{\"@id\":\"https:\/\/lasserhaus.it\/it\/accessibilita\/#breadcrumb\"},\"inLanguage\":\"it-IT\",\"potentialAction\":[{\"@type\":\"ReadAction\",\"target\":[\"https:\/\/lasserhaus.it\/it\/accessibilita\/\"]}]},{\"@type\":\"BreadcrumbList\",\"@id\":\"https:\/\/lasserhaus.it\/it\/accessibilita\/#breadcrumb\",\"itemListElement\":[{\"@type\":\"ListItem\",\"position\":1,\"name\":\"Home\",\"item\":\"https:\/\/lasserhaus.it\/it\/\"},{\"@type\":\"ListItem\",\"position\":2,\"name\":\"Accessibilit\u00e0\"}]},{\"@type\":\"WebSite\",\"@id\":\"https:\/\/lasserhaus.it\/it\/#website\",\"url\":\"https:\/\/lasserhaus.it\/it\/\",\"name\":\"Lasserhaus\",\"description\":\"\",\"publisher\":{\"@id\":\"https:\/\/lasserhaus.it\/it\/#organization\"},\"potentialAction\":[{\"@type\":\"SearchAction\",\"target\":{\"@type\":\"EntryPoint\",\"urlTemplate\":\"https:\/\/lasserhaus.it\/it\/?s={search_term_string}\"},\"query-input\":{\"@type\":\"PropertyValueSpecification\",\"valueRequired\":true,\"valueName\":\"search_term_string\"}}],\"inLanguage\":\"it-IT\"},{\"@type\":\"Organization\",\"@id\":\"https:\/\/lasserhaus.it\/it\/#organization\",\"name\":\"Lasserhaus\",\"url\":\"https:\/\/lasserhaus.it\/it\/\",\"logo\":{\"@type\":\"ImageObject\",\"inLanguage\":\"it-IT\",\"@id\":\"https:\/\/lasserhaus.it\/it\/#\/schema\/logo\/image\/\",\"url\":\"https:\/\/lasserhaus.it\/wp-content\/uploads\/2023\/04\/lasserhaus-logo-web.jpg\",\"contentUrl\":\"https:\/\/lasserhaus.it\/wp-content\/uploads\/2023\/04\/lasserhaus-logo-web.jpg\",\"width\":866,\"height\":460,\"caption\":\"Lasserhaus\"},\"image\":{\"@id\":\"https:\/\/lasserhaus.it\/it\/#\/schema\/logo\/image\/\"}}]}<\/script>\n<!-- \/ Yoast SEO plugin. -->","yoast_head_json":{"title":"Accessibilit\u00e0 - Lasserhaus","robots":{"index":"index","follow":"follow","max-snippet":"max-snippet:-1","max-image-preview":"max-image-preview:large","max-video-preview":"max-video-preview:-1"},"canonical":"https:\/\/lasserhaus.it\/it\/accessibilita\/","og_locale":"it_IT","og_type":"article","og_title":"Accessibilit\u00e0 - Lasserhaus","og_description":"Accessibilit\u00e0 Dichiarazione di accessibilit\u00e0 per lasserhaus.it Noi di Viertel Group GmbH ci impegniamo a rendere il nostro sito web lasserhaus.it il pi\u00f9 accessibile possibile, per garantire a tutte le persone \u2013 comprese quelle con disabilit\u00e0 \u2013 un accesso privo di barriere. Standard di accessibilit\u00e0 Il nostro sito si basa sulle normative europee sull\u2019accessibilit\u00e0, in particolare [&hellip;]","og_url":"https:\/\/lasserhaus.it\/it\/accessibilita\/","og_site_name":"Lasserhaus","article_modified_time":"2025-06-25T14:56:29+00:00","twitter_card":"summary_large_image","twitter_misc":{"Tempo di lettura stimato":"1 minuto"},"schema":{"@context":"https:\/\/schema.org","@graph":[{"@type":"WebPage","@id":"https:\/\/lasserhaus.it\/it\/accessibilita\/","url":"https:\/\/lasserhaus.it\/it\/accessibilita\/","name":"Accessibilit\u00e0 - Lasserhaus","isPartOf":{"@id":"https:\/\/lasserhaus.it\/it\/#website"},"datePublished":"2025-06-25T08:49:55+00:00","dateModified":"2025-06-25T14:56:29+00:00","breadcrumb":{"@id":"https:\/\/lasserhaus.it\/it\/accessibilita\/#breadcrumb"},"inLanguage":"it-IT","potentialAction":[{"@type":"ReadAction","target":["https:\/\/lasserhaus.it\/it\/accessibilita\/"]}]},{"@type":"BreadcrumbList","@id":"https:\/\/lasserhaus.it\/it\/accessibilita\/#breadcrumb","itemListElement":[{"@type":"ListItem","position":1,"name":"Home","item":"https:\/\/lasserhaus.it\/it\/"},{"@type":"ListItem","position":2,"name":"Accessibilit\u00e0"}]},{"@type":"WebSite","@id":"https:\/\/lasserhaus.it\/it\/#website","url":"https:\/\/lasserhaus.it\/it\/","name":"Lasserhaus","description":"","publisher":{"@id":"https:\/\/lasserhaus.it\/it\/#organization"},"potentialAction":[{"@type":"SearchAction","target":{"@type":"EntryPoint","urlTemplate":"https:\/\/lasserhaus.it\/it\/?s={search_term_string}"},"query-input":{"@type":"PropertyValueSpecification","valueRequired":true,"valueName":"search_term_string"}}],"inLanguage":"it-IT"},{"@type":"Organization","@id":"https:\/\/lasserhaus.it\/it\/#organization","name":"Lasserhaus","url":"https:\/\/lasserhaus.it\/it\/","logo":{"@type":"ImageObject","inLanguage":"it-IT","@id":"https:\/\/lasserhaus.it\/it\/#\/schema\/logo\/image\/","url":"https:\/\/lasserhaus.it\/wp-content\/uploads\/2023\/04\/lasserhaus-logo-web.jpg","contentUrl":"https:\/\/lasserhaus.it\/wp-content\/uploads\/2023\/04\/lasserhaus-logo-web.jpg","width":866,"height":460,"caption":"Lasserhaus"},"image":{"@id":"https:\/\/lasserhaus.it\/it\/#\/schema\/logo\/image\/"}}]}},"_links":{"self":[{"href":"https:\/\/lasserhaus.it\/it\/wp-json\/wp\/v2\/pages\/3802","targetHints":{"allow":["GET"]}}],"collection":[{"href":"https:\/\/lasserhaus.it\/it\/wp-json\/wp\/v2\/pages"}],"about":[{"href":"https:\/\/lasserhaus.it\/it\/wp-json\/wp\/v2\/types\/page"}],"author":[{"embeddable":true,"href":"https:\/\/lasserhaus.it\/it\/wp-json\/wp\/v2\/users\/1"}],"replies":[{"embeddable":true,"href":"https:\/\/lasserhaus.it\/it\/wp-json\/wp\/v2\/comments?post=3802"}],"version-history":[{"count":5,"href":"https:\/\/lasserhaus.it\/it\/wp-json\/wp\/v2\/pages\/3802\/revisions"}],"predecessor-version":[{"id":3826,"href":"https:\/\/lasserhaus.it\/it\/wp-json\/wp\/v2\/pages\/3802\/revisions\/3826"}],"wp:attachment":[{"href":"https:\/\/lasserhaus.it\/it\/wp-json\/wp\/v2\/media?parent=3802"}],"curies":[{"name":"wp","href":"https:\/\/api.w.org\/{rel}","templated":true}]}}