{"id":3072,"date":"2024-10-25T09:50:35","date_gmt":"2024-10-25T07:50:35","guid":{"rendered":"https:\/\/lasserhaus.it\/approccio\/"},"modified":"2025-06-04T11:30:17","modified_gmt":"2025-06-04T09:30:17","slug":"approccio","status":"publish","type":"page","link":"https:\/\/lasserhaus.it\/it\/approccio\/","title":{"rendered":"Approccio"},"content":{"rendered":"\t\t<div data-elementor-type=\"wp-page\" data-elementor-id=\"3072\" class=\"elementor elementor-3072 elementor-3057\" data-elementor-post-type=\"page\">\n\t\t\t\t<div class=\"elementor-element elementor-element-4eb1245 e-flex e-con-boxed e-con e-parent\" data-id=\"4eb1245\" data-element_type=\"container\" data-e-type=\"container\" data-settings=\"{&quot;background_background&quot;:&quot;classic&quot;}\">\n\t\t\t\t\t<div class=\"e-con-inner\">\n\t\t\t\t<div class=\"elementor-element elementor-element-e5f875b elementor-widget elementor-widget-heading\" data-id=\"e5f875b\" data-element_type=\"widget\" data-e-type=\"widget\" data-widget_type=\"heading.default\">\n\t\t\t\t\t<h1 class=\"elementor-heading-title elementor-size-default\">Approccio<\/h1>\t\t\t\t<\/div>\n\t\t\t\t<div class=\"elementor-element elementor-element-50ef3bf elementor-widget elementor-widget-breadcrumbs\" data-id=\"50ef3bf\" data-element_type=\"widget\" data-e-type=\"widget\" data-widget_type=\"breadcrumbs.default\">\n\t\t\t\t\t<p id=\"breadcrumbs\"><span><span><a href=\"https:\/\/lasserhaus.it\/it\/\">Home<\/a><\/span><\/span><\/p>\t\t\t\t<\/div>\n\t\t\t\t\t<\/div>\n\t\t\t\t<\/div>\n\t\t<div class=\"elementor-element elementor-element-a195ba0 e-flex e-con-boxed e-con e-parent\" data-id=\"a195ba0\" data-element_type=\"container\" data-e-type=\"container\">\n\t\t\t\t\t<div class=\"e-con-inner\">\n\t\t\t\t<div class=\"elementor-element elementor-element-0bc27eb elementor-widget elementor-widget-heading\" data-id=\"0bc27eb\" data-element_type=\"widget\" data-e-type=\"widget\" data-widget_type=\"heading.default\">\n\t\t\t\t\t<h2 class=\"elementor-heading-title elementor-size-default\">Come arrivare<\/h2>\t\t\t\t<\/div>\n\t\t\t\t<div class=\"elementor-element elementor-element-bc00f4d elementor-widget elementor-widget-heading\" data-id=\"bc00f4d\" data-element_type=\"widget\" data-e-type=\"widget\" data-widget_type=\"heading.default\">\n\t\t\t\t\t<h3 class=\"elementor-heading-title elementor-size-default\">Trasporto pubblico<\/h3>\t\t\t\t<\/div>\n\t\t\t\t<div class=\"elementor-element elementor-element-63f5b40 elementor-widget__width-initial elementor-widget-tablet__width-inherit elementor-widget elementor-widget-text-editor\" data-id=\"63f5b40\" data-element_type=\"widget\" data-e-type=\"widget\" data-widget_type=\"text-editor.default\">\n\t\t\t\t\t\t\t\t\t<p>Il Lasserhaus si trova in <strong><a href=\"https:\/\/maps.app.goo.gl\/gqr8wc2TpVu1Kbcn8\" target=\"_blank\" rel=\"noopener\">Via Stufles 10<\/a>,<\/strong> a circa 18 minuti a piedi dalla stazione ferroviaria e a 9 minuti dalla stazione degli autobus. Le fermate degli autobus pi\u00f9 vicine sono \u2018Ponte Aquila\u2019 o \u2018Bivio Elvas\u2019. <a href=\"https:\/\/www.suedtirolmobil.info\/it\/\" target=\"_blank\" rel=\"noopener\">Potete pianificare il vostro viaggio con i mezzi pubblici QUI.<\/a><\/p>\n\t\t\t\t\t\t\t\t<\/div>\n\t\t<div class=\"elementor-element elementor-element-735c64f e-con-full e-flex e-con e-child\" data-id=\"735c64f\" data-element_type=\"container\" data-e-type=\"container\">\n\t\t<div class=\"elementor-element elementor-element-ef8b777 e-con-full e-flex e-con e-child\" data-id=\"ef8b777\" data-element_type=\"container\" data-e-type=\"container\">\n\t\t\t\t<div class=\"elementor-element elementor-element-60aff9b elementor-widget elementor-widget-heading\" data-id=\"60aff9b\" data-element_type=\"widget\" data-e-type=\"widget\" data-widget_type=\"heading.default\">\n\t\t\t\t\t<h4 class=\"elementor-heading-title elementor-size-default\">Viaggio in treno<\/h4>\t\t\t\t<\/div>\n\t\t\t\t<div class=\"elementor-element elementor-element-7e04dc3 elementor-widget elementor-widget-text-editor\" data-id=\"7e04dc3\" data-element_type=\"widget\" data-e-type=\"widget\" data-widget_type=\"text-editor.default\">\n\t\t\t\t\t\t\t\t\t<ul>\n<li><a href=\"https:\/\/www.bahn.com\/it\/view\/index.shtml\" target=\"_blank\" rel=\"noopener\">Ferrovia Tedesca<\/a><\/li>\n<li><a href=\"https:\/\/www.oebb.at\/\" target=\"_blank\" rel=\"noopener\">Ferrovia Austriaca<\/a><\/li>\n<li><a href=\"https:\/\/www.sbb.ch\/it\/\" target=\"_blank\" rel=\"noopener\">Ferrovia Svizzera<\/a><\/li>\n<li><a href=\"https:\/\/www.trenitalia.com\/\" target=\"_blank\" rel=\"noopener\">Ferrovia Italiana<\/a><\/li>\n<\/ul>\n\t\t\t\t\t\t\t\t<\/div>\n\t\t\t\t<\/div>\n\t\t<div class=\"elementor-element elementor-element-a109c60 e-con-full e-flex e-con e-child\" data-id=\"a109c60\" data-element_type=\"container\" data-e-type=\"container\">\n\t\t\t\t<div class=\"elementor-element elementor-element-94fe827 elementor-widget elementor-widget-heading\" data-id=\"94fe827\" data-element_type=\"widget\" data-e-type=\"widget\" data-widget_type=\"heading.default\">\n\t\t\t\t\t<h4 class=\"elementor-heading-title elementor-size-default\">Viaggio in aereo<\/h4>\t\t\t\t<\/div>\n\t\t\t\t<div class=\"elementor-element elementor-element-bed3645 elementor-widget elementor-widget-text-editor\" data-id=\"bed3645\" data-element_type=\"widget\" data-e-type=\"widget\" data-widget_type=\"text-editor.default\">\n\t\t\t\t\t\t\t\t\t<ul>\n<li><a href=\"https:\/\/www.skyalps.com\/it\" target=\"_blank\" rel=\"noopener\">Aeroporto Bolzano<\/a><\/li>\n<li><a href=\"https:\/\/www.innsbruck-airport.com\/\" target=\"_blank\" rel=\"noopener\">Aeroporto Innsbruck<\/a><\/li>\n<li><a href=\"https:\/\/www.aeroportoverona.it\/\" target=\"_blank\" rel=\"noopener\">Aeroporto Verona<\/a><\/li>\n<\/ul>\n\t\t\t\t\t\t\t\t<\/div>\n\t\t\t\t<\/div>\n\t\t\t\t<\/div>\n\t\t\t\t<div class=\"elementor-element elementor-element-4ed7123 elementor-widget elementor-widget-heading\" data-id=\"4ed7123\" data-element_type=\"widget\" data-e-type=\"widget\" data-widget_type=\"heading.default\">\n\t\t\t\t\t<h3 class=\"elementor-heading-title elementor-size-default\">Bici<\/h3>\t\t\t\t<\/div>\n\t\t\t\t<div class=\"elementor-element elementor-element-fadc83a elementor-widget__width-initial elementor-widget-tablet__width-inherit elementor-widget elementor-widget-text-editor\" data-id=\"fadc83a\" data-element_type=\"widget\" data-e-type=\"widget\" data-widget_type=\"text-editor.default\">\n\t\t\t\t\t\t\t\t\t<p>L&#8217;Arthotel Lasserhaus si trova direttamente sulla pista ciclabile Brennero-Bolzano, parte della pista ciclabile transfrontaliera Monaco-Verona.<\/p>\n\t\t\t\t\t\t\t\t<\/div>\n\t\t\t\t<div class=\"elementor-element elementor-element-ec6fbc1 elementor-widget elementor-widget-heading\" data-id=\"ec6fbc1\" data-element_type=\"widget\" data-e-type=\"widget\" data-widget_type=\"heading.default\">\n\t\t\t\t\t<h3 class=\"elementor-heading-title elementor-size-default\">S\u00fcdtirol Transfer - Il vostro collegamento in navetta<\/h3>\t\t\t\t<\/div>\n\t\t\t\t<div class=\"elementor-element elementor-element-841ffa3 elementor-widget__width-initial elementor-widget-tablet__width-inherit elementor-widget elementor-widget-text-editor\" data-id=\"841ffa3\" data-element_type=\"widget\" data-e-type=\"widget\" data-widget_type=\"text-editor.default\">\n\t\t\t\t\t\t\t\t\t<p>La macchina \u00e8 in vacanza! Volete raggiungere l&#8217;Alto Adige in modo ecologico in treno o in autobus a lunga percorrenza? La navetta di collegamento del S\u00fcdtirol Transfer vi porta senza stress dalla stazione ferroviaria o degli autobus direttamente al nostro hotel!<\/p>\n<p>Prenotare qui:<\/p>\n\t\t\t\t\t\t\t\t<\/div>\n\t\t\t\t<div class=\"elementor-element elementor-element-12f31b2 elementor-widget elementor-widget-image\" data-id=\"12f31b2\" data-element_type=\"widget\" data-e-type=\"widget\" data-widget_type=\"image.default\">\n\t\t\t\t\t\t\t\t\t\t\t\t\t\t\t\t<a href=\"https:\/\/www.altoadigetransfer.com\/\" target=\"_blank\" aria-label=\"suedtiroltransfer.com\">\n\t\t\t\t\t\t\t<img decoding=\"async\" width=\"200\" height=\"36\" src=\"https:\/\/lasserhaus.it\/wp-content\/uploads\/2024\/10\/logo_final_positiv.png\" class=\"attachment-large size-large wp-image-3064\" alt=\"S\u00fcdtirol Transfer Logo\" \/>\t\t\t\t\t\t\t\t<\/a>\n\t\t\t\t\t\t\t\t\t\t\t\t\t\t\t<\/div>\n\t\t\t\t<div class=\"elementor-element elementor-element-aefdcf0 elementor-widget elementor-widget-heading\" data-id=\"aefdcf0\" data-element_type=\"widget\" data-e-type=\"widget\" data-widget_type=\"heading.default\">\n\t\t\t\t\t<h3 class=\"elementor-heading-title elementor-size-default\">Auto o moto<\/h3>\t\t\t\t<\/div>\n\t\t\t\t<div class=\"elementor-element elementor-element-92bd344 elementor-widget__width-initial elementor-widget-tablet__width-inherit elementor-widget elementor-widget-text-editor\" data-id=\"92bd344\" data-element_type=\"widget\" data-e-type=\"widget\" data-widget_type=\"text-editor.default\">\n\t\t\t\t\t\t\t\t\t<p>L&#8217;Hotel Lasserhaus si trova proprio accanto al Ponte Aquila, in una zona a traffico limitato.<\/p>\n<p>Per il\u00a0check-in\u00a0\u00e8 possibile arrivare in auto direttamente fino alla porta d\u2019ingresso e parcheggiare per un massimo di\u00a015 minuti\u00a0per\u00a0caricare\/scaricare\u00a0i bagagli.<\/p>\n<p><span lang=\"IT\">S<\/span><span lang=\"IT\">u richiesta, possiamo prenotare un posto auto nel nostro garage privato Viertel Garage al costo di 25 \u20ac\/giorno. Vi preghiamo di comunicarci al momento della prenotazione se desiderate usufruire di questa opzione. Il nostro Viertel Garage si trova in Via Alta dell\u2019Angelo Custode 24-26, a circa 200 metri dall\u2019hotel. Alternative: Parcheggio pubblico Stufles, Via Cesare-Battisti o parcheggio pubblico Priel\/Acquarena.<\/span><\/p>\n\t\t\t\t\t\t\t\t<\/div>\n\t\t<div class=\"elementor-element elementor-element-dc3cb6d e-con-full e-flex e-con e-child\" data-id=\"dc3cb6d\" data-element_type=\"container\" data-e-type=\"container\">\n\t\t\t\t<div class=\"elementor-element elementor-element-fefc98e elementor-widget elementor-widget-text-editor\" data-id=\"fefc98e\" data-element_type=\"widget\" data-e-type=\"widget\" data-widget_type=\"text-editor.default\">\n\t\t\t\t\t\t\t\t\t<ul>\n<li><a href=\"https:\/\/traffico.provincia.bz.it\/default.asp\" target=\"_blank\" rel=\"noopener\">Bollettino del traffico<\/a><\/li>\n<li><a href=\"https:\/\/www.autobrennero.it\/\" target=\"_blank\" rel=\"noopener\">Autostrada del Brennero<\/a><\/li>\n<\/ul>\n\t\t\t\t\t\t\t\t<\/div>\n\t\t\t\t<\/div>\n\t\t\t\t<div class=\"elementor-element elementor-element-e8ed103 elementor-widget elementor-widget-html\" data-id=\"e8ed103\" data-element_type=\"widget\" data-e-type=\"widget\" data-widget_type=\"html.default\">\n\t\t\t\t\t<odh-howtoarriveinsouthtyrol-widget data-color=\"#282828\" data-filter=\"\" data-hideaccommodations=\"true\" data-lang=\"it\" data-random=\"false\"><\/odh-howtoarriveinsouthtyrol-widget><br><script src=\"https:\/\/cdn.webcomponents.opendatahub.com\/dist\/e743026a-e53d-4898-b886-e0ac1d9a0c48\/widget.js\"><\/script>\t\t\t\t<\/div>\n\t\t\t\t\t<\/div>\n\t\t\t\t<\/div>\n\t\t<div class=\"elementor-element elementor-element-03d93e4 e-con-full e-flex e-con e-parent\" data-id=\"03d93e4\" data-element_type=\"container\" data-e-type=\"container\">\n\t\t\t\t<div class=\"elementor-element elementor-element-ab83618 elementor-widget elementor-widget-shortcode\" data-id=\"ab83618\" data-element_type=\"widget\" data-e-type=\"widget\" data-widget_type=\"shortcode.default\">\n\t\t\t\t\t\t\t<div class=\"elementor-shortcode\">\t\t<div data-elementor-type=\"container\" data-elementor-id=\"1892\" class=\"elementor elementor-1892 elementor-1889\" data-elementor-post-type=\"elementor_library\">\n\t\t\t\t<div class=\"elementor-element elementor-element-2085d11 e-flex e-con-boxed e-con e-parent\" data-id=\"2085d11\" data-element_type=\"container\" data-e-type=\"container\" data-settings=\"{&quot;background_background&quot;:&quot;classic&quot;}\">\n\t\t\t\t\t<div class=\"e-con-inner\">\n\t\t<div class=\"elementor-element elementor-element-60fa684 e-flex e-con-boxed e-con e-child\" data-id=\"60fa684\" data-element_type=\"container\" data-e-type=\"container\">\n\t\t\t\t\t<div class=\"e-con-inner\">\n\t\t\t\t<div class=\"elementor-element elementor-element-5568d02 elementor-widget elementor-widget-heading\" data-id=\"5568d02\" data-element_type=\"widget\" data-e-type=\"widget\" data-widget_type=\"heading.default\">\n\t\t\t\t\t<h2 class=\"elementor-heading-title elementor-size-default\">Delizie culinarie e atmosfera cittadina a pochi passi di distanza<\/h2>\t\t\t\t<\/div>\n\t\t\t\t\t<\/div>\n\t\t\t\t<\/div>\n\t\t<div class=\"elementor-element elementor-element-585c62d e-con-full e-flex e-con e-child\" data-id=\"585c62d\" data-element_type=\"container\" data-e-type=\"container\">\n\t\t<div class=\"elementor-element elementor-element-3f596e6 e-flex e-con-boxed e-con e-child\" data-id=\"3f596e6\" data-element_type=\"container\" data-e-type=\"container\">\n\t\t\t\t\t<div class=\"e-con-inner\">\n\t\t\t\t<div class=\"elementor-element elementor-element-6063040 elementor-widget elementor-widget-heading\" data-id=\"6063040\" data-element_type=\"widget\" data-e-type=\"widget\" data-widget_type=\"heading.default\">\n\t\t\t\t\t<h3 class=\"elementor-heading-title elementor-size-default\"> Delizie culinarie<br>nel \"Alter Schlachthof\"<\/h3>\t\t\t\t<\/div>\n\t\t\t\t<div class=\"elementor-element elementor-element-9f0dff8 elementor-widget elementor-widget-image\" data-id=\"9f0dff8\" data-element_type=\"widget\" data-e-type=\"widget\" data-widget_type=\"image.default\">\n\t\t\t\t\t\t\t\t\t\t\t\t\t\t\t<img fetchpriority=\"high\" decoding=\"async\" width=\"1024\" height=\"683\" src=\"https:\/\/lasserhaus.it\/wp-content\/uploads\/2024\/10\/alter-schlachthof-kulinarik-1.jpg\" class=\"attachment-large size-large wp-image-2652\" alt=\"Das Bild zeigt einen gedeckten Tisch im Restaurant Alter Schlachthof in Brixen. Auf dem Tisch befinden sich ein Steak, Salate, das hauseigene Viertel Bier und S\u00fcsskartoffel Spalten.\" srcset=\"https:\/\/lasserhaus.it\/wp-content\/uploads\/2024\/10\/alter-schlachthof-kulinarik-1.jpg 1024w, https:\/\/lasserhaus.it\/wp-content\/uploads\/2024\/10\/alter-schlachthof-kulinarik-1-300x200.jpg 300w, https:\/\/lasserhaus.it\/wp-content\/uploads\/2024\/10\/alter-schlachthof-kulinarik-1-768x512.jpg 768w\" sizes=\"(max-width: 1024px) 100vw, 1024px\" \/>\t\t\t\t\t\t\t\t\t\t\t\t\t\t\t<\/div>\n\t\t\t\t<div class=\"elementor-element elementor-element-65f7bd3 elementor-widget elementor-widget-text-editor\" data-id=\"65f7bd3\" data-element_type=\"widget\" data-e-type=\"widget\" data-widget_type=\"text-editor.default\">\n\t\t\t\t\t\t\t\t\t<p>Nel nostro ristorante Alter Schlachthof utilizziamo il maggior numero possibile di prodotti provenienti da agricoltori locali e da fornitori selezionati nelle immediate vicinanze. Questo vale sia per i classici altoatesini che per le escursioni nella cucina internazionale.<\/p>\n\t\t\t\t\t\t\t\t<\/div>\n\t\t\t\t\t<\/div>\n\t\t\t\t<\/div>\n\t\t<div class=\"elementor-element elementor-element-44ffff7 e-flex e-con-boxed e-con e-child\" data-id=\"44ffff7\" data-element_type=\"container\" data-e-type=\"container\">\n\t\t\t\t\t<div class=\"e-con-inner\">\n\t\t\t\t<div class=\"elementor-element elementor-element-fe2163b elementor-widget elementor-widget-heading\" data-id=\"fe2163b\" data-element_type=\"widget\" data-e-type=\"widget\" data-widget_type=\"heading.default\">\n\t\t\t\t\t<h3 class=\"elementor-heading-title elementor-size-default\">\u201cAperitivo-Time\u201d nella<br>Viertel Bar<\/h3>\t\t\t\t<\/div>\n\t\t\t\t<div class=\"elementor-element elementor-element-f9e9f88 elementor-widget elementor-widget-image\" data-id=\"f9e9f88\" data-element_type=\"widget\" data-e-type=\"widget\" data-widget_type=\"image.default\">\n\t\t\t\t\t\t\t\t\t\t\t\t\t\t\t<img decoding=\"async\" width=\"1024\" height=\"683\" src=\"https:\/\/lasserhaus.it\/wp-content\/uploads\/2024\/10\/K2A6739-web-\u00a9freiundzeit-1024x683.jpg\" class=\"attachment-large size-large wp-image-2602\" alt=\"Das 3 H\u00e4nde mit verschiedenen Getr\u00e4nken in der Viertel Bar in der Brixner Innenstadt beim Ansto\u00dfen\" srcset=\"https:\/\/lasserhaus.it\/wp-content\/uploads\/2024\/10\/K2A6739-web-\u00a9freiundzeit-1024x683.jpg 1024w, https:\/\/lasserhaus.it\/wp-content\/uploads\/2024\/10\/K2A6739-web-\u00a9freiundzeit-300x200.jpg 300w, https:\/\/lasserhaus.it\/wp-content\/uploads\/2024\/10\/K2A6739-web-\u00a9freiundzeit-768x512.jpg 768w, https:\/\/lasserhaus.it\/wp-content\/uploads\/2024\/10\/K2A6739-web-\u00a9freiundzeit-1536x1025.jpg 1536w, https:\/\/lasserhaus.it\/wp-content\/uploads\/2024\/10\/K2A6739-web-\u00a9freiundzeit.jpg 2048w\" sizes=\"(max-width: 1024px) 100vw, 1024px\" \/>\t\t\t\t\t\t\t\t\t\t\t\t\t\t\t<\/div>\n\t\t\t\t<div class=\"elementor-element elementor-element-84b9970 elementor-widget elementor-widget-text-editor\" data-id=\"84b9970\" data-element_type=\"widget\" data-e-type=\"widget\" data-widget_type=\"text-editor.default\">\n\t\t\t\t\t\t\t\t\t<p>Godetevi un\u2019ampia scelta di bevande e deliziosi piatti semplici e antipasti nel nostro Viertel Bar nel centro di Bressanone. L\u2019elegante bar e l\u2019area esterna con vista sulla torre bianca invitano giovani e meno giovani a soffermarsi.<\/p>\n\t\t\t\t\t\t\t\t<\/div>\n\t\t\t\t\t<\/div>\n\t\t\t\t<\/div>\n\t\t\t\t<\/div>\n\t\t\t\t\t<\/div>\n\t\t\t\t<\/div>\n\t\t\t\t<\/div>\n\t\t<\/div>\n\t\t\t\t\t\t<\/div>\n\t\t\t\t<\/div>\n\t\t\t\t<\/div>\n\t\t","protected":false},"excerpt":{"rendered":"<p>Approccio Come arrivare Trasporto pubblico Il Lasserhaus si trova in Via Stufles 10, a circa 18 minuti a piedi dalla stazione ferroviaria e a 9 minuti dalla stazione degli autobus. Le fermate degli autobus pi\u00f9 vicine sono \u2018Ponte Aquila\u2019 o \u2018Bivio Elvas\u2019. Potete pianificare il vostro viaggio con i mezzi pubblici QUI. Viaggio in treno [&hellip;]<\/p>\n","protected":false},"author":1,"featured_media":3061,"parent":0,"menu_order":0,"comment_status":"closed","ping_status":"closed","template":"","meta":{"_acf_changed":false},"class_list":["post-3072","page","type-page","status-publish","has-post-thumbnail","hentry"],"acf":[],"yoast_head":"<!-- This site is optimized with the Yoast SEO plugin v27.2 - https:\/\/yoast.com\/product\/yoast-seo-wordpress\/ -->\n<title>Approccio - Lasserhaus<\/title>\n<meta name=\"robots\" content=\"index, follow, max-snippet:-1, max-image-preview:large, max-video-preview:-1\" \/>\n<link rel=\"canonical\" href=\"https:\/\/lasserhaus.it\/it\/approccio\/\" \/>\n<meta property=\"og:locale\" content=\"it_IT\" \/>\n<meta property=\"og:type\" content=\"article\" \/>\n<meta property=\"og:title\" content=\"Approccio - Lasserhaus\" \/>\n<meta property=\"og:description\" content=\"Approccio Come arrivare Trasporto pubblico Il Lasserhaus si trova in Via Stufles 10, a circa 18 minuti a piedi dalla stazione ferroviaria e a 9 minuti dalla stazione degli autobus. Le fermate degli autobus pi\u00f9 vicine sono \u2018Ponte Aquila\u2019 o \u2018Bivio Elvas\u2019. Potete pianificare il vostro viaggio con i mezzi pubblici QUI. Viaggio in treno [&hellip;]\" \/>\n<meta property=\"og:url\" content=\"https:\/\/lasserhaus.it\/it\/approccio\/\" \/>\n<meta property=\"og:site_name\" content=\"Lasserhaus\" \/>\n<meta property=\"article:modified_time\" content=\"2025-06-04T09:30:17+00:00\" \/>\n<meta property=\"og:image\" content=\"https:\/\/lasserhaus.it\/wp-content\/uploads\/2024\/10\/\ufffc_K2A3794-1-web-\u00a9freiundzeit.jpg\" \/>\n\t<meta property=\"og:image:width\" content=\"2048\" \/>\n\t<meta property=\"og:image:height\" content=\"1366\" \/>\n\t<meta property=\"og:image:type\" content=\"image\/jpeg\" \/>\n<meta name=\"twitter:card\" content=\"summary_large_image\" \/>\n<meta name=\"twitter:label1\" content=\"Tempo di lettura stimato\" \/>\n\t<meta name=\"twitter:data1\" content=\"1 minuto\" \/>\n<script type=\"application\/ld+json\" class=\"yoast-schema-graph\">{\"@context\":\"https:\/\/schema.org\",\"@graph\":[{\"@type\":\"WebPage\",\"@id\":\"https:\/\/lasserhaus.it\/it\/approccio\/\",\"url\":\"https:\/\/lasserhaus.it\/it\/approccio\/\",\"name\":\"Approccio - Lasserhaus\",\"isPartOf\":{\"@id\":\"https:\/\/lasserhaus.it\/it\/#website\"},\"primaryImageOfPage\":{\"@id\":\"https:\/\/lasserhaus.it\/it\/approccio\/#primaryimage\"},\"image\":{\"@id\":\"https:\/\/lasserhaus.it\/it\/approccio\/#primaryimage\"},\"thumbnailUrl\":\"https:\/\/lasserhaus.it\/wp-content\/uploads\/2024\/10\/\ufffc_K2A3794-1-web-\u00a9freiundzeit.jpg\",\"datePublished\":\"2024-10-25T07:50:35+00:00\",\"dateModified\":\"2025-06-04T09:30:17+00:00\",\"breadcrumb\":{\"@id\":\"https:\/\/lasserhaus.it\/it\/approccio\/#breadcrumb\"},\"inLanguage\":\"it-IT\",\"potentialAction\":[{\"@type\":\"ReadAction\",\"target\":[\"https:\/\/lasserhaus.it\/it\/approccio\/\"]}]},{\"@type\":\"ImageObject\",\"inLanguage\":\"it-IT\",\"@id\":\"https:\/\/lasserhaus.it\/it\/approccio\/#primaryimage\",\"url\":\"https:\/\/lasserhaus.it\/wp-content\/uploads\/2024\/10\/\ufffc_K2A3794-1-web-\u00a9freiundzeit.jpg\",\"contentUrl\":\"https:\/\/lasserhaus.it\/wp-content\/uploads\/2024\/10\/\ufffc_K2A3794-1-web-\u00a9freiundzeit.jpg\",\"width\":2048,\"height\":1366,\"caption\":\"Das Bild zeigt die Fassade des Lasserhaus bei Tageslicht\"},{\"@type\":\"BreadcrumbList\",\"@id\":\"https:\/\/lasserhaus.it\/it\/approccio\/#breadcrumb\",\"itemListElement\":[{\"@type\":\"ListItem\",\"position\":1,\"name\":\"Home\",\"item\":\"https:\/\/lasserhaus.it\/it\/\"},{\"@type\":\"ListItem\",\"position\":2,\"name\":\"Approccio\"}]},{\"@type\":\"WebSite\",\"@id\":\"https:\/\/lasserhaus.it\/it\/#website\",\"url\":\"https:\/\/lasserhaus.it\/it\/\",\"name\":\"Lasserhaus\",\"description\":\"\",\"publisher\":{\"@id\":\"https:\/\/lasserhaus.it\/it\/#organization\"},\"potentialAction\":[{\"@type\":\"SearchAction\",\"target\":{\"@type\":\"EntryPoint\",\"urlTemplate\":\"https:\/\/lasserhaus.it\/it\/?s={search_term_string}\"},\"query-input\":{\"@type\":\"PropertyValueSpecification\",\"valueRequired\":true,\"valueName\":\"search_term_string\"}}],\"inLanguage\":\"it-IT\"},{\"@type\":\"Organization\",\"@id\":\"https:\/\/lasserhaus.it\/it\/#organization\",\"name\":\"Lasserhaus\",\"url\":\"https:\/\/lasserhaus.it\/it\/\",\"logo\":{\"@type\":\"ImageObject\",\"inLanguage\":\"it-IT\",\"@id\":\"https:\/\/lasserhaus.it\/it\/#\/schema\/logo\/image\/\",\"url\":\"https:\/\/lasserhaus.it\/wp-content\/uploads\/2023\/04\/lasserhaus-logo-web.jpg\",\"contentUrl\":\"https:\/\/lasserhaus.it\/wp-content\/uploads\/2023\/04\/lasserhaus-logo-web.jpg\",\"width\":866,\"height\":460,\"caption\":\"Lasserhaus\"},\"image\":{\"@id\":\"https:\/\/lasserhaus.it\/it\/#\/schema\/logo\/image\/\"}}]}<\/script>\n<!-- \/ Yoast SEO plugin. -->","yoast_head_json":{"title":"Approccio - Lasserhaus","robots":{"index":"index","follow":"follow","max-snippet":"max-snippet:-1","max-image-preview":"max-image-preview:large","max-video-preview":"max-video-preview:-1"},"canonical":"https:\/\/lasserhaus.it\/it\/approccio\/","og_locale":"it_IT","og_type":"article","og_title":"Approccio - Lasserhaus","og_description":"Approccio Come arrivare Trasporto pubblico Il Lasserhaus si trova in Via Stufles 10, a circa 18 minuti a piedi dalla stazione ferroviaria e a 9 minuti dalla stazione degli autobus. Le fermate degli autobus pi\u00f9 vicine sono \u2018Ponte Aquila\u2019 o \u2018Bivio Elvas\u2019. Potete pianificare il vostro viaggio con i mezzi pubblici QUI. Viaggio in treno [&hellip;]","og_url":"https:\/\/lasserhaus.it\/it\/approccio\/","og_site_name":"Lasserhaus","article_modified_time":"2025-06-04T09:30:17+00:00","og_image":[{"width":2048,"height":1366,"url":"https:\/\/lasserhaus.it\/wp-content\/uploads\/2024\/10\/\ufffc_K2A3794-1-web-\u00a9freiundzeit.jpg","type":"image\/jpeg"}],"twitter_card":"summary_large_image","twitter_misc":{"Tempo di lettura stimato":"1 minuto"},"schema":{"@context":"https:\/\/schema.org","@graph":[{"@type":"WebPage","@id":"https:\/\/lasserhaus.it\/it\/approccio\/","url":"https:\/\/lasserhaus.it\/it\/approccio\/","name":"Approccio - Lasserhaus","isPartOf":{"@id":"https:\/\/lasserhaus.it\/it\/#website"},"primaryImageOfPage":{"@id":"https:\/\/lasserhaus.it\/it\/approccio\/#primaryimage"},"image":{"@id":"https:\/\/lasserhaus.it\/it\/approccio\/#primaryimage"},"thumbnailUrl":"https:\/\/lasserhaus.it\/wp-content\/uploads\/2024\/10\/\ufffc_K2A3794-1-web-\u00a9freiundzeit.jpg","datePublished":"2024-10-25T07:50:35+00:00","dateModified":"2025-06-04T09:30:17+00:00","breadcrumb":{"@id":"https:\/\/lasserhaus.it\/it\/approccio\/#breadcrumb"},"inLanguage":"it-IT","potentialAction":[{"@type":"ReadAction","target":["https:\/\/lasserhaus.it\/it\/approccio\/"]}]},{"@type":"ImageObject","inLanguage":"it-IT","@id":"https:\/\/lasserhaus.it\/it\/approccio\/#primaryimage","url":"https:\/\/lasserhaus.it\/wp-content\/uploads\/2024\/10\/\ufffc_K2A3794-1-web-\u00a9freiundzeit.jpg","contentUrl":"https:\/\/lasserhaus.it\/wp-content\/uploads\/2024\/10\/\ufffc_K2A3794-1-web-\u00a9freiundzeit.jpg","width":2048,"height":1366,"caption":"Das Bild zeigt die Fassade des Lasserhaus bei Tageslicht"},{"@type":"BreadcrumbList","@id":"https:\/\/lasserhaus.it\/it\/approccio\/#breadcrumb","itemListElement":[{"@type":"ListItem","position":1,"name":"Home","item":"https:\/\/lasserhaus.it\/it\/"},{"@type":"ListItem","position":2,"name":"Approccio"}]},{"@type":"WebSite","@id":"https:\/\/lasserhaus.it\/it\/#website","url":"https:\/\/lasserhaus.it\/it\/","name":"Lasserhaus","description":"","publisher":{"@id":"https:\/\/lasserhaus.it\/it\/#organization"},"potentialAction":[{"@type":"SearchAction","target":{"@type":"EntryPoint","urlTemplate":"https:\/\/lasserhaus.it\/it\/?s={search_term_string}"},"query-input":{"@type":"PropertyValueSpecification","valueRequired":true,"valueName":"search_term_string"}}],"inLanguage":"it-IT"},{"@type":"Organization","@id":"https:\/\/lasserhaus.it\/it\/#organization","name":"Lasserhaus","url":"https:\/\/lasserhaus.it\/it\/","logo":{"@type":"ImageObject","inLanguage":"it-IT","@id":"https:\/\/lasserhaus.it\/it\/#\/schema\/logo\/image\/","url":"https:\/\/lasserhaus.it\/wp-content\/uploads\/2023\/04\/lasserhaus-logo-web.jpg","contentUrl":"https:\/\/lasserhaus.it\/wp-content\/uploads\/2023\/04\/lasserhaus-logo-web.jpg","width":866,"height":460,"caption":"Lasserhaus"},"image":{"@id":"https:\/\/lasserhaus.it\/it\/#\/schema\/logo\/image\/"}}]}},"_links":{"self":[{"href":"https:\/\/lasserhaus.it\/it\/wp-json\/wp\/v2\/pages\/3072","targetHints":{"allow":["GET"]}}],"collection":[{"href":"https:\/\/lasserhaus.it\/it\/wp-json\/wp\/v2\/pages"}],"about":[{"href":"https:\/\/lasserhaus.it\/it\/wp-json\/wp\/v2\/types\/page"}],"author":[{"embeddable":true,"href":"https:\/\/lasserhaus.it\/it\/wp-json\/wp\/v2\/users\/1"}],"replies":[{"embeddable":true,"href":"https:\/\/lasserhaus.it\/it\/wp-json\/wp\/v2\/comments?post=3072"}],"version-history":[{"count":3,"href":"https:\/\/lasserhaus.it\/it\/wp-json\/wp\/v2\/pages\/3072\/revisions"}],"predecessor-version":[{"id":3754,"href":"https:\/\/lasserhaus.it\/it\/wp-json\/wp\/v2\/pages\/3072\/revisions\/3754"}],"wp:featuredmedia":[{"embeddable":true,"href":"https:\/\/lasserhaus.it\/it\/wp-json\/wp\/v2\/media\/3061"}],"wp:attachment":[{"href":"https:\/\/lasserhaus.it\/it\/wp-json\/wp\/v2\/media?parent=3072"}],"curies":[{"name":"wp","href":"https:\/\/api.w.org\/{rel}","templated":true}]}}