{"id":2679,"date":"2024-10-17T14:36:27","date_gmt":"2024-10-17T12:36:27","guid":{"rendered":"https:\/\/staging.lasserhaus.it\/storia-e-architettura\/"},"modified":"2024-10-23T17:24:26","modified_gmt":"2024-10-23T15:24:26","slug":"storia-e-architettura","status":"publish","type":"page","link":"https:\/\/lasserhaus.it\/it\/storia-e-architettura\/","title":{"rendered":"Storia e architettura"},"content":{"rendered":"\t\t<div data-elementor-type=\"wp-page\" data-elementor-id=\"2679\" class=\"elementor elementor-2679 elementor-2656\" data-elementor-post-type=\"page\">\n\t\t\t\t<div class=\"elementor-element elementor-element-7768ea3 e-flex e-con-boxed e-con e-parent\" data-id=\"7768ea3\" data-element_type=\"container\" data-e-type=\"container\" data-settings=\"{&quot;background_background&quot;:&quot;classic&quot;}\">\n\t\t\t\t\t<div class=\"e-con-inner\">\n\t\t\t\t<div class=\"elementor-element elementor-element-ec3dbd7 elementor-widget elementor-widget-heading\" data-id=\"ec3dbd7\" data-element_type=\"widget\" data-e-type=\"widget\" data-widget_type=\"heading.default\">\n\t\t\t\t\t<h1 class=\"elementor-heading-title elementor-size-default\">Storia e architettura<\/h1>\t\t\t\t<\/div>\n\t\t\t\t<div class=\"elementor-element elementor-element-45c44db elementor-widget elementor-widget-breadcrumbs\" data-id=\"45c44db\" data-element_type=\"widget\" data-e-type=\"widget\" data-widget_type=\"breadcrumbs.default\">\n\t\t\t\t\t<p id=\"breadcrumbs\"><span><span><a href=\"https:\/\/lasserhaus.it\/it\/\">Home<\/a><\/span><\/span><\/p>\t\t\t\t<\/div>\n\t\t\t\t\t<\/div>\n\t\t\t\t<\/div>\n\t\t<div class=\"elementor-element elementor-element-5486e57 e-flex e-con-boxed e-con e-parent\" data-id=\"5486e57\" data-element_type=\"container\" data-e-type=\"container\">\n\t\t\t\t\t<div class=\"e-con-inner\">\n\t\t\t\t<div class=\"elementor-element elementor-element-d2ac76a elementor-widget__width-initial elementor-widget elementor-widget-heading\" data-id=\"d2ac76a\" data-element_type=\"widget\" data-e-type=\"widget\" data-widget_type=\"heading.default\">\n\t\t\t\t\t<h2 class=\"elementor-heading-title elementor-size-default\">La Casa Lasser \u2013 Arthotel - , una grande dama del 15. secolo<\/h2>\t\t\t\t<\/div>\n\t\t\t\t<div class=\"elementor-element elementor-element-367f4b6 elementor-widget__width-initial elementor-widget-tablet__width-inherit elementor-widget elementor-widget-text-editor\" data-id=\"367f4b6\" data-element_type=\"widget\" data-e-type=\"widget\" data-widget_type=\"text-editor.default\">\n\t\t\t\t\t\t\t\t\t<p>La Lasserhaus si trova nella parte pi\u00f9 antica di Stufles a Bressanone. Questo gioiello tutelato, risalente al 1642, era originariamente di propriet\u00e0 della famiglia Bischof o Pisch\u00f6ffl di Stufles. \u00c8 una delle poche case nobiliari di Stufles che ha conservato il suo carattere antico. Particolarmente interessanti sono le colorate pitture murali sulla facciata. Raffigurano la <em>Regina del Rosario, l&#8217;Annunciazione, la Fuga in Egitto, Adamo ed Eva, Florian e Ulrich.<\/em> L&#8217;anno 1642 sopra l&#8217;arco di pietra segna la ristrutturazione della casa da parte dell&#8217;allora proprietario Georg Kempter. Fu lui ad acquistare la vicina \u201cSch\u00fctzenh\u00e4usl\u201d nel 1659, che in seguito ricostru\u00ec e un\u00ec per formare un grande insieme. Degno di nota \u00e8 anche l&#8217;imponente \u2018Gade\u2019 a quattro piani della vicina \u2018Glaserhaus\u2019, anch&#8217;essa aggiunta al conglomerato di edifici nel corso del tempo.<\/p>\n<p>Una caratteristica particolare \u00e8 la presenza di due scale, che possono essere attribuite alla fusione di diverse unit\u00e0 edilizie. Come tutte le case patrizie, la casa aveva una propria cappella. Nel 1895 Ida von Lasser eredit\u00f2 la casa, rimasta senza figli per oltre 200 anni.<\/p>\n<p>Nel corso dei secoli la casa \u00e8 stata ristrutturata pi\u00f9 volte e fino a poco tempo fa ha ospitato diverse famiglie di Bressanone. Nel 2023, la casa \u00e8 stata accuratamente ristrutturata dagli architetti milanesi Vudafieri Saverino Partners e trasformata in un&#8217;esclusiva guest house su due livelli.<\/p>\n<p>Per l&#8217;edificio, interamente tutelato, gli architetti hanno sviluppato un concept incentrato sul dialogo tra storia e contemporaneit\u00e0. Con un approccio sempre attento al contesto e rispettoso del genius loci, lo studio milanese ha reinterpretato gli elementi originali della residenza e li ha riuniti nel nuovo Arthotel in modo equilibrato con scelte di design contemporaneo. Il progetto riflette le peculiarit\u00e0 della citt\u00e0 vescovile di Bressanone, capace di coniugare la sua tradizione e atmosfera medievale con proposte culturali all&#8217;avanguardia. Su commissione della famiglia Faller, proprietaria dell&#8217;antico edificio da oltre 80 anni, gli spazi sono stati suddivisi e i primi due piani sono stati trasformati in un Arthotel 4 stelle superior, mentre gli ultimi due piani sono stati adibiti a residenza privata della famiglia. La nuova struttura, dedicata all&#8217;ospitalit\u00e0, \u00e8 composta da dieci camere &#8211; di cui tre suite, sei doppie e una singola &#8211; dall&#8217;atmosfera intima e raffinata, dove la collezione di dipinti classici della famiglia Faller incontra opere di artisti contemporanei, rendendo lo spazio un nuovo polo di attrazione per la comunit\u00e0.<\/p>\n\t\t\t\t\t\t\t\t<\/div>\n\t\t<div class=\"elementor-element elementor-element-57a11fe e-con-full e-flex e-con e-child\" data-id=\"57a11fe\" data-element_type=\"container\" data-e-type=\"container\">\n\t\t\t\t<div class=\"elementor-element elementor-element-2e74573 elementor-widget elementor-widget-gallery\" data-id=\"2e74573\" data-element_type=\"widget\" data-e-type=\"widget\" data-settings=\"{&quot;gallery_layout&quot;:&quot;justified&quot;,&quot;ideal_row_height&quot;:{&quot;unit&quot;:&quot;px&quot;,&quot;size&quot;:500,&quot;sizes&quot;:[]},&quot;ideal_row_height_tablet&quot;:{&quot;unit&quot;:&quot;px&quot;,&quot;size&quot;:246,&quot;sizes&quot;:[]},&quot;lazyload&quot;:&quot;yes&quot;,&quot;ideal_row_height_mobile&quot;:{&quot;unit&quot;:&quot;px&quot;,&quot;size&quot;:150,&quot;sizes&quot;:[]},&quot;gap&quot;:{&quot;unit&quot;:&quot;px&quot;,&quot;size&quot;:10,&quot;sizes&quot;:[]},&quot;gap_tablet&quot;:{&quot;unit&quot;:&quot;px&quot;,&quot;size&quot;:10,&quot;sizes&quot;:[]},&quot;gap_mobile&quot;:{&quot;unit&quot;:&quot;px&quot;,&quot;size&quot;:10,&quot;sizes&quot;:[]},&quot;link_to&quot;:&quot;file&quot;,&quot;overlay_background&quot;:&quot;yes&quot;,&quot;content_hover_animation&quot;:&quot;fade-in&quot;}\" data-widget_type=\"gallery.default\">\n\t\t\t\t\t\t\t<div class=\"elementor-gallery__container\">\n\t\t\t\t\t\t\t<a class=\"e-gallery-item elementor-gallery-item elementor-animated-content\" href=\"https:\/\/lasserhaus.it\/wp-content\/uploads\/2024\/10\/Lasserhaus-49.jpg\" data-elementor-open-lightbox=\"yes\" data-elementor-lightbox-slideshow=\"2e74573\" data-e-action-hash=\"#elementor-action%3Aaction%3Dlightbox%26settings%3DeyJpZCI6MjY2MywidXJsIjoiaHR0cHM6XC9cL2xhc3NlcmhhdXMuaXRcL3dwLWNvbnRlbnRcL3VwbG9hZHNcLzIwMjRcLzEwXC9MYXNzZXJoYXVzLTQ5LmpwZyIsInNsaWRlc2hvdyI6IjJlNzQ1NzMifQ%3D%3D\">\n\t\t\t\t\t<div class=\"e-gallery-image elementor-gallery-item__image\" data-thumbnail=\"https:\/\/lasserhaus.it\/wp-content\/uploads\/2024\/10\/Lasserhaus-49-1024x683.jpg\" data-width=\"1024\" data-height=\"683\" aria-label=\"Eine Adlerfigur mit aufgerissenem Schnabel und weit gespreizten Fl\u00fcgeln an der Aussenwand der Arthotel Lasserhaus 4****s in Brixen\" role=\"img\" ><\/div>\n\t\t\t\t\t\t\t\t\t\t\t<div class=\"elementor-gallery-item__overlay\"><\/div>\n\t\t\t\t\t\t\t\t\t\t\t\t\t\t<\/a>\n\t\t\t\t\t\t\t<a class=\"e-gallery-item elementor-gallery-item elementor-animated-content\" href=\"https:\/\/lasserhaus.it\/wp-content\/uploads\/2024\/10\/Brixen-Herbst-c-Brixen-Tourismus_Philipp-Seyr.jpg\" data-elementor-open-lightbox=\"yes\" data-elementor-lightbox-slideshow=\"2e74573\" data-e-action-hash=\"#elementor-action%3Aaction%3Dlightbox%26settings%3DeyJpZCI6Mjk4MywidXJsIjoiaHR0cHM6XC9cL2xhc3NlcmhhdXMuaXRcL3dwLWNvbnRlbnRcL3VwbG9hZHNcLzIwMjRcLzEwXC9Ccml4ZW4tSGVyYnN0LWMtQnJpeGVuLVRvdXJpc211c19QaGlsaXBwLVNleXIuanBnIiwic2xpZGVzaG93IjoiMmU3NDU3MyJ9\">\n\t\t\t\t\t<div class=\"e-gallery-image elementor-gallery-item__image\" data-thumbnail=\"https:\/\/lasserhaus.it\/wp-content\/uploads\/2024\/10\/Brixen-Herbst-c-Brixen-Tourismus_Philipp-Seyr-683x1024.jpg\" data-width=\"683\" data-height=\"1024\" aria-label=\"Das Bild zeigt eine malerische Gasse in Stufels\" role=\"img\" ><\/div>\n\t\t\t\t\t\t\t\t\t\t\t<div class=\"elementor-gallery-item__overlay\"><\/div>\n\t\t\t\t\t\t\t\t\t\t\t\t\t\t<\/a>\n\t\t\t\t\t<\/div>\n\t\t\t\t\t<\/div>\n\t\t\t\t<\/div>\n\t\t\t\t\t<\/div>\n\t\t\t\t<\/div>\n\t\t\t\t<\/div>\n\t\t","protected":false},"excerpt":{"rendered":"<p>Storia e architettura La Casa Lasser \u2013 Arthotel &#8211; , una grande dama del 15. secolo La Lasserhaus si trova nella parte pi\u00f9 antica di Stufles a Bressanone. Questo gioiello tutelato, risalente al 1642, era originariamente di propriet\u00e0 della famiglia Bischof o Pisch\u00f6ffl di Stufles. \u00c8 una delle poche case nobiliari di Stufles che ha [&hellip;]<\/p>\n","protected":false},"author":1,"featured_media":2663,"parent":0,"menu_order":0,"comment_status":"closed","ping_status":"closed","template":"","meta":{"_acf_changed":false},"class_list":["post-2679","page","type-page","status-publish","has-post-thumbnail","hentry"],"acf":[],"yoast_head":"<!-- This site is optimized with the Yoast SEO plugin v27.2 - https:\/\/yoast.com\/product\/yoast-seo-wordpress\/ -->\n<title>Storia e architettura - Lasserhaus<\/title>\n<meta name=\"robots\" content=\"index, follow, max-snippet:-1, max-image-preview:large, max-video-preview:-1\" \/>\n<link rel=\"canonical\" href=\"https:\/\/lasserhaus.it\/it\/storia-e-architettura\/\" \/>\n<meta property=\"og:locale\" content=\"it_IT\" \/>\n<meta property=\"og:type\" content=\"article\" \/>\n<meta property=\"og:title\" content=\"Storia e architettura - Lasserhaus\" \/>\n<meta property=\"og:description\" content=\"Storia e architettura La Casa Lasser \u2013 Arthotel &#8211; , una grande dama del 15. secolo La Lasserhaus si trova nella parte pi\u00f9 antica di Stufles a Bressanone. Questo gioiello tutelato, risalente al 1642, era originariamente di propriet\u00e0 della famiglia Bischof o Pisch\u00f6ffl di Stufles. \u00c8 una delle poche case nobiliari di Stufles che ha [&hellip;]\" \/>\n<meta property=\"og:url\" content=\"https:\/\/lasserhaus.it\/it\/storia-e-architettura\/\" \/>\n<meta property=\"og:site_name\" content=\"Lasserhaus\" \/>\n<meta property=\"article:modified_time\" content=\"2024-10-23T15:24:26+00:00\" \/>\n<meta property=\"og:image\" content=\"https:\/\/lasserhaus.it\/wp-content\/uploads\/2024\/10\/Lasserhaus-49.jpg\" \/>\n\t<meta property=\"og:image:width\" content=\"2048\" \/>\n\t<meta property=\"og:image:height\" content=\"1366\" \/>\n\t<meta property=\"og:image:type\" content=\"image\/jpeg\" \/>\n<meta name=\"twitter:card\" content=\"summary_large_image\" \/>\n<meta name=\"twitter:label1\" content=\"Tempo di lettura stimato\" \/>\n\t<meta name=\"twitter:data1\" content=\"2 minuti\" \/>\n<script type=\"application\/ld+json\" class=\"yoast-schema-graph\">{\"@context\":\"https:\/\/schema.org\",\"@graph\":[{\"@type\":\"WebPage\",\"@id\":\"https:\/\/lasserhaus.it\/it\/storia-e-architettura\/\",\"url\":\"https:\/\/lasserhaus.it\/it\/storia-e-architettura\/\",\"name\":\"Storia e architettura - Lasserhaus\",\"isPartOf\":{\"@id\":\"https:\/\/lasserhaus.it\/it\/#website\"},\"primaryImageOfPage\":{\"@id\":\"https:\/\/lasserhaus.it\/it\/storia-e-architettura\/#primaryimage\"},\"image\":{\"@id\":\"https:\/\/lasserhaus.it\/it\/storia-e-architettura\/#primaryimage\"},\"thumbnailUrl\":\"https:\/\/lasserhaus.it\/wp-content\/uploads\/2024\/10\/Lasserhaus-49.jpg\",\"datePublished\":\"2024-10-17T12:36:27+00:00\",\"dateModified\":\"2024-10-23T15:24:26+00:00\",\"breadcrumb\":{\"@id\":\"https:\/\/lasserhaus.it\/it\/storia-e-architettura\/#breadcrumb\"},\"inLanguage\":\"it-IT\",\"potentialAction\":[{\"@type\":\"ReadAction\",\"target\":[\"https:\/\/lasserhaus.it\/it\/storia-e-architettura\/\"]}]},{\"@type\":\"ImageObject\",\"inLanguage\":\"it-IT\",\"@id\":\"https:\/\/lasserhaus.it\/it\/storia-e-architettura\/#primaryimage\",\"url\":\"https:\/\/lasserhaus.it\/wp-content\/uploads\/2024\/10\/Lasserhaus-49.jpg\",\"contentUrl\":\"https:\/\/lasserhaus.it\/wp-content\/uploads\/2024\/10\/Lasserhaus-49.jpg\",\"width\":2048,\"height\":1366,\"caption\":\"Eine Adlerfigur mit aufgerissenem Schnabel und weit gespreizten Fl\u00fcgeln an der Aussenwand der Arthotel Lasserhaus 4****s in Brixen\"},{\"@type\":\"BreadcrumbList\",\"@id\":\"https:\/\/lasserhaus.it\/it\/storia-e-architettura\/#breadcrumb\",\"itemListElement\":[{\"@type\":\"ListItem\",\"position\":1,\"name\":\"Home\",\"item\":\"https:\/\/lasserhaus.it\/it\/\"},{\"@type\":\"ListItem\",\"position\":2,\"name\":\"Storia e architettura\"}]},{\"@type\":\"WebSite\",\"@id\":\"https:\/\/lasserhaus.it\/it\/#website\",\"url\":\"https:\/\/lasserhaus.it\/it\/\",\"name\":\"Lasserhaus\",\"description\":\"\",\"publisher\":{\"@id\":\"https:\/\/lasserhaus.it\/it\/#organization\"},\"potentialAction\":[{\"@type\":\"SearchAction\",\"target\":{\"@type\":\"EntryPoint\",\"urlTemplate\":\"https:\/\/lasserhaus.it\/it\/?s={search_term_string}\"},\"query-input\":{\"@type\":\"PropertyValueSpecification\",\"valueRequired\":true,\"valueName\":\"search_term_string\"}}],\"inLanguage\":\"it-IT\"},{\"@type\":\"Organization\",\"@id\":\"https:\/\/lasserhaus.it\/it\/#organization\",\"name\":\"Lasserhaus\",\"url\":\"https:\/\/lasserhaus.it\/it\/\",\"logo\":{\"@type\":\"ImageObject\",\"inLanguage\":\"it-IT\",\"@id\":\"https:\/\/lasserhaus.it\/it\/#\/schema\/logo\/image\/\",\"url\":\"https:\/\/lasserhaus.it\/wp-content\/uploads\/2023\/04\/lasserhaus-logo-web.jpg\",\"contentUrl\":\"https:\/\/lasserhaus.it\/wp-content\/uploads\/2023\/04\/lasserhaus-logo-web.jpg\",\"width\":866,\"height\":460,\"caption\":\"Lasserhaus\"},\"image\":{\"@id\":\"https:\/\/lasserhaus.it\/it\/#\/schema\/logo\/image\/\"}}]}<\/script>\n<!-- \/ Yoast SEO plugin. -->","yoast_head_json":{"title":"Storia e architettura - Lasserhaus","robots":{"index":"index","follow":"follow","max-snippet":"max-snippet:-1","max-image-preview":"max-image-preview:large","max-video-preview":"max-video-preview:-1"},"canonical":"https:\/\/lasserhaus.it\/it\/storia-e-architettura\/","og_locale":"it_IT","og_type":"article","og_title":"Storia e architettura - Lasserhaus","og_description":"Storia e architettura La Casa Lasser \u2013 Arthotel &#8211; , una grande dama del 15. secolo La Lasserhaus si trova nella parte pi\u00f9 antica di Stufles a Bressanone. Questo gioiello tutelato, risalente al 1642, era originariamente di propriet\u00e0 della famiglia Bischof o Pisch\u00f6ffl di Stufles. \u00c8 una delle poche case nobiliari di Stufles che ha [&hellip;]","og_url":"https:\/\/lasserhaus.it\/it\/storia-e-architettura\/","og_site_name":"Lasserhaus","article_modified_time":"2024-10-23T15:24:26+00:00","og_image":[{"width":2048,"height":1366,"url":"https:\/\/lasserhaus.it\/wp-content\/uploads\/2024\/10\/Lasserhaus-49.jpg","type":"image\/jpeg"}],"twitter_card":"summary_large_image","twitter_misc":{"Tempo di lettura stimato":"2 minuti"},"schema":{"@context":"https:\/\/schema.org","@graph":[{"@type":"WebPage","@id":"https:\/\/lasserhaus.it\/it\/storia-e-architettura\/","url":"https:\/\/lasserhaus.it\/it\/storia-e-architettura\/","name":"Storia e architettura - Lasserhaus","isPartOf":{"@id":"https:\/\/lasserhaus.it\/it\/#website"},"primaryImageOfPage":{"@id":"https:\/\/lasserhaus.it\/it\/storia-e-architettura\/#primaryimage"},"image":{"@id":"https:\/\/lasserhaus.it\/it\/storia-e-architettura\/#primaryimage"},"thumbnailUrl":"https:\/\/lasserhaus.it\/wp-content\/uploads\/2024\/10\/Lasserhaus-49.jpg","datePublished":"2024-10-17T12:36:27+00:00","dateModified":"2024-10-23T15:24:26+00:00","breadcrumb":{"@id":"https:\/\/lasserhaus.it\/it\/storia-e-architettura\/#breadcrumb"},"inLanguage":"it-IT","potentialAction":[{"@type":"ReadAction","target":["https:\/\/lasserhaus.it\/it\/storia-e-architettura\/"]}]},{"@type":"ImageObject","inLanguage":"it-IT","@id":"https:\/\/lasserhaus.it\/it\/storia-e-architettura\/#primaryimage","url":"https:\/\/lasserhaus.it\/wp-content\/uploads\/2024\/10\/Lasserhaus-49.jpg","contentUrl":"https:\/\/lasserhaus.it\/wp-content\/uploads\/2024\/10\/Lasserhaus-49.jpg","width":2048,"height":1366,"caption":"Eine Adlerfigur mit aufgerissenem Schnabel und weit gespreizten Fl\u00fcgeln an der Aussenwand der Arthotel Lasserhaus 4****s in Brixen"},{"@type":"BreadcrumbList","@id":"https:\/\/lasserhaus.it\/it\/storia-e-architettura\/#breadcrumb","itemListElement":[{"@type":"ListItem","position":1,"name":"Home","item":"https:\/\/lasserhaus.it\/it\/"},{"@type":"ListItem","position":2,"name":"Storia e architettura"}]},{"@type":"WebSite","@id":"https:\/\/lasserhaus.it\/it\/#website","url":"https:\/\/lasserhaus.it\/it\/","name":"Lasserhaus","description":"","publisher":{"@id":"https:\/\/lasserhaus.it\/it\/#organization"},"potentialAction":[{"@type":"SearchAction","target":{"@type":"EntryPoint","urlTemplate":"https:\/\/lasserhaus.it\/it\/?s={search_term_string}"},"query-input":{"@type":"PropertyValueSpecification","valueRequired":true,"valueName":"search_term_string"}}],"inLanguage":"it-IT"},{"@type":"Organization","@id":"https:\/\/lasserhaus.it\/it\/#organization","name":"Lasserhaus","url":"https:\/\/lasserhaus.it\/it\/","logo":{"@type":"ImageObject","inLanguage":"it-IT","@id":"https:\/\/lasserhaus.it\/it\/#\/schema\/logo\/image\/","url":"https:\/\/lasserhaus.it\/wp-content\/uploads\/2023\/04\/lasserhaus-logo-web.jpg","contentUrl":"https:\/\/lasserhaus.it\/wp-content\/uploads\/2023\/04\/lasserhaus-logo-web.jpg","width":866,"height":460,"caption":"Lasserhaus"},"image":{"@id":"https:\/\/lasserhaus.it\/it\/#\/schema\/logo\/image\/"}}]}},"_links":{"self":[{"href":"https:\/\/lasserhaus.it\/it\/wp-json\/wp\/v2\/pages\/2679","targetHints":{"allow":["GET"]}}],"collection":[{"href":"https:\/\/lasserhaus.it\/it\/wp-json\/wp\/v2\/pages"}],"about":[{"href":"https:\/\/lasserhaus.it\/it\/wp-json\/wp\/v2\/types\/page"}],"author":[{"embeddable":true,"href":"https:\/\/lasserhaus.it\/it\/wp-json\/wp\/v2\/users\/1"}],"replies":[{"embeddable":true,"href":"https:\/\/lasserhaus.it\/it\/wp-json\/wp\/v2\/comments?post=2679"}],"version-history":[{"count":4,"href":"https:\/\/lasserhaus.it\/it\/wp-json\/wp\/v2\/pages\/2679\/revisions"}],"predecessor-version":[{"id":3039,"href":"https:\/\/lasserhaus.it\/it\/wp-json\/wp\/v2\/pages\/2679\/revisions\/3039"}],"wp:featuredmedia":[{"embeddable":true,"href":"https:\/\/lasserhaus.it\/it\/wp-json\/wp\/v2\/media\/2663"}],"wp:attachment":[{"href":"https:\/\/lasserhaus.it\/it\/wp-json\/wp\/v2\/media?parent=2679"}],"curies":[{"name":"wp","href":"https:\/\/api.w.org\/{rel}","templated":true}]}}