{"id":1941,"date":"2024-09-16T17:01:42","date_gmt":"2024-09-16T15:01:42","guid":{"rendered":"https:\/\/staging.lasserhaus.it\/arte\/lasser-crossing\/descrizione-dettagliata-e-informazioni-sulla-partecipazione\/"},"modified":"2024-09-24T11:45:49","modified_gmt":"2024-09-24T09:45:49","slug":"descrizione-dettagliata-e-informazioni-sulla-partecipazione","status":"publish","type":"page","link":"https:\/\/lasserhaus.it\/it\/arte\/lasser-crossing\/descrizione-dettagliata-e-informazioni-sulla-partecipazione\/","title":{"rendered":"Descrizione dettagliata e informazioni sulla partecipazione"},"content":{"rendered":"\t\t<div data-elementor-type=\"wp-page\" data-elementor-id=\"1941\" class=\"elementor elementor-1941 elementor-1857\" data-elementor-post-type=\"page\">\n\t\t\t\t<div class=\"elementor-element elementor-element-0a880d9 e-flex e-con-boxed e-con e-parent\" data-id=\"0a880d9\" data-element_type=\"container\" data-e-type=\"container\" data-settings=\"{&quot;background_background&quot;:&quot;classic&quot;}\">\n\t\t\t\t\t<div class=\"e-con-inner\">\n\t\t\t\t<div class=\"elementor-element elementor-element-6359698 elementor-widget elementor-widget-heading\" data-id=\"6359698\" data-element_type=\"widget\" data-e-type=\"widget\" data-widget_type=\"heading.default\">\n\t\t\t\t\t<h1 class=\"elementor-heading-title elementor-size-default\">Descrizione dettagliata e informazioni sulla partecipazione<\/h1>\t\t\t\t<\/div>\n\t\t\t\t<div class=\"elementor-element elementor-element-b5edd7b elementor-widget elementor-widget-breadcrumbs\" data-id=\"b5edd7b\" data-element_type=\"widget\" data-e-type=\"widget\" data-widget_type=\"breadcrumbs.default\">\n\t\t\t\t\t<p id=\"breadcrumbs\"><span><span><a href=\"https:\/\/lasserhaus.it\/it\/\">Home<\/a><\/span><\/span><\/p>\t\t\t\t<\/div>\n\t\t\t\t\t<\/div>\n\t\t\t\t<\/div>\n\t\t<div class=\"elementor-element elementor-element-c04d7d3 e-flex e-con-boxed e-con e-parent\" data-id=\"c04d7d3\" data-element_type=\"container\" data-e-type=\"container\">\n\t\t\t\t\t<div class=\"e-con-inner\">\n\t\t<div class=\"elementor-element elementor-element-df6d7de e-con-full e-flex e-con e-child\" data-id=\"df6d7de\" data-element_type=\"container\" data-e-type=\"container\">\n\t\t\t\t<div class=\"elementor-element elementor-element-eb8755e elementor-widget elementor-widget-heading\" data-id=\"eb8755e\" data-element_type=\"widget\" data-e-type=\"widget\" data-widget_type=\"heading.default\">\n\t\t\t\t\t<h2 class=\"elementor-heading-title elementor-size-default\">INFO<\/h2>\t\t\t\t<\/div>\n\t\t\t\t<div class=\"elementor-element elementor-element-6452ecf elementor-widget__width-initial elementor-widget elementor-widget-text-editor\" data-id=\"6452ecf\" data-element_type=\"widget\" data-e-type=\"widget\" data-widget_type=\"text-editor.default\">\n\t\t\t\t\t\t\t\t\t<p>Durante il suo soggiorno, l&#8217;artista studia la casa, la sua storia e la sua architettura. Inoltre, esegue ricerche ed escursioni a Bressanone e nei suoi dintorni, sviluppando idee per una nuova opera artistica per il Lasserhaus. La forma, le dimensioni e il posizionamento dell&#8217;opera sono a discrezione dell&#8217;artista. Al termine della residenza, l&#8217;artista presenta una proposta concettuale scritta (sotto forma di schizzi, idee o modelli) e discute l&#8217;idea risultante con i responsabili del Lasserhaus.<\/p>\n<p>Il Viertel Group decide poi se commissionare all&#8217;artista la progettazione dettagliata e la realizzazione dell&#8217;opera. Se l&#8217;opera viene commissionata, l&#8217;artista\u00a0 un incarico separato in cui vengono stabiliti il compenso dell&#8217;artista e i costi di produzione. L&#8217;opera finita entra a far parte della collezione Lasserhaus. Se non viene assegnata alcuna commissione, le idee sviluppate dall&#8217;artista durante la residenza saranno trasferite al Lasserhaus sotto forma di schizzo, testo o modello e potranno essere utilizzate a scopo documentario.<\/p>\n<p>L&#8217;incarico all&#8217;artista comprende:<\/p>\n<ul>\n<li>Un&#8217;idea concettuale per un&#8217;opera artistica<\/li>\n<li>Schizzi<\/li>\n<li>Specifiche dei materiali\/idee<\/li>\n<li>Stima dei costi di realizzazione<\/li>\n<\/ul>\n\t\t\t\t\t\t\t\t<\/div>\n\t\t\t\t<div class=\"elementor-element elementor-element-f152a76 elementor-widget elementor-widget-heading\" data-id=\"f152a76\" data-element_type=\"widget\" data-e-type=\"widget\" data-widget_type=\"heading.default\">\n\t\t\t\t\t<h2 class=\"elementor-heading-title elementor-size-default\">COMPENSO<\/h2>\t\t\t\t<\/div>\n\t\t\t\t<div class=\"elementor-element elementor-element-dbb89fb elementor-widget__width-initial elementor-widget elementor-widget-text-editor\" data-id=\"dbb89fb\" data-element_type=\"widget\" data-e-type=\"widget\" data-widget_type=\"text-editor.default\">\n\t\t\t\t\t\t\t\t\t<p>Le spese di alloggio e la colazione sono gratuite per i partecipanti al programma, cos\u00ec come il pasto serale (pasto caldo e bevanda analcolica), che pu\u00f2 essere consumato nelle strutture partner del Lasserhaus. La residenza d&#8217;artista sar\u00e0 documentata e comunicata attraverso i vari canali di comunicazione della casa. L&#8217;artista riceve cos\u00ec una maggiore visibilit\u00e0 nell&#8217;ambito del progetto. Durante la residenza, il Lasserhaus organizza vari incontri con l&#8217;obiettivo di permettere all&#8217;artista di conoscere meglio l&#8217;edificio, la sua architettura e la citt\u00e0. Non \u00e8 previsto alcun compenso monetario per la residenza o l&#8217;idea progettuale.<\/p>\n\t\t\t\t\t\t\t\t<\/div>\n\t\t\t\t<div class=\"elementor-element elementor-element-7aa14f4 elementor-widget elementor-widget-heading\" data-id=\"7aa14f4\" data-element_type=\"widget\" data-e-type=\"widget\" data-widget_type=\"heading.default\">\n\t\t\t\t\t<h2 class=\"elementor-heading-title elementor-size-default\">DIRITTI DELL'AUTORE, COPYRIGHT E PUBBLICAZIONE<\/h2>\t\t\t\t<\/div>\n\t\t\t\t<div class=\"elementor-element elementor-element-827bb6b elementor-widget__width-initial elementor-widget elementor-widget-text-editor\" data-id=\"827bb6b\" data-element_type=\"widget\" data-e-type=\"widget\" data-widget_type=\"text-editor.default\">\n\t\t\t\t\t\t\t\t\t<p>Il committente ha il diritto di pubblicare l&#8217;opera intellettuale (idea). Il nome dell&#8217;artista deve essere indicato, ma non ha diritto a un compenso. L&#8217;artista ha il diritto di pubblicare il proprio lavoro senza limitazioni.<\/p>\n<p>Al momento dell&#8217;invio dei disegni, l&#8217;artista, assicura di essere l&#8217;autore dell&#8217;opera presentata, che l&#8217;opera non \u00e8 ancora stata realizzata in nessun luogo e che non sar\u00e0 copiata altrove in caso di un&#8217;ulteriore commissione.<\/p>\n\t\t\t\t\t\t\t\t<\/div>\n\t\t\t\t<div class=\"elementor-element elementor-element-9ef9bc0 elementor-widget elementor-widget-heading\" data-id=\"9ef9bc0\" data-element_type=\"widget\" data-e-type=\"widget\" data-widget_type=\"heading.default\">\n\t\t\t\t\t<h2 class=\"elementor-heading-title elementor-size-default\">Applicazione<\/h2>\t\t\t\t<\/div>\n\t\t\t\t<div class=\"elementor-element elementor-element-99a0131 elementor-widget__width-initial elementor-widget elementor-widget-text-editor\" data-id=\"99a0131\" data-element_type=\"widget\" data-e-type=\"widget\" data-widget_type=\"text-editor.default\">\n\t\t\t\t\t\t\t\t\t<p>Si prega di compilare il modulo di candidatura riportato nel documento sottostante. Questo documento sar\u00e0 accompagnato da un CV e da un portfolio di lavori che mostri il background professionale dell&#8217;artista e le opere che ha realizzato fino ad oggi.<\/p>\n\t\t\t\t\t\t\t\t<\/div>\n\t\t\t\t<div class=\"elementor-element elementor-element-315a079 elementor-widget elementor-widget-button\" data-id=\"315a079\" data-element_type=\"widget\" data-e-type=\"widget\" data-widget_type=\"button.default\">\n\t\t\t\t\t\t\t\t\t\t<a class=\"elementor-button elementor-button-link elementor-size-sm\" href=\"\/wp-content\/uploads\/2024\/09\/Descrizione-dettagliata-e-informazioni-sulla-partecipazione.pdf\" target=\"_blank\">\n\t\t\t\t\t\t<span class=\"elementor-button-content-wrapper\">\n\t\t\t\t\t\t<span class=\"elementor-button-icon\">\n\t\t\t\t<svg xmlns=\"http:\/\/www.w3.org\/2000\/svg\" width=\"29\" height=\"40\" viewBox=\"0 0 29 40\" fill=\"none\"><path fill-rule=\"evenodd\" clip-rule=\"evenodd\" d=\"M14.5003 0.583496V12.2293C14.5003 12.9421 14.7835 13.6257 15.2875 14.1297C15.7915 14.6337 16.4751 14.9168 17.1878 14.9168H28.8337V32.8335C28.8337 33.7839 28.4561 34.6953 27.7841 35.3673C27.1121 36.0393 26.2007 36.4168 25.2503 36.4168H3.75033C2.79997 36.4168 1.88853 36.0393 1.21653 35.3673C0.544521 34.6953 0.166992 33.7839 0.166992 32.8335V4.16683C0.166992 3.21647 0.544521 2.30504 1.21653 1.63303C1.88853 0.961025 2.79997 0.583496 3.75033 0.583496H14.5003ZM14.5003 16.7085C14.0251 16.7085 13.5694 16.8973 13.2334 17.2333C12.8974 17.5693 12.7087 18.025 12.7087 18.5002V23.352L11.9669 22.6102C11.629 22.2839 11.1764 22.1033 10.7066 22.1074C10.2369 22.1115 9.78751 22.2999 9.45532 22.6321C9.12313 22.9643 8.9347 23.4136 8.93062 23.8834C8.92654 24.3532 9.10713 24.8058 9.43349 25.1437L13.2318 28.9456C13.3982 29.1122 13.5958 29.2443 13.8133 29.3345C14.0308 29.4246 14.264 29.4711 14.4994 29.4711C14.7349 29.4711 14.968 29.4246 15.1855 29.3345C15.403 29.2443 15.6006 29.1122 15.767 28.9456L19.5672 25.1437C19.7383 24.9784 19.8748 24.7807 19.9687 24.5621C20.0626 24.3435 20.112 24.1084 20.1141 23.8705C20.1161 23.6326 20.0708 23.3967 19.9807 23.1765C19.8906 22.9563 19.7576 22.7563 19.5894 22.588C19.4211 22.4198 19.2211 22.2868 19.0009 22.1967C18.7807 22.1066 18.5448 22.0613 18.3069 22.0633C18.069 22.0654 17.8339 22.1148 17.6153 22.2087C17.3967 22.3026 17.199 22.4391 17.0337 22.6102L16.292 23.352V18.5002C16.292 18.025 16.1032 17.5693 15.7672 17.2333C15.4312 16.8973 14.9755 16.7085 14.5003 16.7085ZM18.0837 0.660538C18.7625 0.804508 19.3849 1.14248 19.8753 1.63341L27.7837 9.54183C28.2747 10.0323 28.6126 10.6547 28.7566 11.3335H18.0837V0.660538Z\" fill=\"white\"><\/path><\/svg>\t\t\t<\/span>\n\t\t\t\t\t\t\t\t\t<span class=\"elementor-button-text\">Modulo di applicazione<\/span>\n\t\t\t\t\t<\/span>\n\t\t\t\t\t<\/a>\n\t\t\t\t\t\t\t\t<\/div>\n\t\t\t\t<\/div>\n\t\t\t\t\t<\/div>\n\t\t\t\t<\/div>\n\t\t\t\t<\/div>\n\t\t","protected":false},"excerpt":{"rendered":"<p>Descrizione dettagliata e informazioni sulla partecipazione INFO Durante il suo soggiorno, l&#8217;artista studia la casa, la sua storia e la sua architettura. Inoltre, esegue ricerche ed escursioni a Bressanone e nei suoi dintorni, sviluppando idee per una nuova opera artistica per il Lasserhaus. La forma, le dimensioni e il posizionamento dell&#8217;opera sono a discrezione dell&#8217;artista. [&hellip;]<\/p>\n","protected":false},"author":1,"featured_media":0,"parent":1939,"menu_order":0,"comment_status":"closed","ping_status":"closed","template":"","meta":{"_acf_changed":false},"class_list":["post-1941","page","type-page","status-publish","hentry"],"acf":[],"yoast_head":"<!-- This site is optimized with the Yoast SEO plugin v27.2 - https:\/\/yoast.com\/product\/yoast-seo-wordpress\/ -->\n<title>Descrizione dettagliata e informazioni sulla partecipazione - Lasserhaus<\/title>\n<meta name=\"robots\" content=\"index, follow, max-snippet:-1, max-image-preview:large, max-video-preview:-1\" \/>\n<link rel=\"canonical\" href=\"https:\/\/lasserhaus.it\/it\/arte\/lasser-crossing\/descrizione-dettagliata-e-informazioni-sulla-partecipazione\/\" \/>\n<meta property=\"og:locale\" content=\"it_IT\" \/>\n<meta property=\"og:type\" content=\"article\" \/>\n<meta property=\"og:title\" content=\"Descrizione dettagliata e informazioni sulla partecipazione - Lasserhaus\" \/>\n<meta property=\"og:description\" content=\"Descrizione dettagliata e informazioni sulla partecipazione INFO Durante il suo soggiorno, l&#8217;artista studia la casa, la sua storia e la sua architettura. Inoltre, esegue ricerche ed escursioni a Bressanone e nei suoi dintorni, sviluppando idee per una nuova opera artistica per il Lasserhaus. La forma, le dimensioni e il posizionamento dell&#8217;opera sono a discrezione dell&#8217;artista. [&hellip;]\" \/>\n<meta property=\"og:url\" content=\"https:\/\/lasserhaus.it\/it\/arte\/lasser-crossing\/descrizione-dettagliata-e-informazioni-sulla-partecipazione\/\" \/>\n<meta property=\"og:site_name\" content=\"Lasserhaus\" \/>\n<meta property=\"article:modified_time\" content=\"2024-09-24T09:45:49+00:00\" \/>\n<meta name=\"twitter:card\" content=\"summary_large_image\" \/>\n<meta name=\"twitter:label1\" content=\"Tempo di lettura stimato\" \/>\n\t<meta name=\"twitter:data1\" content=\"2 minuti\" \/>\n<script type=\"application\/ld+json\" class=\"yoast-schema-graph\">{\"@context\":\"https:\/\/schema.org\",\"@graph\":[{\"@type\":\"WebPage\",\"@id\":\"https:\/\/lasserhaus.it\/it\/arte\/lasser-crossing\/descrizione-dettagliata-e-informazioni-sulla-partecipazione\/\",\"url\":\"https:\/\/lasserhaus.it\/it\/arte\/lasser-crossing\/descrizione-dettagliata-e-informazioni-sulla-partecipazione\/\",\"name\":\"Descrizione dettagliata e informazioni sulla partecipazione - Lasserhaus\",\"isPartOf\":{\"@id\":\"https:\/\/lasserhaus.it\/it\/#website\"},\"datePublished\":\"2024-09-16T15:01:42+00:00\",\"dateModified\":\"2024-09-24T09:45:49+00:00\",\"breadcrumb\":{\"@id\":\"https:\/\/lasserhaus.it\/it\/arte\/lasser-crossing\/descrizione-dettagliata-e-informazioni-sulla-partecipazione\/#breadcrumb\"},\"inLanguage\":\"it-IT\",\"potentialAction\":[{\"@type\":\"ReadAction\",\"target\":[\"https:\/\/lasserhaus.it\/it\/arte\/lasser-crossing\/descrizione-dettagliata-e-informazioni-sulla-partecipazione\/\"]}]},{\"@type\":\"BreadcrumbList\",\"@id\":\"https:\/\/lasserhaus.it\/it\/arte\/lasser-crossing\/descrizione-dettagliata-e-informazioni-sulla-partecipazione\/#breadcrumb\",\"itemListElement\":[{\"@type\":\"ListItem\",\"position\":1,\"name\":\"Home\",\"item\":\"https:\/\/lasserhaus.it\/it\/\"},{\"@type\":\"ListItem\",\"position\":2,\"name\":\"Arte\",\"item\":\"https:\/\/lasserhaus.it\/it\/kunst\/\"},{\"@type\":\"ListItem\",\"position\":3,\"name\":\"Lasser Crossing\",\"item\":\"https:\/\/lasserhaus.it\/it\/kunst\/lasser-crossing\/\"},{\"@type\":\"ListItem\",\"position\":4,\"name\":\"Descrizione dettagliata e informazioni sulla partecipazione\"}]},{\"@type\":\"WebSite\",\"@id\":\"https:\/\/lasserhaus.it\/it\/#website\",\"url\":\"https:\/\/lasserhaus.it\/it\/\",\"name\":\"Lasserhaus\",\"description\":\"\",\"publisher\":{\"@id\":\"https:\/\/lasserhaus.it\/it\/#organization\"},\"potentialAction\":[{\"@type\":\"SearchAction\",\"target\":{\"@type\":\"EntryPoint\",\"urlTemplate\":\"https:\/\/lasserhaus.it\/it\/?s={search_term_string}\"},\"query-input\":{\"@type\":\"PropertyValueSpecification\",\"valueRequired\":true,\"valueName\":\"search_term_string\"}}],\"inLanguage\":\"it-IT\"},{\"@type\":\"Organization\",\"@id\":\"https:\/\/lasserhaus.it\/it\/#organization\",\"name\":\"Lasserhaus\",\"url\":\"https:\/\/lasserhaus.it\/it\/\",\"logo\":{\"@type\":\"ImageObject\",\"inLanguage\":\"it-IT\",\"@id\":\"https:\/\/lasserhaus.it\/it\/#\/schema\/logo\/image\/\",\"url\":\"https:\/\/lasserhaus.it\/wp-content\/uploads\/2023\/04\/lasserhaus-logo-web.jpg\",\"contentUrl\":\"https:\/\/lasserhaus.it\/wp-content\/uploads\/2023\/04\/lasserhaus-logo-web.jpg\",\"width\":866,\"height\":460,\"caption\":\"Lasserhaus\"},\"image\":{\"@id\":\"https:\/\/lasserhaus.it\/it\/#\/schema\/logo\/image\/\"}}]}<\/script>\n<!-- \/ Yoast SEO plugin. -->","yoast_head_json":{"title":"Descrizione dettagliata e informazioni sulla partecipazione - Lasserhaus","robots":{"index":"index","follow":"follow","max-snippet":"max-snippet:-1","max-image-preview":"max-image-preview:large","max-video-preview":"max-video-preview:-1"},"canonical":"https:\/\/lasserhaus.it\/it\/arte\/lasser-crossing\/descrizione-dettagliata-e-informazioni-sulla-partecipazione\/","og_locale":"it_IT","og_type":"article","og_title":"Descrizione dettagliata e informazioni sulla partecipazione - Lasserhaus","og_description":"Descrizione dettagliata e informazioni sulla partecipazione INFO Durante il suo soggiorno, l&#8217;artista studia la casa, la sua storia e la sua architettura. Inoltre, esegue ricerche ed escursioni a Bressanone e nei suoi dintorni, sviluppando idee per una nuova opera artistica per il Lasserhaus. La forma, le dimensioni e il posizionamento dell&#8217;opera sono a discrezione dell&#8217;artista. [&hellip;]","og_url":"https:\/\/lasserhaus.it\/it\/arte\/lasser-crossing\/descrizione-dettagliata-e-informazioni-sulla-partecipazione\/","og_site_name":"Lasserhaus","article_modified_time":"2024-09-24T09:45:49+00:00","twitter_card":"summary_large_image","twitter_misc":{"Tempo di lettura stimato":"2 minuti"},"schema":{"@context":"https:\/\/schema.org","@graph":[{"@type":"WebPage","@id":"https:\/\/lasserhaus.it\/it\/arte\/lasser-crossing\/descrizione-dettagliata-e-informazioni-sulla-partecipazione\/","url":"https:\/\/lasserhaus.it\/it\/arte\/lasser-crossing\/descrizione-dettagliata-e-informazioni-sulla-partecipazione\/","name":"Descrizione dettagliata e informazioni sulla partecipazione - Lasserhaus","isPartOf":{"@id":"https:\/\/lasserhaus.it\/it\/#website"},"datePublished":"2024-09-16T15:01:42+00:00","dateModified":"2024-09-24T09:45:49+00:00","breadcrumb":{"@id":"https:\/\/lasserhaus.it\/it\/arte\/lasser-crossing\/descrizione-dettagliata-e-informazioni-sulla-partecipazione\/#breadcrumb"},"inLanguage":"it-IT","potentialAction":[{"@type":"ReadAction","target":["https:\/\/lasserhaus.it\/it\/arte\/lasser-crossing\/descrizione-dettagliata-e-informazioni-sulla-partecipazione\/"]}]},{"@type":"BreadcrumbList","@id":"https:\/\/lasserhaus.it\/it\/arte\/lasser-crossing\/descrizione-dettagliata-e-informazioni-sulla-partecipazione\/#breadcrumb","itemListElement":[{"@type":"ListItem","position":1,"name":"Home","item":"https:\/\/lasserhaus.it\/it\/"},{"@type":"ListItem","position":2,"name":"Arte","item":"https:\/\/lasserhaus.it\/it\/kunst\/"},{"@type":"ListItem","position":3,"name":"Lasser Crossing","item":"https:\/\/lasserhaus.it\/it\/kunst\/lasser-crossing\/"},{"@type":"ListItem","position":4,"name":"Descrizione dettagliata e informazioni sulla partecipazione"}]},{"@type":"WebSite","@id":"https:\/\/lasserhaus.it\/it\/#website","url":"https:\/\/lasserhaus.it\/it\/","name":"Lasserhaus","description":"","publisher":{"@id":"https:\/\/lasserhaus.it\/it\/#organization"},"potentialAction":[{"@type":"SearchAction","target":{"@type":"EntryPoint","urlTemplate":"https:\/\/lasserhaus.it\/it\/?s={search_term_string}"},"query-input":{"@type":"PropertyValueSpecification","valueRequired":true,"valueName":"search_term_string"}}],"inLanguage":"it-IT"},{"@type":"Organization","@id":"https:\/\/lasserhaus.it\/it\/#organization","name":"Lasserhaus","url":"https:\/\/lasserhaus.it\/it\/","logo":{"@type":"ImageObject","inLanguage":"it-IT","@id":"https:\/\/lasserhaus.it\/it\/#\/schema\/logo\/image\/","url":"https:\/\/lasserhaus.it\/wp-content\/uploads\/2023\/04\/lasserhaus-logo-web.jpg","contentUrl":"https:\/\/lasserhaus.it\/wp-content\/uploads\/2023\/04\/lasserhaus-logo-web.jpg","width":866,"height":460,"caption":"Lasserhaus"},"image":{"@id":"https:\/\/lasserhaus.it\/it\/#\/schema\/logo\/image\/"}}]}},"_links":{"self":[{"href":"https:\/\/lasserhaus.it\/it\/wp-json\/wp\/v2\/pages\/1941","targetHints":{"allow":["GET"]}}],"collection":[{"href":"https:\/\/lasserhaus.it\/it\/wp-json\/wp\/v2\/pages"}],"about":[{"href":"https:\/\/lasserhaus.it\/it\/wp-json\/wp\/v2\/types\/page"}],"author":[{"embeddable":true,"href":"https:\/\/lasserhaus.it\/it\/wp-json\/wp\/v2\/users\/1"}],"replies":[{"embeddable":true,"href":"https:\/\/lasserhaus.it\/it\/wp-json\/wp\/v2\/comments?post=1941"}],"version-history":[{"count":2,"href":"https:\/\/lasserhaus.it\/it\/wp-json\/wp\/v2\/pages\/1941\/revisions"}],"predecessor-version":[{"id":2149,"href":"https:\/\/lasserhaus.it\/it\/wp-json\/wp\/v2\/pages\/1941\/revisions\/2149"}],"up":[{"embeddable":true,"href":"https:\/\/lasserhaus.it\/it\/wp-json\/wp\/v2\/pages\/1939"}],"wp:attachment":[{"href":"https:\/\/lasserhaus.it\/it\/wp-json\/wp\/v2\/media?parent=1941"}],"curies":[{"name":"wp","href":"https:\/\/api.w.org\/{rel}","templated":true}]}}