{"id":1937,"date":"2024-09-11T17:15:57","date_gmt":"2024-09-11T15:15:57","guid":{"rendered":"https:\/\/staging.lasserhaus.it\/arte\/opere-classiche-nel-lasserhaus\/"},"modified":"2024-12-03T12:49:42","modified_gmt":"2024-12-03T11:49:42","slug":"opere-classiche-nel-lasserhaus","status":"publish","type":"page","link":"https:\/\/lasserhaus.it\/it\/arte\/opere-classiche-nel-lasserhaus\/","title":{"rendered":"Opere classiche nel Lasserhaus"},"content":{"rendered":"\t\t<div data-elementor-type=\"wp-page\" data-elementor-id=\"1937\" class=\"elementor elementor-1937 elementor-1753\" data-elementor-post-type=\"page\">\n\t\t\t\t<div class=\"elementor-element elementor-element-441efff e-flex e-con-boxed e-con e-parent\" data-id=\"441efff\" data-element_type=\"container\" data-e-type=\"container\" data-settings=\"{&quot;background_background&quot;:&quot;classic&quot;}\">\n\t\t\t\t\t<div class=\"e-con-inner\">\n\t\t\t\t<div class=\"elementor-element elementor-element-bb80a24 elementor-widget elementor-widget-heading\" data-id=\"bb80a24\" data-element_type=\"widget\" data-e-type=\"widget\" data-widget_type=\"heading.default\">\n\t\t\t\t\t<h1 class=\"elementor-heading-title elementor-size-default\">Opere classiche<\/h1>\t\t\t\t<\/div>\n\t\t\t\t<div class=\"elementor-element elementor-element-4f77b36 elementor-widget elementor-widget-breadcrumbs\" data-id=\"4f77b36\" data-element_type=\"widget\" data-e-type=\"widget\" data-widget_type=\"breadcrumbs.default\">\n\t\t\t\t\t<p id=\"breadcrumbs\"><span><span><a href=\"https:\/\/lasserhaus.it\/it\/\">Home<\/a><\/span><\/span><\/p>\t\t\t\t<\/div>\n\t\t\t\t\t<\/div>\n\t\t\t\t<\/div>\n\t\t<div class=\"elementor-element elementor-element-6d64d42 e-flex e-con-boxed e-con e-parent\" data-id=\"6d64d42\" data-element_type=\"container\" data-e-type=\"container\">\n\t\t\t\t\t<div class=\"e-con-inner\">\n\t\t<div class=\"elementor-element elementor-element-1986a22 e-con-full e-flex e-con e-child\" data-id=\"1986a22\" data-element_type=\"container\" data-e-type=\"container\">\n\t\t\t\t<div class=\"elementor-element elementor-element-fc6df90 elementor-widget elementor-widget-heading\" data-id=\"fc6df90\" data-element_type=\"widget\" data-e-type=\"widget\" data-widget_type=\"heading.default\">\n\t\t\t\t\t<h3 class=\"elementor-heading-title elementor-size-default\">Collezione Faller<\/h3>\t\t\t\t<\/div>\n\t\t<div class=\"elementor-element elementor-element-fb25d8b e-con-full e-flex e-con e-child\" data-id=\"fb25d8b\" data-element_type=\"container\" data-e-type=\"container\">\n\t\t<div class=\"elementor-element elementor-element-0e02ee1 e-con-full e-flex e-con e-child\" data-id=\"0e02ee1\" data-element_type=\"container\" data-e-type=\"container\">\n\t\t\t\t<div class=\"elementor-element elementor-element-2be5ffb elementor-widget elementor-widget-text-editor\" data-id=\"2be5ffb\" data-element_type=\"widget\" data-e-type=\"widget\" data-widget_type=\"text-editor.default\">\n\t\t\t\t\t\t\t\t\t<p>Oltre alle opere contemporanee, l\u2019Arthotel Lasserhaus ospita anche diverse opere della Collezione Faller. Il padre dell\u2019attuale proprietaria della casa, Barbara Faller, aveva gi\u00e0 accumulato un\u2019imponente collezione d\u2019arte durante la sua vita.<\/p>\n<p>Affascinato dalla pittura barocca, Klaus Faller (Bressanone 1943-2017) ha acquisito un gran numero di opere eccezionali di questo periodo, in particolare del Tirolo, come nessun altro collezionista altoatesino della sua generazione. Oltre alle opere barocche, la Collezione Faller comprende anche altri dipinti del XIX e XX secolo.<\/p>\n<p>Particolarmente degni di nota sono i nove ritratti della famiglia Thurner von und zu Thurnstein del XVII e XVIII secolo, realizzati, tra gli altri, dalla bottega di Stephan Kessler e Ulrich Glantschnigg.<\/p>\n<p>Inconfondibili con le loro pennellate colorate sono le \u201cSu\u0308dtiroler Stadtansichten\u201d (Vedute di citt\u00e0 altoatesine) dell\u2019artista Lesley de Vries, che ha vissuto a Chiusa tra il 1945 e il 1957 e ha immortalato vedute di Bressanone e dintorni. Nel cortile interno dell\u2019edificio, un\u2019opera dell\u2019artista Johann Georg Dominikus Grasmair (Bressanone 1691-Wilten\/Innsbruck 1751) affascina per la sua composizione armoniosa. La rappresentazione della \u201cConcezione della Vergine Maria\u201d risale al 1738.<\/p>\n<p>Oltre a quest\u2019opera, un altro pezzo della collezione cattura l\u2019attenzione: la \u201cmagnifica slitta barocca\u201d, che oggi si trova nell\u2019area d\u2019ingresso dell\u2019hotel e accoglie gli ospiti con la sua \u201ctesta di drago\u201d.<\/p>\n\t\t\t\t\t\t\t\t<\/div>\n\t\t\t\t<\/div>\n\t\t<div class=\"elementor-element elementor-element-1ddeedf e-con-full e-flex e-con e-child\" data-id=\"1ddeedf\" data-element_type=\"container\" data-e-type=\"container\">\n\t\t\t\t<div class=\"elementor-element elementor-element-7ca3ed3 elementor-widget elementor-widget-image\" data-id=\"7ca3ed3\" data-element_type=\"widget\" data-e-type=\"widget\" data-widget_type=\"image.default\">\n\t\t\t\t\t\t\t\t\t\t\t\t\t\t\t<img fetchpriority=\"high\" decoding=\"async\" width=\"1024\" height=\"682\" src=\"https:\/\/lasserhaus.it\/wp-content\/uploads\/2024\/09\/\ufffc_K2A0641-web-c_freiundzeit.jpg\" class=\"attachment-large size-large wp-image-2244\" alt=\"\" srcset=\"https:\/\/lasserhaus.it\/wp-content\/uploads\/2024\/09\/\ufffc_K2A0641-web-c_freiundzeit.jpg 1024w, https:\/\/lasserhaus.it\/wp-content\/uploads\/2024\/09\/\ufffc_K2A0641-web-c_freiundzeit-300x200.jpg 300w, https:\/\/lasserhaus.it\/wp-content\/uploads\/2024\/09\/\ufffc_K2A0641-web-c_freiundzeit-768x512.jpg 768w\" sizes=\"(max-width: 1024px) 100vw, 1024px\" \/>\t\t\t\t\t\t\t\t\t\t\t\t\t\t\t<\/div>\n\t\t\t\t<div class=\"elementor-element elementor-element-56e3ca6 elementor-widget elementor-widget-image\" data-id=\"56e3ca6\" data-element_type=\"widget\" data-e-type=\"widget\" data-widget_type=\"image.default\">\n\t\t\t\t\t\t\t\t\t\t\t\t\t\t\t<img decoding=\"async\" width=\"1024\" height=\"683\" src=\"https:\/\/lasserhaus.it\/wp-content\/uploads\/2024\/08\/Lasserhaus-Part-III-web-321-1.jpg\" class=\"attachment-large size-large wp-image-1646\" alt=\"Das Foto zeigt einen Bereich im Erdgeschoss des Lasserhaus. In der Ecke des Raumes steht ein gr\u00fcnes Sofa. An der Wand h\u00e4ngen drei klassische Gem\u00e4lde aus der Kunstsammlung des Lasserhaus, dazwischen h\u00e4ngt das Werk &quot;like&quot; von Petra Polli.\" srcset=\"https:\/\/lasserhaus.it\/wp-content\/uploads\/2024\/08\/Lasserhaus-Part-III-web-321-1.jpg 1024w, https:\/\/lasserhaus.it\/wp-content\/uploads\/2024\/08\/Lasserhaus-Part-III-web-321-1-300x200.jpg 300w, https:\/\/lasserhaus.it\/wp-content\/uploads\/2024\/08\/Lasserhaus-Part-III-web-321-1-768x512.jpg 768w\" sizes=\"(max-width: 1024px) 100vw, 1024px\" \/>\t\t\t\t\t\t\t\t\t\t\t\t\t\t\t<\/div>\n\t\t\t\t<\/div>\n\t\t\t\t<\/div>\n\t\t\t\t<\/div>\n\t\t\t\t\t<\/div>\n\t\t\t\t<\/div>\n\t\t<div class=\"elementor-element elementor-element-1eed740 e-flex e-con-boxed e-con e-parent\" data-id=\"1eed740\" data-element_type=\"container\" data-e-type=\"container\">\n\t\t\t\t\t<div class=\"e-con-inner\">\n\t\t<div class=\"elementor-element elementor-element-8bf7810 e-con-full e-flex e-con e-child\" data-id=\"8bf7810\" data-element_type=\"container\" data-e-type=\"container\">\n\t\t\t\t<div class=\"elementor-element elementor-element-cdd20fc elementor-widget-divider--view-line elementor-widget elementor-widget-divider\" data-id=\"cdd20fc\" data-element_type=\"widget\" data-e-type=\"widget\" data-widget_type=\"divider.default\">\n\t\t\t\t\t\t\t<div class=\"elementor-divider\">\n\t\t\t<span class=\"elementor-divider-separator\">\n\t\t\t\t\t\t<\/span>\n\t\t<\/div>\n\t\t\t\t\t\t<\/div>\n\t\t\t\t<div class=\"elementor-element elementor-element-f58df59 elementor-widget elementor-widget-button\" data-id=\"f58df59\" data-element_type=\"widget\" data-e-type=\"widget\" data-widget_type=\"button.default\">\n\t\t\t\t\t\t\t\t\t\t<a class=\"elementor-button elementor-button-link elementor-size-sm\" href=\"https:\/\/lasserhaus.it\/wp-content\/uploads\/2024\/10\/art-booklet-2024.pdf\" target=\"_blank\">\n\t\t\t\t\t\t<span class=\"elementor-button-content-wrapper\">\n\t\t\t\t\t\t\t\t\t<span class=\"elementor-button-text\">Scarica la brochure<\/span>\n\t\t\t\t\t<\/span>\n\t\t\t\t\t<\/a>\n\t\t\t\t\t\t\t\t<\/div>\n\t\t\t\t<div class=\"elementor-element elementor-element-83b3eb7 elementor-widget-divider--view-line elementor-widget elementor-widget-divider\" data-id=\"83b3eb7\" data-element_type=\"widget\" data-e-type=\"widget\" data-widget_type=\"divider.default\">\n\t\t\t\t\t\t\t<div class=\"elementor-divider\">\n\t\t\t<span class=\"elementor-divider-separator\">\n\t\t\t\t\t\t<\/span>\n\t\t<\/div>\n\t\t\t\t\t\t<\/div>\n\t\t\t\t<\/div>\n\t\t\t\t\t<\/div>\n\t\t\t\t<\/div>\n\t\t<div class=\"elementor-element elementor-element-e050721 e-con-full e-flex e-con e-parent\" data-id=\"e050721\" data-element_type=\"container\" data-e-type=\"container\">\n\t\t\t\t<div class=\"elementor-element elementor-element-e166b4d elementor-widget elementor-widget-shortcode\" data-id=\"e166b4d\" data-element_type=\"widget\" data-e-type=\"widget\" data-widget_type=\"shortcode.default\">\n\t\t\t\t\t\t\t<div class=\"elementor-shortcode\">\t\t<div data-elementor-type=\"container\" data-elementor-id=\"1892\" class=\"elementor elementor-1892 elementor-1889\" data-elementor-post-type=\"elementor_library\">\n\t\t\t\t<div class=\"elementor-element elementor-element-2085d11 e-flex e-con-boxed e-con e-parent\" data-id=\"2085d11\" data-element_type=\"container\" data-e-type=\"container\" data-settings=\"{&quot;background_background&quot;:&quot;classic&quot;}\">\n\t\t\t\t\t<div class=\"e-con-inner\">\n\t\t<div class=\"elementor-element elementor-element-60fa684 e-flex e-con-boxed e-con e-child\" data-id=\"60fa684\" data-element_type=\"container\" data-e-type=\"container\">\n\t\t\t\t\t<div class=\"e-con-inner\">\n\t\t\t\t<div class=\"elementor-element elementor-element-5568d02 elementor-widget elementor-widget-heading\" data-id=\"5568d02\" data-element_type=\"widget\" data-e-type=\"widget\" data-widget_type=\"heading.default\">\n\t\t\t\t\t<h2 class=\"elementor-heading-title elementor-size-default\">Delizie culinarie e atmosfera cittadina a pochi passi di distanza<\/h2>\t\t\t\t<\/div>\n\t\t\t\t\t<\/div>\n\t\t\t\t<\/div>\n\t\t<div class=\"elementor-element elementor-element-585c62d e-con-full e-flex e-con e-child\" data-id=\"585c62d\" data-element_type=\"container\" data-e-type=\"container\">\n\t\t<div class=\"elementor-element elementor-element-3f596e6 e-flex e-con-boxed e-con e-child\" data-id=\"3f596e6\" data-element_type=\"container\" data-e-type=\"container\">\n\t\t\t\t\t<div class=\"e-con-inner\">\n\t\t\t\t<div class=\"elementor-element elementor-element-6063040 elementor-widget elementor-widget-heading\" data-id=\"6063040\" data-element_type=\"widget\" data-e-type=\"widget\" data-widget_type=\"heading.default\">\n\t\t\t\t\t<h3 class=\"elementor-heading-title elementor-size-default\"> Delizie culinarie<br>nel \"Alter Schlachthof\"<\/h3>\t\t\t\t<\/div>\n\t\t\t\t<div class=\"elementor-element elementor-element-9f0dff8 elementor-widget elementor-widget-image\" data-id=\"9f0dff8\" data-element_type=\"widget\" data-e-type=\"widget\" data-widget_type=\"image.default\">\n\t\t\t\t\t\t\t\t\t\t\t\t\t\t\t<img decoding=\"async\" width=\"1024\" height=\"683\" src=\"https:\/\/lasserhaus.it\/wp-content\/uploads\/2024\/10\/alter-schlachthof-kulinarik-1.jpg\" class=\"attachment-large size-large wp-image-2652\" alt=\"Das Bild zeigt einen gedeckten Tisch im Restaurant Alter Schlachthof in Brixen. Auf dem Tisch befinden sich ein Steak, Salate, das hauseigene Viertel Bier und S\u00fcsskartoffel Spalten.\" srcset=\"https:\/\/lasserhaus.it\/wp-content\/uploads\/2024\/10\/alter-schlachthof-kulinarik-1.jpg 1024w, https:\/\/lasserhaus.it\/wp-content\/uploads\/2024\/10\/alter-schlachthof-kulinarik-1-300x200.jpg 300w, https:\/\/lasserhaus.it\/wp-content\/uploads\/2024\/10\/alter-schlachthof-kulinarik-1-768x512.jpg 768w\" sizes=\"(max-width: 1024px) 100vw, 1024px\" \/>\t\t\t\t\t\t\t\t\t\t\t\t\t\t\t<\/div>\n\t\t\t\t<div class=\"elementor-element elementor-element-65f7bd3 elementor-widget elementor-widget-text-editor\" data-id=\"65f7bd3\" data-element_type=\"widget\" data-e-type=\"widget\" data-widget_type=\"text-editor.default\">\n\t\t\t\t\t\t\t\t\t<p>Nel nostro ristorante Alter Schlachthof utilizziamo il maggior numero possibile di prodotti provenienti da agricoltori locali e da fornitori selezionati nelle immediate vicinanze. Questo vale sia per i classici altoatesini che per le escursioni nella cucina internazionale.<\/p>\n\t\t\t\t\t\t\t\t<\/div>\n\t\t\t\t\t<\/div>\n\t\t\t\t<\/div>\n\t\t<div class=\"elementor-element elementor-element-44ffff7 e-flex e-con-boxed e-con e-child\" data-id=\"44ffff7\" data-element_type=\"container\" data-e-type=\"container\">\n\t\t\t\t\t<div class=\"e-con-inner\">\n\t\t\t\t<div class=\"elementor-element elementor-element-fe2163b elementor-widget elementor-widget-heading\" data-id=\"fe2163b\" data-element_type=\"widget\" data-e-type=\"widget\" data-widget_type=\"heading.default\">\n\t\t\t\t\t<h3 class=\"elementor-heading-title elementor-size-default\">\u201cAperitivo-Time\u201d nella<br>Viertel Bar<\/h3>\t\t\t\t<\/div>\n\t\t\t\t<div class=\"elementor-element elementor-element-f9e9f88 elementor-widget elementor-widget-image\" data-id=\"f9e9f88\" data-element_type=\"widget\" data-e-type=\"widget\" data-widget_type=\"image.default\">\n\t\t\t\t\t\t\t\t\t\t\t\t\t\t\t<img loading=\"lazy\" decoding=\"async\" width=\"1024\" height=\"683\" src=\"https:\/\/lasserhaus.it\/wp-content\/uploads\/2024\/10\/K2A6739-web-\u00a9freiundzeit-1024x683.jpg\" class=\"attachment-large size-large wp-image-2602\" alt=\"Das 3 H\u00e4nde mit verschiedenen Getr\u00e4nken in der Viertel Bar in der Brixner Innenstadt beim Ansto\u00dfen\" srcset=\"https:\/\/lasserhaus.it\/wp-content\/uploads\/2024\/10\/K2A6739-web-\u00a9freiundzeit-1024x683.jpg 1024w, https:\/\/lasserhaus.it\/wp-content\/uploads\/2024\/10\/K2A6739-web-\u00a9freiundzeit-300x200.jpg 300w, https:\/\/lasserhaus.it\/wp-content\/uploads\/2024\/10\/K2A6739-web-\u00a9freiundzeit-768x512.jpg 768w, https:\/\/lasserhaus.it\/wp-content\/uploads\/2024\/10\/K2A6739-web-\u00a9freiundzeit-1536x1025.jpg 1536w, https:\/\/lasserhaus.it\/wp-content\/uploads\/2024\/10\/K2A6739-web-\u00a9freiundzeit.jpg 2048w\" sizes=\"(max-width: 1024px) 100vw, 1024px\" \/>\t\t\t\t\t\t\t\t\t\t\t\t\t\t\t<\/div>\n\t\t\t\t<div class=\"elementor-element elementor-element-84b9970 elementor-widget elementor-widget-text-editor\" data-id=\"84b9970\" data-element_type=\"widget\" data-e-type=\"widget\" data-widget_type=\"text-editor.default\">\n\t\t\t\t\t\t\t\t\t<p>Godetevi un\u2019ampia scelta di bevande e deliziosi piatti semplici e antipasti nel nostro Viertel Bar nel centro di Bressanone. L\u2019elegante bar e l\u2019area esterna con vista sulla torre bianca invitano giovani e meno giovani a soffermarsi.<\/p>\n\t\t\t\t\t\t\t\t<\/div>\n\t\t\t\t\t<\/div>\n\t\t\t\t<\/div>\n\t\t\t\t<\/div>\n\t\t\t\t\t<\/div>\n\t\t\t\t<\/div>\n\t\t\t\t<\/div>\n\t\t<\/div>\n\t\t\t\t\t\t<\/div>\n\t\t\t\t<\/div>\n\t\t\t\t<\/div>\n\t\t","protected":false},"excerpt":{"rendered":"<p>Opere classiche Collezione Faller Oltre alle opere contemporanee, l\u2019Arthotel Lasserhaus ospita anche diverse opere della Collezione Faller. Il padre dell\u2019attuale proprietaria della casa, Barbara Faller, aveva gi\u00e0 accumulato un\u2019imponente collezione d\u2019arte durante la sua vita. Affascinato dalla pittura barocca, Klaus Faller (Bressanone 1943-2017) ha acquisito un gran numero di opere eccezionali di questo periodo, in [&hellip;]<\/p>\n","protected":false},"author":1,"featured_media":0,"parent":1928,"menu_order":0,"comment_status":"closed","ping_status":"closed","template":"","meta":{"_acf_changed":false},"class_list":["post-1937","page","type-page","status-publish","hentry"],"acf":[],"yoast_head":"<!-- This site is optimized with the Yoast SEO plugin v27.2 - https:\/\/yoast.com\/product\/yoast-seo-wordpress\/ -->\n<title>Opere classiche nel Lasserhaus - Lasserhaus<\/title>\n<meta name=\"robots\" content=\"index, follow, max-snippet:-1, max-image-preview:large, max-video-preview:-1\" \/>\n<link rel=\"canonical\" href=\"https:\/\/lasserhaus.it\/it\/arte\/opere-classiche-nel-lasserhaus\/\" \/>\n<meta property=\"og:locale\" content=\"it_IT\" \/>\n<meta property=\"og:type\" content=\"article\" \/>\n<meta property=\"og:title\" content=\"Opere classiche nel Lasserhaus - Lasserhaus\" \/>\n<meta property=\"og:description\" content=\"Opere classiche Collezione Faller Oltre alle opere contemporanee, l\u2019Arthotel Lasserhaus ospita anche diverse opere della Collezione Faller. Il padre dell\u2019attuale proprietaria della casa, Barbara Faller, aveva gi\u00e0 accumulato un\u2019imponente collezione d\u2019arte durante la sua vita. Affascinato dalla pittura barocca, Klaus Faller (Bressanone 1943-2017) ha acquisito un gran numero di opere eccezionali di questo periodo, in [&hellip;]\" \/>\n<meta property=\"og:url\" content=\"https:\/\/lasserhaus.it\/it\/arte\/opere-classiche-nel-lasserhaus\/\" \/>\n<meta property=\"og:site_name\" content=\"Lasserhaus\" \/>\n<meta property=\"article:modified_time\" content=\"2024-12-03T11:49:42+00:00\" \/>\n<meta property=\"og:image\" content=\"https:\/\/lasserhaus.it\/wp-content\/uploads\/2024\/08\/Lasserhaus-Part-III-web-321-1.jpg\" \/>\n<meta name=\"twitter:card\" content=\"summary_large_image\" \/>\n<meta name=\"twitter:label1\" content=\"Tempo di lettura stimato\" \/>\n\t<meta name=\"twitter:data1\" content=\"1 minuto\" \/>\n<script type=\"application\/ld+json\" class=\"yoast-schema-graph\">{\"@context\":\"https:\/\/schema.org\",\"@graph\":[{\"@type\":\"WebPage\",\"@id\":\"https:\/\/lasserhaus.it\/it\/arte\/opere-classiche-nel-lasserhaus\/\",\"url\":\"https:\/\/lasserhaus.it\/it\/arte\/opere-classiche-nel-lasserhaus\/\",\"name\":\"Opere classiche nel Lasserhaus - Lasserhaus\",\"isPartOf\":{\"@id\":\"https:\/\/lasserhaus.it\/it\/#website\"},\"primaryImageOfPage\":{\"@id\":\"https:\/\/lasserhaus.it\/it\/arte\/opere-classiche-nel-lasserhaus\/#primaryimage\"},\"image\":{\"@id\":\"https:\/\/lasserhaus.it\/it\/arte\/opere-classiche-nel-lasserhaus\/#primaryimage\"},\"thumbnailUrl\":\"https:\/\/lasserhaus.it\/wp-content\/uploads\/2024\/08\/Lasserhaus-Part-III-web-321-1.jpg\",\"datePublished\":\"2024-09-11T15:15:57+00:00\",\"dateModified\":\"2024-12-03T11:49:42+00:00\",\"breadcrumb\":{\"@id\":\"https:\/\/lasserhaus.it\/it\/arte\/opere-classiche-nel-lasserhaus\/#breadcrumb\"},\"inLanguage\":\"it-IT\",\"potentialAction\":[{\"@type\":\"ReadAction\",\"target\":[\"https:\/\/lasserhaus.it\/it\/arte\/opere-classiche-nel-lasserhaus\/\"]}]},{\"@type\":\"ImageObject\",\"inLanguage\":\"it-IT\",\"@id\":\"https:\/\/lasserhaus.it\/it\/arte\/opere-classiche-nel-lasserhaus\/#primaryimage\",\"url\":\"https:\/\/lasserhaus.it\/wp-content\/uploads\/2024\/08\/Lasserhaus-Part-III-web-321-1.jpg\",\"contentUrl\":\"https:\/\/lasserhaus.it\/wp-content\/uploads\/2024\/08\/Lasserhaus-Part-III-web-321-1.jpg\"},{\"@type\":\"BreadcrumbList\",\"@id\":\"https:\/\/lasserhaus.it\/it\/arte\/opere-classiche-nel-lasserhaus\/#breadcrumb\",\"itemListElement\":[{\"@type\":\"ListItem\",\"position\":1,\"name\":\"Home\",\"item\":\"https:\/\/lasserhaus.it\/it\/\"},{\"@type\":\"ListItem\",\"position\":2,\"name\":\"Arte\",\"item\":\"https:\/\/lasserhaus.it\/it\/kunst\/\"},{\"@type\":\"ListItem\",\"position\":3,\"name\":\"Opere classiche nel Lasserhaus\"}]},{\"@type\":\"WebSite\",\"@id\":\"https:\/\/lasserhaus.it\/it\/#website\",\"url\":\"https:\/\/lasserhaus.it\/it\/\",\"name\":\"Lasserhaus\",\"description\":\"\",\"publisher\":{\"@id\":\"https:\/\/lasserhaus.it\/it\/#organization\"},\"potentialAction\":[{\"@type\":\"SearchAction\",\"target\":{\"@type\":\"EntryPoint\",\"urlTemplate\":\"https:\/\/lasserhaus.it\/it\/?s={search_term_string}\"},\"query-input\":{\"@type\":\"PropertyValueSpecification\",\"valueRequired\":true,\"valueName\":\"search_term_string\"}}],\"inLanguage\":\"it-IT\"},{\"@type\":\"Organization\",\"@id\":\"https:\/\/lasserhaus.it\/it\/#organization\",\"name\":\"Lasserhaus\",\"url\":\"https:\/\/lasserhaus.it\/it\/\",\"logo\":{\"@type\":\"ImageObject\",\"inLanguage\":\"it-IT\",\"@id\":\"https:\/\/lasserhaus.it\/it\/#\/schema\/logo\/image\/\",\"url\":\"https:\/\/lasserhaus.it\/wp-content\/uploads\/2023\/04\/lasserhaus-logo-web.jpg\",\"contentUrl\":\"https:\/\/lasserhaus.it\/wp-content\/uploads\/2023\/04\/lasserhaus-logo-web.jpg\",\"width\":866,\"height\":460,\"caption\":\"Lasserhaus\"},\"image\":{\"@id\":\"https:\/\/lasserhaus.it\/it\/#\/schema\/logo\/image\/\"}}]}<\/script>\n<!-- \/ Yoast SEO plugin. -->","yoast_head_json":{"title":"Opere classiche nel Lasserhaus - Lasserhaus","robots":{"index":"index","follow":"follow","max-snippet":"max-snippet:-1","max-image-preview":"max-image-preview:large","max-video-preview":"max-video-preview:-1"},"canonical":"https:\/\/lasserhaus.it\/it\/arte\/opere-classiche-nel-lasserhaus\/","og_locale":"it_IT","og_type":"article","og_title":"Opere classiche nel Lasserhaus - Lasserhaus","og_description":"Opere classiche Collezione Faller Oltre alle opere contemporanee, l\u2019Arthotel Lasserhaus ospita anche diverse opere della Collezione Faller. Il padre dell\u2019attuale proprietaria della casa, Barbara Faller, aveva gi\u00e0 accumulato un\u2019imponente collezione d\u2019arte durante la sua vita. Affascinato dalla pittura barocca, Klaus Faller (Bressanone 1943-2017) ha acquisito un gran numero di opere eccezionali di questo periodo, in [&hellip;]","og_url":"https:\/\/lasserhaus.it\/it\/arte\/opere-classiche-nel-lasserhaus\/","og_site_name":"Lasserhaus","article_modified_time":"2024-12-03T11:49:42+00:00","og_image":[{"url":"https:\/\/lasserhaus.it\/wp-content\/uploads\/2024\/08\/Lasserhaus-Part-III-web-321-1.jpg","type":"","width":"","height":""}],"twitter_card":"summary_large_image","twitter_misc":{"Tempo di lettura stimato":"1 minuto"},"schema":{"@context":"https:\/\/schema.org","@graph":[{"@type":"WebPage","@id":"https:\/\/lasserhaus.it\/it\/arte\/opere-classiche-nel-lasserhaus\/","url":"https:\/\/lasserhaus.it\/it\/arte\/opere-classiche-nel-lasserhaus\/","name":"Opere classiche nel Lasserhaus - Lasserhaus","isPartOf":{"@id":"https:\/\/lasserhaus.it\/it\/#website"},"primaryImageOfPage":{"@id":"https:\/\/lasserhaus.it\/it\/arte\/opere-classiche-nel-lasserhaus\/#primaryimage"},"image":{"@id":"https:\/\/lasserhaus.it\/it\/arte\/opere-classiche-nel-lasserhaus\/#primaryimage"},"thumbnailUrl":"https:\/\/lasserhaus.it\/wp-content\/uploads\/2024\/08\/Lasserhaus-Part-III-web-321-1.jpg","datePublished":"2024-09-11T15:15:57+00:00","dateModified":"2024-12-03T11:49:42+00:00","breadcrumb":{"@id":"https:\/\/lasserhaus.it\/it\/arte\/opere-classiche-nel-lasserhaus\/#breadcrumb"},"inLanguage":"it-IT","potentialAction":[{"@type":"ReadAction","target":["https:\/\/lasserhaus.it\/it\/arte\/opere-classiche-nel-lasserhaus\/"]}]},{"@type":"ImageObject","inLanguage":"it-IT","@id":"https:\/\/lasserhaus.it\/it\/arte\/opere-classiche-nel-lasserhaus\/#primaryimage","url":"https:\/\/lasserhaus.it\/wp-content\/uploads\/2024\/08\/Lasserhaus-Part-III-web-321-1.jpg","contentUrl":"https:\/\/lasserhaus.it\/wp-content\/uploads\/2024\/08\/Lasserhaus-Part-III-web-321-1.jpg"},{"@type":"BreadcrumbList","@id":"https:\/\/lasserhaus.it\/it\/arte\/opere-classiche-nel-lasserhaus\/#breadcrumb","itemListElement":[{"@type":"ListItem","position":1,"name":"Home","item":"https:\/\/lasserhaus.it\/it\/"},{"@type":"ListItem","position":2,"name":"Arte","item":"https:\/\/lasserhaus.it\/it\/kunst\/"},{"@type":"ListItem","position":3,"name":"Opere classiche nel Lasserhaus"}]},{"@type":"WebSite","@id":"https:\/\/lasserhaus.it\/it\/#website","url":"https:\/\/lasserhaus.it\/it\/","name":"Lasserhaus","description":"","publisher":{"@id":"https:\/\/lasserhaus.it\/it\/#organization"},"potentialAction":[{"@type":"SearchAction","target":{"@type":"EntryPoint","urlTemplate":"https:\/\/lasserhaus.it\/it\/?s={search_term_string}"},"query-input":{"@type":"PropertyValueSpecification","valueRequired":true,"valueName":"search_term_string"}}],"inLanguage":"it-IT"},{"@type":"Organization","@id":"https:\/\/lasserhaus.it\/it\/#organization","name":"Lasserhaus","url":"https:\/\/lasserhaus.it\/it\/","logo":{"@type":"ImageObject","inLanguage":"it-IT","@id":"https:\/\/lasserhaus.it\/it\/#\/schema\/logo\/image\/","url":"https:\/\/lasserhaus.it\/wp-content\/uploads\/2023\/04\/lasserhaus-logo-web.jpg","contentUrl":"https:\/\/lasserhaus.it\/wp-content\/uploads\/2023\/04\/lasserhaus-logo-web.jpg","width":866,"height":460,"caption":"Lasserhaus"},"image":{"@id":"https:\/\/lasserhaus.it\/it\/#\/schema\/logo\/image\/"}}]}},"_links":{"self":[{"href":"https:\/\/lasserhaus.it\/it\/wp-json\/wp\/v2\/pages\/1937","targetHints":{"allow":["GET"]}}],"collection":[{"href":"https:\/\/lasserhaus.it\/it\/wp-json\/wp\/v2\/pages"}],"about":[{"href":"https:\/\/lasserhaus.it\/it\/wp-json\/wp\/v2\/types\/page"}],"author":[{"embeddable":true,"href":"https:\/\/lasserhaus.it\/it\/wp-json\/wp\/v2\/users\/1"}],"replies":[{"embeddable":true,"href":"https:\/\/lasserhaus.it\/it\/wp-json\/wp\/v2\/comments?post=1937"}],"version-history":[{"count":5,"href":"https:\/\/lasserhaus.it\/it\/wp-json\/wp\/v2\/pages\/1937\/revisions"}],"predecessor-version":[{"id":3348,"href":"https:\/\/lasserhaus.it\/it\/wp-json\/wp\/v2\/pages\/1937\/revisions\/3348"}],"up":[{"embeddable":true,"href":"https:\/\/lasserhaus.it\/it\/wp-json\/wp\/v2\/pages\/1928"}],"wp:attachment":[{"href":"https:\/\/lasserhaus.it\/it\/wp-json\/wp\/v2\/media?parent=1937"}],"curies":[{"name":"wp","href":"https:\/\/api.w.org\/{rel}","templated":true}]}}