{"id":889,"date":"2023-08-25T13:57:39","date_gmt":"2023-08-25T11:57:39","guid":{"rendered":"https:\/\/lasserhaus.it\/cancellation-policy\/"},"modified":"2025-11-19T09:17:40","modified_gmt":"2025-11-19T08:17:40","slug":"cancellation-policy","status":"publish","type":"page","link":"https:\/\/lasserhaus.it\/en\/cancellation-policy\/","title":{"rendered":"Cancellation policy"},"content":{"rendered":"\t\t<div data-elementor-type=\"wp-page\" data-elementor-id=\"889\" class=\"elementor elementor-889 elementor-872\" data-elementor-post-type=\"page\">\n\t\t\t\t<div class=\"elementor-element elementor-element-d799531 e-flex e-con-boxed e-con e-parent\" data-id=\"d799531\" data-element_type=\"container\" data-e-type=\"container\">\n\t\t\t\t\t<div class=\"e-con-inner\">\n\t\t\t\t<div class=\"elementor-element elementor-element-77ddfc9 elementor-widget elementor-widget-breadcrumbs\" data-id=\"77ddfc9\" data-element_type=\"widget\" data-e-type=\"widget\" data-widget_type=\"breadcrumbs.default\">\n\t\t\t\t\t<p id=\"breadcrumbs\"><span><span><a href=\"https:\/\/lasserhaus.it\/en\/\">Home<\/a><\/span><\/span><\/p>\t\t\t\t<\/div>\n\t\t\t\t<div class=\"elementor-element elementor-element-a2ae840 elementor-widget elementor-widget-heading\" data-id=\"a2ae840\" data-element_type=\"widget\" data-e-type=\"widget\" data-widget_type=\"heading.default\">\n\t\t\t\t\t<h1 class=\"elementor-heading-title elementor-size-default\">CANCELLATION POLICY<\/h1>\t\t\t\t<\/div>\n\t\t\t\t<div class=\"elementor-element elementor-element-a5e614c elementor-widget elementor-widget-text-editor\" data-id=\"a5e614c\" data-element_type=\"widget\" data-e-type=\"widget\" data-widget_type=\"text-editor.default\">\n\t\t\t\t\t\t\t\t\t<p>The total amount will be paid directly at the accommodation. A credit card is required to make the reservation.<\/p>\n<ul>\n<li>Cancellation up to 5 days before arrival: free of charge<\/li>\n<li>Cancellation from 4 days before arrival: 50% of the total booking amount<\/li>\n<li>Cancellation from 2 days before arrival: 100% of the total booking amount<\/li>\n<li>Late arrival, no-show, or early departure: 100% of the total booking amount<\/li>\n<\/ul>\n<p>In case of cancellation, the amount will be charged to the provided credit card. The cancellation fee may be used as credit for a future stay within one year (room and rate based on period and availability). The stay can only be postponed once.<\/p>\n\t\t\t\t\t\t\t\t<\/div>\n\t\t\t\t<div class=\"elementor-element elementor-element-b55565e elementor-widget elementor-widget-heading\" data-id=\"b55565e\" data-element_type=\"widget\" data-e-type=\"widget\" data-widget_type=\"heading.default\">\n\t\t\t\t\t<h1 class=\"elementor-heading-title elementor-size-default\">Travel Cancellation Insurance<\/h1>\t\t\t\t<\/div>\n\t\t\t\t<div class=\"elementor-element elementor-element-0cd848d elementor-widget elementor-widget-text-editor\" data-id=\"0cd848d\" data-element_type=\"widget\" data-e-type=\"widget\" data-widget_type=\"text-editor.default\">\n\t\t\t\t\t\t\t\t\t<p>We offer you the opportunity to take out travel cancellation insurance in the form below.<\/p>\n\t\t\t\t\t\t\t\t<\/div>\n\t\t\t\t<div class=\"elementor-element elementor-element-1a3cb4c elementor-widget-divider--view-line elementor-widget elementor-widget-divider\" data-id=\"1a3cb4c\" data-element_type=\"widget\" data-e-type=\"widget\" data-widget_type=\"divider.default\">\n\t\t\t\t\t\t\t<div class=\"elementor-divider\">\n\t\t\t<span class=\"elementor-divider-separator\">\n\t\t\t\t\t\t<\/span>\n\t\t<\/div>\n\t\t\t\t\t\t<\/div>\n\t\t\t\t<div class=\"elementor-element elementor-element-a171a95 elementor-widget elementor-widget-html\" data-id=\"a171a95\" data-element_type=\"widget\" data-e-type=\"widget\" id=\"fuz-lh-cancel-insurance\" data-widget_type=\"html.default\">\n\t\t\t\t\t<!-- CODE START-->\r\n<div id=\"hgPaymentWidget\"><\/div>\r\n<script type=\"text\/javascript\" src=\"https:\/\/secure.hogast.it\/rxwidgets\/payment\/script\/en?1386823A49DF9A74BB33497F1A51316278A8820F9323F3A665FC2480C6A55667\" defer async><\/script>\r\n<!-- CODE END-->\t\t\t\t<\/div>\n\t\t\t\t<div class=\"elementor-element elementor-element-a2cc838 elementor-widget-divider--view-line elementor-widget elementor-widget-divider\" data-id=\"a2cc838\" data-element_type=\"widget\" data-e-type=\"widget\" data-widget_type=\"divider.default\">\n\t\t\t\t\t\t\t<div class=\"elementor-divider\">\n\t\t\t<span class=\"elementor-divider-separator\">\n\t\t\t\t\t\t<\/span>\n\t\t<\/div>\n\t\t\t\t\t\t<\/div>\n\t\t\t\t<div class=\"elementor-element elementor-element-286e4a9 elementor-widget elementor-widget-text-editor\" data-id=\"286e4a9\" data-element_type=\"widget\" data-e-type=\"widget\" data-widget_type=\"text-editor.default\">\n\t\t\t\t\t\t\t\t\t<div class=\"elementor-element elementor-element-8bdc703 elementor-widget elementor-widget-text-editor\" data-id=\"8bdc703\" data-element_type=\"widget\" data-widget_type=\"text-editor.default\">\n<div class=\"elementor-widget-container\">\n<div class=\"elementor-text-editor elementor-clearfix\">\n<p><a href=\"https:\/\/secure.hogast.it\/rxwidgets\/payment\/en?1386823A49DF9A74BB33497F1A51316278A8820F9323F3A665FC2480C6A55667\" target=\"_blank\" rel=\"noopener\"><span style=\"text-decoration: underline;\">If the form is not displayed, please click here.<\/span><\/a><\/p>\n<\/div>\n<p><\/div>\n<p><\/div>\n\t\t\t\t\t\t\t\t<\/div>\n\t\t\t\t\t<\/div>\n\t\t\t\t<\/div>\n\t\t<div class=\"elementor-element elementor-element-05746de e-con-full e-flex e-con e-parent\" data-id=\"05746de\" data-element_type=\"container\" data-e-type=\"container\">\n\t\t\t\t<div class=\"elementor-element elementor-element-f8ec3e8 elementor-widget elementor-widget-shortcode\" data-id=\"f8ec3e8\" data-element_type=\"widget\" data-e-type=\"widget\" data-widget_type=\"shortcode.default\">\n\t\t\t\t\t\t\t<div class=\"elementor-shortcode\">\t\t<div data-elementor-type=\"container\" data-elementor-id=\"1894\" class=\"elementor elementor-1894 elementor-1889\" data-elementor-post-type=\"elementor_library\">\n\t\t\t\t<div class=\"elementor-element elementor-element-2085d11 e-flex e-con-boxed e-con e-parent\" data-id=\"2085d11\" data-element_type=\"container\" data-e-type=\"container\" data-settings=\"{&quot;background_background&quot;:&quot;classic&quot;}\">\n\t\t\t\t\t<div class=\"e-con-inner\">\n\t\t<div class=\"elementor-element elementor-element-60fa684 e-flex e-con-boxed e-con e-child\" data-id=\"60fa684\" data-element_type=\"container\" data-e-type=\"container\">\n\t\t\t\t\t<div class=\"e-con-inner\">\n\t\t\t\t<div class=\"elementor-element elementor-element-5568d02 elementor-widget elementor-widget-heading\" data-id=\"5568d02\" data-element_type=\"widget\" data-e-type=\"widget\" data-widget_type=\"heading.default\">\n\t\t\t\t\t<h2 class=\"elementor-heading-title elementor-size-default\">Culinary delights and urban flair just a few steps away<\/h2>\t\t\t\t<\/div>\n\t\t\t\t\t<\/div>\n\t\t\t\t<\/div>\n\t\t<div class=\"elementor-element elementor-element-585c62d e-con-full e-flex e-con e-child\" data-id=\"585c62d\" data-element_type=\"container\" data-e-type=\"container\">\n\t\t<div class=\"elementor-element elementor-element-3f596e6 e-flex e-con-boxed e-con e-child\" data-id=\"3f596e6\" data-element_type=\"container\" data-e-type=\"container\">\n\t\t\t\t\t<div class=\"e-con-inner\">\n\t\t\t\t<div class=\"elementor-element elementor-element-6063040 elementor-widget elementor-widget-heading\" data-id=\"6063040\" data-element_type=\"widget\" data-e-type=\"widget\" data-widget_type=\"heading.default\">\n\t\t\t\t\t<h3 class=\"elementor-heading-title elementor-size-default\"> Cuisine at<br>'Alter Schlachthof'<\/h3>\t\t\t\t<\/div>\n\t\t\t\t<div class=\"elementor-element elementor-element-9f0dff8 elementor-widget elementor-widget-image\" data-id=\"9f0dff8\" data-element_type=\"widget\" data-e-type=\"widget\" data-widget_type=\"image.default\">\n\t\t\t\t\t\t\t\t\t\t\t\t\t\t\t<img fetchpriority=\"high\" decoding=\"async\" width=\"1024\" height=\"683\" src=\"https:\/\/lasserhaus.it\/wp-content\/uploads\/2024\/10\/alter-schlachthof-kulinarik-1.jpg\" class=\"attachment-large size-large wp-image-2651\" alt=\"Das Bild zeigt einen gedeckten Tisch im Restaurant Alter Schlachthof in Brixen. Auf dem Tisch befinden sich ein Steak, Salate, das hauseigene Viertel Bier und S\u00fcsskartoffel Spalten.\" srcset=\"https:\/\/lasserhaus.it\/wp-content\/uploads\/2024\/10\/alter-schlachthof-kulinarik-1.jpg 1024w, https:\/\/lasserhaus.it\/wp-content\/uploads\/2024\/10\/alter-schlachthof-kulinarik-1-300x200.jpg 300w, https:\/\/lasserhaus.it\/wp-content\/uploads\/2024\/10\/alter-schlachthof-kulinarik-1-768x512.jpg 768w\" sizes=\"(max-width: 1024px) 100vw, 1024px\" \/>\t\t\t\t\t\t\t\t\t\t\t\t\t\t\t<\/div>\n\t\t\t\t<div class=\"elementor-element elementor-element-65f7bd3 elementor-widget elementor-widget-text-editor\" data-id=\"65f7bd3\" data-element_type=\"widget\" data-e-type=\"widget\" data-widget_type=\"text-editor.default\">\n\t\t\t\t\t\t\t\t\t<p>In our restaurant \u2018Alter Schlachthof \u2018, we use as many products as possible from local farmers and selected suppliers in the immediate vicinity. This applies to South Tyrolean classics as well as excursions into international cuisine.<\/p>\n\t\t\t\t\t\t\t\t<\/div>\n\t\t\t\t\t<\/div>\n\t\t\t\t<\/div>\n\t\t<div class=\"elementor-element elementor-element-44ffff7 e-flex e-con-boxed e-con e-child\" data-id=\"44ffff7\" data-element_type=\"container\" data-e-type=\"container\">\n\t\t\t\t\t<div class=\"e-con-inner\">\n\t\t\t\t<div class=\"elementor-element elementor-element-fe2163b elementor-widget elementor-widget-heading\" data-id=\"fe2163b\" data-element_type=\"widget\" data-e-type=\"widget\" data-widget_type=\"heading.default\">\n\t\t\t\t\t<h3 class=\"elementor-heading-title elementor-size-default\">'Aperitivo-Time' at<br>the 'Viertel Bar' <\/h3>\t\t\t\t<\/div>\n\t\t\t\t<div class=\"elementor-element elementor-element-f9e9f88 elementor-widget elementor-widget-image\" data-id=\"f9e9f88\" data-element_type=\"widget\" data-e-type=\"widget\" data-widget_type=\"image.default\">\n\t\t\t\t\t\t\t\t\t\t\t\t\t\t\t<img decoding=\"async\" width=\"1024\" height=\"683\" src=\"https:\/\/lasserhaus.it\/wp-content\/uploads\/2024\/10\/K2A6739-web-\u00a9freiundzeit-1024x683.jpg\" class=\"attachment-large size-large wp-image-2601\" alt=\"Das 3 H\u00e4nde mit verschiedenen Getr\u00e4nken in der Viertel Bar in der Brixner Innenstadt beim Ansto\u00dfen\" srcset=\"https:\/\/lasserhaus.it\/wp-content\/uploads\/2024\/10\/K2A6739-web-\u00a9freiundzeit-1024x683.jpg 1024w, https:\/\/lasserhaus.it\/wp-content\/uploads\/2024\/10\/K2A6739-web-\u00a9freiundzeit-300x200.jpg 300w, https:\/\/lasserhaus.it\/wp-content\/uploads\/2024\/10\/K2A6739-web-\u00a9freiundzeit-768x512.jpg 768w, https:\/\/lasserhaus.it\/wp-content\/uploads\/2024\/10\/K2A6739-web-\u00a9freiundzeit-1536x1025.jpg 1536w, https:\/\/lasserhaus.it\/wp-content\/uploads\/2024\/10\/K2A6739-web-\u00a9freiundzeit.jpg 2048w\" sizes=\"(max-width: 1024px) 100vw, 1024px\" \/>\t\t\t\t\t\t\t\t\t\t\t\t\t\t\t<\/div>\n\t\t\t\t<div class=\"elementor-element elementor-element-84b9970 elementor-widget elementor-widget-text-editor\" data-id=\"84b9970\" data-element_type=\"widget\" data-e-type=\"widget\" data-widget_type=\"text-editor.default\">\n\t\t\t\t\t\t\t\t\t<p>Enjoy a wide selection of drinks and delicious easy dishes and appetisers in our bar in the centre of Bressanone\/Brixen. The stylish bar and the outdoor area with a view of the white tower invite young and old to linger.<\/p>\n\t\t\t\t\t\t\t\t<\/div>\n\t\t\t\t\t<\/div>\n\t\t\t\t<\/div>\n\t\t\t\t<\/div>\n\t\t\t\t\t<\/div>\n\t\t\t\t<\/div>\n\t\t\t\t<\/div>\n\t\t<\/div>\n\t\t\t\t\t\t<\/div>\n\t\t\t\t<\/div>\n\t\t\t\t<\/div>\n\t\t","protected":false},"excerpt":{"rendered":"<p>CANCELLATION POLICY The total amount will be paid directly at the accommodation. A credit card is required to make the reservation. Cancellation up to 5 days before arrival: free of charge Cancellation from 4 days before arrival: 50% of the total booking amount Cancellation from 2 days before arrival: 100% of the total booking amount [&hellip;]<\/p>\n","protected":false},"author":1,"featured_media":0,"parent":0,"menu_order":0,"comment_status":"closed","ping_status":"closed","template":"","meta":{"_acf_changed":false},"class_list":["post-889","page","type-page","status-publish","hentry"],"acf":[],"yoast_head":"<!-- This site is optimized with the Yoast SEO plugin v27.2 - https:\/\/yoast.com\/product\/yoast-seo-wordpress\/ -->\n<title>Cancellation policy - Lasserhaus<\/title>\n<meta name=\"robots\" content=\"index, follow, max-snippet:-1, max-image-preview:large, max-video-preview:-1\" \/>\n<link rel=\"canonical\" href=\"https:\/\/lasserhaus.it\/en\/cancellation-policy\/\" \/>\n<meta property=\"og:locale\" content=\"en_US\" \/>\n<meta property=\"og:type\" content=\"article\" \/>\n<meta property=\"og:title\" content=\"Cancellation policy - Lasserhaus\" \/>\n<meta property=\"og:description\" content=\"CANCELLATION POLICY The total amount will be paid directly at the accommodation. A credit card is required to make the reservation. Cancellation up to 5 days before arrival: free of charge Cancellation from 4 days before arrival: 50% of the total booking amount Cancellation from 2 days before arrival: 100% of the total booking amount [&hellip;]\" \/>\n<meta property=\"og:url\" content=\"https:\/\/lasserhaus.it\/en\/cancellation-policy\/\" \/>\n<meta property=\"og:site_name\" content=\"Lasserhaus\" \/>\n<meta property=\"article:modified_time\" content=\"2025-11-19T08:17:40+00:00\" \/>\n<meta name=\"twitter:card\" content=\"summary_large_image\" \/>\n<meta name=\"twitter:label1\" content=\"Est. reading time\" \/>\n\t<meta name=\"twitter:data1\" content=\"1 minute\" \/>\n<script type=\"application\/ld+json\" class=\"yoast-schema-graph\">{\"@context\":\"https:\/\/schema.org\",\"@graph\":[{\"@type\":\"WebPage\",\"@id\":\"https:\/\/lasserhaus.it\/en\/cancellation-policy\/\",\"url\":\"https:\/\/lasserhaus.it\/en\/cancellation-policy\/\",\"name\":\"Cancellation policy - Lasserhaus\",\"isPartOf\":{\"@id\":\"https:\/\/lasserhaus.it\/en\/#website\"},\"datePublished\":\"2023-08-25T11:57:39+00:00\",\"dateModified\":\"2025-11-19T08:17:40+00:00\",\"breadcrumb\":{\"@id\":\"https:\/\/lasserhaus.it\/en\/cancellation-policy\/#breadcrumb\"},\"inLanguage\":\"en-US\",\"potentialAction\":[{\"@type\":\"ReadAction\",\"target\":[\"https:\/\/lasserhaus.it\/en\/cancellation-policy\/\"]}]},{\"@type\":\"BreadcrumbList\",\"@id\":\"https:\/\/lasserhaus.it\/en\/cancellation-policy\/#breadcrumb\",\"itemListElement\":[{\"@type\":\"ListItem\",\"position\":1,\"name\":\"Home\",\"item\":\"https:\/\/lasserhaus.it\/en\/\"},{\"@type\":\"ListItem\",\"position\":2,\"name\":\"Cancellation policy\"}]},{\"@type\":\"WebSite\",\"@id\":\"https:\/\/lasserhaus.it\/en\/#website\",\"url\":\"https:\/\/lasserhaus.it\/en\/\",\"name\":\"Lasserhaus\",\"description\":\"\",\"publisher\":{\"@id\":\"https:\/\/lasserhaus.it\/en\/#organization\"},\"potentialAction\":[{\"@type\":\"SearchAction\",\"target\":{\"@type\":\"EntryPoint\",\"urlTemplate\":\"https:\/\/lasserhaus.it\/en\/?s={search_term_string}\"},\"query-input\":{\"@type\":\"PropertyValueSpecification\",\"valueRequired\":true,\"valueName\":\"search_term_string\"}}],\"inLanguage\":\"en-US\"},{\"@type\":\"Organization\",\"@id\":\"https:\/\/lasserhaus.it\/en\/#organization\",\"name\":\"Lasserhaus\",\"url\":\"https:\/\/lasserhaus.it\/en\/\",\"logo\":{\"@type\":\"ImageObject\",\"inLanguage\":\"en-US\",\"@id\":\"https:\/\/lasserhaus.it\/en\/#\/schema\/logo\/image\/\",\"url\":\"https:\/\/lasserhaus.it\/wp-content\/uploads\/2023\/04\/lasserhaus-logo-web.jpg\",\"contentUrl\":\"https:\/\/lasserhaus.it\/wp-content\/uploads\/2023\/04\/lasserhaus-logo-web.jpg\",\"width\":866,\"height\":460,\"caption\":\"Lasserhaus\"},\"image\":{\"@id\":\"https:\/\/lasserhaus.it\/en\/#\/schema\/logo\/image\/\"}}]}<\/script>\n<!-- \/ Yoast SEO plugin. -->","yoast_head_json":{"title":"Cancellation policy - Lasserhaus","robots":{"index":"index","follow":"follow","max-snippet":"max-snippet:-1","max-image-preview":"max-image-preview:large","max-video-preview":"max-video-preview:-1"},"canonical":"https:\/\/lasserhaus.it\/en\/cancellation-policy\/","og_locale":"en_US","og_type":"article","og_title":"Cancellation policy - Lasserhaus","og_description":"CANCELLATION POLICY The total amount will be paid directly at the accommodation. A credit card is required to make the reservation. Cancellation up to 5 days before arrival: free of charge Cancellation from 4 days before arrival: 50% of the total booking amount Cancellation from 2 days before arrival: 100% of the total booking amount [&hellip;]","og_url":"https:\/\/lasserhaus.it\/en\/cancellation-policy\/","og_site_name":"Lasserhaus","article_modified_time":"2025-11-19T08:17:40+00:00","twitter_card":"summary_large_image","twitter_misc":{"Est. reading time":"1 minute"},"schema":{"@context":"https:\/\/schema.org","@graph":[{"@type":"WebPage","@id":"https:\/\/lasserhaus.it\/en\/cancellation-policy\/","url":"https:\/\/lasserhaus.it\/en\/cancellation-policy\/","name":"Cancellation policy - Lasserhaus","isPartOf":{"@id":"https:\/\/lasserhaus.it\/en\/#website"},"datePublished":"2023-08-25T11:57:39+00:00","dateModified":"2025-11-19T08:17:40+00:00","breadcrumb":{"@id":"https:\/\/lasserhaus.it\/en\/cancellation-policy\/#breadcrumb"},"inLanguage":"en-US","potentialAction":[{"@type":"ReadAction","target":["https:\/\/lasserhaus.it\/en\/cancellation-policy\/"]}]},{"@type":"BreadcrumbList","@id":"https:\/\/lasserhaus.it\/en\/cancellation-policy\/#breadcrumb","itemListElement":[{"@type":"ListItem","position":1,"name":"Home","item":"https:\/\/lasserhaus.it\/en\/"},{"@type":"ListItem","position":2,"name":"Cancellation policy"}]},{"@type":"WebSite","@id":"https:\/\/lasserhaus.it\/en\/#website","url":"https:\/\/lasserhaus.it\/en\/","name":"Lasserhaus","description":"","publisher":{"@id":"https:\/\/lasserhaus.it\/en\/#organization"},"potentialAction":[{"@type":"SearchAction","target":{"@type":"EntryPoint","urlTemplate":"https:\/\/lasserhaus.it\/en\/?s={search_term_string}"},"query-input":{"@type":"PropertyValueSpecification","valueRequired":true,"valueName":"search_term_string"}}],"inLanguage":"en-US"},{"@type":"Organization","@id":"https:\/\/lasserhaus.it\/en\/#organization","name":"Lasserhaus","url":"https:\/\/lasserhaus.it\/en\/","logo":{"@type":"ImageObject","inLanguage":"en-US","@id":"https:\/\/lasserhaus.it\/en\/#\/schema\/logo\/image\/","url":"https:\/\/lasserhaus.it\/wp-content\/uploads\/2023\/04\/lasserhaus-logo-web.jpg","contentUrl":"https:\/\/lasserhaus.it\/wp-content\/uploads\/2023\/04\/lasserhaus-logo-web.jpg","width":866,"height":460,"caption":"Lasserhaus"},"image":{"@id":"https:\/\/lasserhaus.it\/en\/#\/schema\/logo\/image\/"}}]}},"_links":{"self":[{"href":"https:\/\/lasserhaus.it\/en\/wp-json\/wp\/v2\/pages\/889","targetHints":{"allow":["GET"]}}],"collection":[{"href":"https:\/\/lasserhaus.it\/en\/wp-json\/wp\/v2\/pages"}],"about":[{"href":"https:\/\/lasserhaus.it\/en\/wp-json\/wp\/v2\/types\/page"}],"author":[{"embeddable":true,"href":"https:\/\/lasserhaus.it\/en\/wp-json\/wp\/v2\/users\/1"}],"replies":[{"embeddable":true,"href":"https:\/\/lasserhaus.it\/en\/wp-json\/wp\/v2\/comments?post=889"}],"version-history":[{"count":8,"href":"https:\/\/lasserhaus.it\/en\/wp-json\/wp\/v2\/pages\/889\/revisions"}],"predecessor-version":[{"id":3874,"href":"https:\/\/lasserhaus.it\/en\/wp-json\/wp\/v2\/pages\/889\/revisions\/3874"}],"wp:attachment":[{"href":"https:\/\/lasserhaus.it\/en\/wp-json\/wp\/v2\/media?parent=889"}],"curies":[{"name":"wp","href":"https:\/\/api.w.org\/{rel}","templated":true}]}}