{"id":3496,"date":"2025-01-24T14:05:42","date_gmt":"2025-01-24T13:05:42","guid":{"rendered":"https:\/\/lasserhaus.it\/packages-and-offers-for-your-holiday-in-bressanone\/"},"modified":"2025-01-27T10:47:03","modified_gmt":"2025-01-27T09:47:03","slug":"packages-and-offers-for-your-holiday-in-bressanone","status":"publish","type":"page","link":"https:\/\/lasserhaus.it\/en\/packages-and-offers-for-your-holiday-in-bressanone\/","title":{"rendered":"Packages and offers for your holiday in Bressanone"},"content":{"rendered":"\t\t<div data-elementor-type=\"wp-page\" data-elementor-id=\"3496\" class=\"elementor elementor-3496 elementor-3389\" data-elementor-post-type=\"page\">\n\t\t\t\t<div class=\"elementor-element elementor-element-aa62786 e-flex e-con-boxed e-con e-parent\" data-id=\"aa62786\" data-element_type=\"container\" data-e-type=\"container\" data-settings=\"{&quot;background_background&quot;:&quot;classic&quot;}\">\n\t\t\t\t\t<div class=\"e-con-inner\">\n\t\t\t\t<div class=\"elementor-element elementor-element-d5bad5f elementor-widget elementor-widget-heading\" data-id=\"d5bad5f\" data-element_type=\"widget\" data-e-type=\"widget\" data-widget_type=\"heading.default\">\n\t\t\t\t\t<h1 class=\"elementor-heading-title elementor-size-default\">Packages &amp; offers<\/h1>\t\t\t\t<\/div>\n\t\t\t\t<div class=\"elementor-element elementor-element-140d20d elementor-widget elementor-widget-breadcrumbs\" data-id=\"140d20d\" data-element_type=\"widget\" data-e-type=\"widget\" data-widget_type=\"breadcrumbs.default\">\n\t\t\t\t\t<p id=\"breadcrumbs\"><span><span><a href=\"https:\/\/lasserhaus.it\/en\/\">Home<\/a><\/span><\/span><\/p>\t\t\t\t<\/div>\n\t\t\t\t<div class=\"elementor-element elementor-element-e83c605 elementor-widget elementor-widget-heading\" data-id=\"e83c605\" data-element_type=\"widget\" data-e-type=\"widget\" data-widget_type=\"heading.default\">\n\t\t\t\t\t<h2 class=\"elementor-heading-title elementor-size-default\">Packages and offers for your holiday in Bressanone<\/h2>\t\t\t\t<\/div>\n\t\t\t\t\t<\/div>\n\t\t\t\t<\/div>\n\t\t<div class=\"elementor-element elementor-element-bef62f4 e-flex e-con-boxed e-con e-parent\" data-id=\"bef62f4\" data-element_type=\"container\" data-e-type=\"container\" data-settings=\"{&quot;background_background&quot;:&quot;classic&quot;}\">\n\t\t\t\t\t<div class=\"e-con-inner\">\n\t\t\t\t<div class=\"elementor-element elementor-element-bbfc35e elementor-widget elementor-widget-html\" data-id=\"bbfc35e\" data-element_type=\"widget\" data-e-type=\"widget\" data-widget_type=\"html.default\">\n\t\t\t\t\t<div id=\"Bs-SpecialsWidget\"><\/div>\r\n<script\r\nid=\"booking-suedtirol-js\"\r\nsrc=\"https:\/\/widget.bookingsuedtirol.com\/v2\/bundle.js\"\r\ndefer\r\n><\/script>\r\n<script>\r\ndocument\r\n  .querySelector(\"#booking-suedtirol-js\")\r\n  .addEventListener(\"load\", () => {\r\n    BookingS\u00fcdtirol.Widgets.Specials(\"#Bs-SpecialsWidget\", {\r\n      id: \"d6296e02-af12-411a-bf34-0b80457050f8\",\r\n      propertyId: 13446,\r\n      lang: \"en\",\r\n      privacyURL: \"\/en\/privacy\/\",\r\n      termsURL: \"\/en\/cancellation-policy\/\",\r\n      layout: 'layout_1',\r\n      showFromPrice: true,\r\n    });\r\n  });\r\n<\/script>\t\t\t\t<\/div>\n\t\t\t\t\t<\/div>\n\t\t\t\t<\/div>\n\t\t<div class=\"elementor-element elementor-element-e20105d e-flex e-con-boxed e-con e-parent\" data-id=\"e20105d\" data-element_type=\"container\" data-e-type=\"container\">\n\t\t\t\t\t<div class=\"e-con-inner\">\n\t\t\t\t<div class=\"elementor-element elementor-element-43c2be2 elementor-widget elementor-widget-text-editor\" data-id=\"43c2be2\" data-element_type=\"widget\" data-e-type=\"widget\" data-widget_type=\"text-editor.default\">\n\t\t\t\t\t\t\t\t\t<p>Find us on <a href=\"https:\/\/www.bookingsuedtirol.com\/en\/bressanonebrixen\/arthotel-lasserhaus\">bookingsuedtirol.com<\/a><\/p>\n\t\t\t\t\t\t\t\t<\/div>\n\t\t\t\t<div class=\"elementor-element elementor-element-79af5bb elementor-widget-divider--view-line elementor-widget elementor-widget-divider\" data-id=\"79af5bb\" data-element_type=\"widget\" data-e-type=\"widget\" data-widget_type=\"divider.default\">\n\t\t\t\t\t\t\t<div class=\"elementor-divider\">\n\t\t\t<span class=\"elementor-divider-separator\">\n\t\t\t\t\t\t<\/span>\n\t\t<\/div>\n\t\t\t\t\t\t<\/div>\n\t\t\t\t<div class=\"elementor-element elementor-element-2c52bc2 elementor-widget elementor-widget-text-editor\" data-id=\"2c52bc2\" data-element_type=\"widget\" data-e-type=\"widget\" data-widget_type=\"text-editor.default\">\n\t\t\t\t\t\t\t\t\t<p><a href=\"https:\/\/lasserhaus.it\/en\/cancellation-policy\/\" target=\"_blank\" rel=\"noopener\">You can find information on our cancellation conditions here \u2192<\/a><\/p>\n\t\t\t\t\t\t\t\t<\/div>\n\t\t\t\t\t<\/div>\n\t\t\t\t<\/div>\n\t\t<div class=\"elementor-element elementor-element-a68f672 e-con-full e-flex e-con e-parent\" data-id=\"a68f672\" data-element_type=\"container\" data-e-type=\"container\">\n\t\t\t\t<div class=\"elementor-element elementor-element-9799005 elementor-widget elementor-widget-shortcode\" data-id=\"9799005\" data-element_type=\"widget\" data-e-type=\"widget\" data-widget_type=\"shortcode.default\">\n\t\t\t\t\t\t\t<div class=\"elementor-shortcode\">\t\t<div data-elementor-type=\"container\" data-elementor-id=\"1894\" class=\"elementor elementor-1894 elementor-1889\" data-elementor-post-type=\"elementor_library\">\n\t\t\t\t<div class=\"elementor-element elementor-element-2085d11 e-flex e-con-boxed e-con e-parent\" data-id=\"2085d11\" data-element_type=\"container\" data-e-type=\"container\" data-settings=\"{&quot;background_background&quot;:&quot;classic&quot;}\">\n\t\t\t\t\t<div class=\"e-con-inner\">\n\t\t<div class=\"elementor-element elementor-element-60fa684 e-flex e-con-boxed e-con e-child\" data-id=\"60fa684\" data-element_type=\"container\" data-e-type=\"container\">\n\t\t\t\t\t<div class=\"e-con-inner\">\n\t\t\t\t<div class=\"elementor-element elementor-element-5568d02 elementor-widget elementor-widget-heading\" data-id=\"5568d02\" data-element_type=\"widget\" data-e-type=\"widget\" data-widget_type=\"heading.default\">\n\t\t\t\t\t<h2 class=\"elementor-heading-title elementor-size-default\">Culinary delights and urban flair just a few steps away<\/h2>\t\t\t\t<\/div>\n\t\t\t\t\t<\/div>\n\t\t\t\t<\/div>\n\t\t<div class=\"elementor-element elementor-element-585c62d e-con-full e-flex e-con e-child\" data-id=\"585c62d\" data-element_type=\"container\" data-e-type=\"container\">\n\t\t<div class=\"elementor-element elementor-element-3f596e6 e-flex e-con-boxed e-con e-child\" data-id=\"3f596e6\" data-element_type=\"container\" data-e-type=\"container\">\n\t\t\t\t\t<div class=\"e-con-inner\">\n\t\t\t\t<div class=\"elementor-element elementor-element-6063040 elementor-widget elementor-widget-heading\" data-id=\"6063040\" data-element_type=\"widget\" data-e-type=\"widget\" data-widget_type=\"heading.default\">\n\t\t\t\t\t<h3 class=\"elementor-heading-title elementor-size-default\"> Cuisine at<br>'Alter Schlachthof'<\/h3>\t\t\t\t<\/div>\n\t\t\t\t<div class=\"elementor-element elementor-element-9f0dff8 elementor-widget elementor-widget-image\" data-id=\"9f0dff8\" data-element_type=\"widget\" data-e-type=\"widget\" data-widget_type=\"image.default\">\n\t\t\t\t\t\t\t\t\t\t\t\t\t\t\t<img fetchpriority=\"high\" decoding=\"async\" width=\"1024\" height=\"683\" src=\"https:\/\/lasserhaus.it\/wp-content\/uploads\/2024\/10\/alter-schlachthof-kulinarik-1.jpg\" class=\"attachment-large size-large wp-image-2651\" alt=\"Das Bild zeigt einen gedeckten Tisch im Restaurant Alter Schlachthof in Brixen. Auf dem Tisch befinden sich ein Steak, Salate, das hauseigene Viertel Bier und S\u00fcsskartoffel Spalten.\" srcset=\"https:\/\/lasserhaus.it\/wp-content\/uploads\/2024\/10\/alter-schlachthof-kulinarik-1.jpg 1024w, https:\/\/lasserhaus.it\/wp-content\/uploads\/2024\/10\/alter-schlachthof-kulinarik-1-300x200.jpg 300w, https:\/\/lasserhaus.it\/wp-content\/uploads\/2024\/10\/alter-schlachthof-kulinarik-1-768x512.jpg 768w\" sizes=\"(max-width: 1024px) 100vw, 1024px\" \/>\t\t\t\t\t\t\t\t\t\t\t\t\t\t\t<\/div>\n\t\t\t\t<div class=\"elementor-element elementor-element-65f7bd3 elementor-widget elementor-widget-text-editor\" data-id=\"65f7bd3\" data-element_type=\"widget\" data-e-type=\"widget\" data-widget_type=\"text-editor.default\">\n\t\t\t\t\t\t\t\t\t<p>In our restaurant \u2018Alter Schlachthof \u2018, we use as many products as possible from local farmers and selected suppliers in the immediate vicinity. This applies to South Tyrolean classics as well as excursions into international cuisine.<\/p>\n\t\t\t\t\t\t\t\t<\/div>\n\t\t\t\t\t<\/div>\n\t\t\t\t<\/div>\n\t\t<div class=\"elementor-element elementor-element-44ffff7 e-flex e-con-boxed e-con e-child\" data-id=\"44ffff7\" data-element_type=\"container\" data-e-type=\"container\">\n\t\t\t\t\t<div class=\"e-con-inner\">\n\t\t\t\t<div class=\"elementor-element elementor-element-fe2163b elementor-widget elementor-widget-heading\" data-id=\"fe2163b\" data-element_type=\"widget\" data-e-type=\"widget\" data-widget_type=\"heading.default\">\n\t\t\t\t\t<h3 class=\"elementor-heading-title elementor-size-default\">'Aperitivo-Time' at<br>the 'Viertel Bar' <\/h3>\t\t\t\t<\/div>\n\t\t\t\t<div class=\"elementor-element elementor-element-f9e9f88 elementor-widget elementor-widget-image\" data-id=\"f9e9f88\" data-element_type=\"widget\" data-e-type=\"widget\" data-widget_type=\"image.default\">\n\t\t\t\t\t\t\t\t\t\t\t\t\t\t\t<img decoding=\"async\" width=\"1024\" height=\"683\" src=\"https:\/\/lasserhaus.it\/wp-content\/uploads\/2024\/10\/K2A6739-web-\u00a9freiundzeit-1024x683.jpg\" class=\"attachment-large size-large wp-image-2601\" alt=\"Das 3 H\u00e4nde mit verschiedenen Getr\u00e4nken in der Viertel Bar in der Brixner Innenstadt beim Ansto\u00dfen\" srcset=\"https:\/\/lasserhaus.it\/wp-content\/uploads\/2024\/10\/K2A6739-web-\u00a9freiundzeit-1024x683.jpg 1024w, https:\/\/lasserhaus.it\/wp-content\/uploads\/2024\/10\/K2A6739-web-\u00a9freiundzeit-300x200.jpg 300w, https:\/\/lasserhaus.it\/wp-content\/uploads\/2024\/10\/K2A6739-web-\u00a9freiundzeit-768x512.jpg 768w, https:\/\/lasserhaus.it\/wp-content\/uploads\/2024\/10\/K2A6739-web-\u00a9freiundzeit-1536x1025.jpg 1536w, https:\/\/lasserhaus.it\/wp-content\/uploads\/2024\/10\/K2A6739-web-\u00a9freiundzeit.jpg 2048w\" sizes=\"(max-width: 1024px) 100vw, 1024px\" \/>\t\t\t\t\t\t\t\t\t\t\t\t\t\t\t<\/div>\n\t\t\t\t<div class=\"elementor-element elementor-element-84b9970 elementor-widget elementor-widget-text-editor\" data-id=\"84b9970\" data-element_type=\"widget\" data-e-type=\"widget\" data-widget_type=\"text-editor.default\">\n\t\t\t\t\t\t\t\t\t<p>Enjoy a wide selection of drinks and delicious easy dishes and appetisers in our bar in the centre of Bressanone\/Brixen. The stylish bar and the outdoor area with a view of the white tower invite young and old to linger.<\/p>\n\t\t\t\t\t\t\t\t<\/div>\n\t\t\t\t\t<\/div>\n\t\t\t\t<\/div>\n\t\t\t\t<\/div>\n\t\t\t\t\t<\/div>\n\t\t\t\t<\/div>\n\t\t\t\t<\/div>\n\t\t<\/div>\n\t\t\t\t\t\t<\/div>\n\t\t\t\t<\/div>\n\t\t\t\t<\/div>\n\t\t","protected":false},"excerpt":{"rendered":"<p>Packages &amp; offers Packages and offers for your holiday in Bressanone Find us on bookingsuedtirol.com You can find information on our cancellation conditions here \u2192<\/p>\n","protected":false},"author":1,"featured_media":1091,"parent":0,"menu_order":0,"comment_status":"closed","ping_status":"closed","template":"","meta":{"_acf_changed":false},"class_list":["post-3496","page","type-page","status-publish","has-post-thumbnail","hentry"],"acf":[],"yoast_head":"<!-- This site is optimized with the Yoast SEO plugin v27.2 - https:\/\/yoast.com\/product\/yoast-seo-wordpress\/ -->\n<title>Packages and offers for your holiday in Bressanone - Lasserhaus<\/title>\n<meta name=\"robots\" content=\"index, follow, max-snippet:-1, max-image-preview:large, max-video-preview:-1\" \/>\n<link rel=\"canonical\" href=\"https:\/\/lasserhaus.it\/en\/packages-and-offers-for-your-holiday-in-bressanone\/\" \/>\n<meta property=\"og:locale\" content=\"en_US\" \/>\n<meta property=\"og:type\" content=\"article\" \/>\n<meta property=\"og:title\" content=\"Packages and offers for your holiday in Bressanone - Lasserhaus\" \/>\n<meta property=\"og:description\" content=\"Packages &amp; offers Packages and offers for your holiday in Bressanone Find us on bookingsuedtirol.com You can find information on our cancellation conditions here \u2192\" \/>\n<meta property=\"og:url\" content=\"https:\/\/lasserhaus.it\/en\/packages-and-offers-for-your-holiday-in-bressanone\/\" \/>\n<meta property=\"og:site_name\" content=\"Lasserhaus\" \/>\n<meta property=\"article:modified_time\" content=\"2025-01-27T09:47:03+00:00\" \/>\n<meta property=\"og:image\" content=\"https:\/\/lasserhaus.it\/wp-content\/uploads\/2023\/11\/Lasserhaus-21.jpg\" \/>\n\t<meta property=\"og:image:width\" content=\"2048\" \/>\n\t<meta property=\"og:image:height\" content=\"1365\" \/>\n\t<meta property=\"og:image:type\" content=\"image\/jpeg\" \/>\n<meta name=\"twitter:card\" content=\"summary_large_image\" \/>\n<script type=\"application\/ld+json\" class=\"yoast-schema-graph\">{\"@context\":\"https:\/\/schema.org\",\"@graph\":[{\"@type\":\"WebPage\",\"@id\":\"https:\/\/lasserhaus.it\/en\/packages-and-offers-for-your-holiday-in-bressanone\/\",\"url\":\"https:\/\/lasserhaus.it\/en\/packages-and-offers-for-your-holiday-in-bressanone\/\",\"name\":\"Packages and offers for your holiday in Bressanone - Lasserhaus\",\"isPartOf\":{\"@id\":\"https:\/\/lasserhaus.it\/en\/#website\"},\"primaryImageOfPage\":{\"@id\":\"https:\/\/lasserhaus.it\/en\/packages-and-offers-for-your-holiday-in-bressanone\/#primaryimage\"},\"image\":{\"@id\":\"https:\/\/lasserhaus.it\/en\/packages-and-offers-for-your-holiday-in-bressanone\/#primaryimage\"},\"thumbnailUrl\":\"https:\/\/lasserhaus.it\/wp-content\/uploads\/2023\/11\/Lasserhaus-21.jpg\",\"datePublished\":\"2025-01-24T13:05:42+00:00\",\"dateModified\":\"2025-01-27T09:47:03+00:00\",\"breadcrumb\":{\"@id\":\"https:\/\/lasserhaus.it\/en\/packages-and-offers-for-your-holiday-in-bressanone\/#breadcrumb\"},\"inLanguage\":\"en-US\",\"potentialAction\":[{\"@type\":\"ReadAction\",\"target\":[\"https:\/\/lasserhaus.it\/en\/packages-and-offers-for-your-holiday-in-bressanone\/\"]}]},{\"@type\":\"ImageObject\",\"inLanguage\":\"en-US\",\"@id\":\"https:\/\/lasserhaus.it\/en\/packages-and-offers-for-your-holiday-in-bressanone\/#primaryimage\",\"url\":\"https:\/\/lasserhaus.it\/wp-content\/uploads\/2023\/11\/Lasserhaus-21.jpg\",\"contentUrl\":\"https:\/\/lasserhaus.it\/wp-content\/uploads\/2023\/11\/Lasserhaus-21.jpg\",\"width\":2048,\"height\":1365,\"caption\":\"Ein modernes Schlafzimmer mit einem zerw\u00fchlten, ungemachten Bett, wei\u00dfem Bettzeug, Holzb\u00f6den, Wandleuchten, dunklen Hochglanzschr\u00e4nken und beleuchteten offenen Regalen. Die warme Beleuchtung schafft eine gem\u00fctliche Atmosph\u00e4re.\"},{\"@type\":\"BreadcrumbList\",\"@id\":\"https:\/\/lasserhaus.it\/en\/packages-and-offers-for-your-holiday-in-bressanone\/#breadcrumb\",\"itemListElement\":[{\"@type\":\"ListItem\",\"position\":1,\"name\":\"Home\",\"item\":\"https:\/\/lasserhaus.it\/en\/\"},{\"@type\":\"ListItem\",\"position\":2,\"name\":\"Packages and offers for your holiday in Bressanone\"}]},{\"@type\":\"WebSite\",\"@id\":\"https:\/\/lasserhaus.it\/en\/#website\",\"url\":\"https:\/\/lasserhaus.it\/en\/\",\"name\":\"Lasserhaus\",\"description\":\"\",\"publisher\":{\"@id\":\"https:\/\/lasserhaus.it\/en\/#organization\"},\"potentialAction\":[{\"@type\":\"SearchAction\",\"target\":{\"@type\":\"EntryPoint\",\"urlTemplate\":\"https:\/\/lasserhaus.it\/en\/?s={search_term_string}\"},\"query-input\":{\"@type\":\"PropertyValueSpecification\",\"valueRequired\":true,\"valueName\":\"search_term_string\"}}],\"inLanguage\":\"en-US\"},{\"@type\":\"Organization\",\"@id\":\"https:\/\/lasserhaus.it\/en\/#organization\",\"name\":\"Lasserhaus\",\"url\":\"https:\/\/lasserhaus.it\/en\/\",\"logo\":{\"@type\":\"ImageObject\",\"inLanguage\":\"en-US\",\"@id\":\"https:\/\/lasserhaus.it\/en\/#\/schema\/logo\/image\/\",\"url\":\"https:\/\/lasserhaus.it\/wp-content\/uploads\/2023\/04\/lasserhaus-logo-web.jpg\",\"contentUrl\":\"https:\/\/lasserhaus.it\/wp-content\/uploads\/2023\/04\/lasserhaus-logo-web.jpg\",\"width\":866,\"height\":460,\"caption\":\"Lasserhaus\"},\"image\":{\"@id\":\"https:\/\/lasserhaus.it\/en\/#\/schema\/logo\/image\/\"}}]}<\/script>\n<!-- \/ Yoast SEO plugin. -->","yoast_head_json":{"title":"Packages and offers for your holiday in Bressanone - Lasserhaus","robots":{"index":"index","follow":"follow","max-snippet":"max-snippet:-1","max-image-preview":"max-image-preview:large","max-video-preview":"max-video-preview:-1"},"canonical":"https:\/\/lasserhaus.it\/en\/packages-and-offers-for-your-holiday-in-bressanone\/","og_locale":"en_US","og_type":"article","og_title":"Packages and offers for your holiday in Bressanone - Lasserhaus","og_description":"Packages &amp; offers Packages and offers for your holiday in Bressanone Find us on bookingsuedtirol.com You can find information on our cancellation conditions here \u2192","og_url":"https:\/\/lasserhaus.it\/en\/packages-and-offers-for-your-holiday-in-bressanone\/","og_site_name":"Lasserhaus","article_modified_time":"2025-01-27T09:47:03+00:00","og_image":[{"width":2048,"height":1365,"url":"https:\/\/lasserhaus.it\/wp-content\/uploads\/2023\/11\/Lasserhaus-21.jpg","type":"image\/jpeg"}],"twitter_card":"summary_large_image","schema":{"@context":"https:\/\/schema.org","@graph":[{"@type":"WebPage","@id":"https:\/\/lasserhaus.it\/en\/packages-and-offers-for-your-holiday-in-bressanone\/","url":"https:\/\/lasserhaus.it\/en\/packages-and-offers-for-your-holiday-in-bressanone\/","name":"Packages and offers for your holiday in Bressanone - Lasserhaus","isPartOf":{"@id":"https:\/\/lasserhaus.it\/en\/#website"},"primaryImageOfPage":{"@id":"https:\/\/lasserhaus.it\/en\/packages-and-offers-for-your-holiday-in-bressanone\/#primaryimage"},"image":{"@id":"https:\/\/lasserhaus.it\/en\/packages-and-offers-for-your-holiday-in-bressanone\/#primaryimage"},"thumbnailUrl":"https:\/\/lasserhaus.it\/wp-content\/uploads\/2023\/11\/Lasserhaus-21.jpg","datePublished":"2025-01-24T13:05:42+00:00","dateModified":"2025-01-27T09:47:03+00:00","breadcrumb":{"@id":"https:\/\/lasserhaus.it\/en\/packages-and-offers-for-your-holiday-in-bressanone\/#breadcrumb"},"inLanguage":"en-US","potentialAction":[{"@type":"ReadAction","target":["https:\/\/lasserhaus.it\/en\/packages-and-offers-for-your-holiday-in-bressanone\/"]}]},{"@type":"ImageObject","inLanguage":"en-US","@id":"https:\/\/lasserhaus.it\/en\/packages-and-offers-for-your-holiday-in-bressanone\/#primaryimage","url":"https:\/\/lasserhaus.it\/wp-content\/uploads\/2023\/11\/Lasserhaus-21.jpg","contentUrl":"https:\/\/lasserhaus.it\/wp-content\/uploads\/2023\/11\/Lasserhaus-21.jpg","width":2048,"height":1365,"caption":"Ein modernes Schlafzimmer mit einem zerw\u00fchlten, ungemachten Bett, wei\u00dfem Bettzeug, Holzb\u00f6den, Wandleuchten, dunklen Hochglanzschr\u00e4nken und beleuchteten offenen Regalen. Die warme Beleuchtung schafft eine gem\u00fctliche Atmosph\u00e4re."},{"@type":"BreadcrumbList","@id":"https:\/\/lasserhaus.it\/en\/packages-and-offers-for-your-holiday-in-bressanone\/#breadcrumb","itemListElement":[{"@type":"ListItem","position":1,"name":"Home","item":"https:\/\/lasserhaus.it\/en\/"},{"@type":"ListItem","position":2,"name":"Packages and offers for your holiday in Bressanone"}]},{"@type":"WebSite","@id":"https:\/\/lasserhaus.it\/en\/#website","url":"https:\/\/lasserhaus.it\/en\/","name":"Lasserhaus","description":"","publisher":{"@id":"https:\/\/lasserhaus.it\/en\/#organization"},"potentialAction":[{"@type":"SearchAction","target":{"@type":"EntryPoint","urlTemplate":"https:\/\/lasserhaus.it\/en\/?s={search_term_string}"},"query-input":{"@type":"PropertyValueSpecification","valueRequired":true,"valueName":"search_term_string"}}],"inLanguage":"en-US"},{"@type":"Organization","@id":"https:\/\/lasserhaus.it\/en\/#organization","name":"Lasserhaus","url":"https:\/\/lasserhaus.it\/en\/","logo":{"@type":"ImageObject","inLanguage":"en-US","@id":"https:\/\/lasserhaus.it\/en\/#\/schema\/logo\/image\/","url":"https:\/\/lasserhaus.it\/wp-content\/uploads\/2023\/04\/lasserhaus-logo-web.jpg","contentUrl":"https:\/\/lasserhaus.it\/wp-content\/uploads\/2023\/04\/lasserhaus-logo-web.jpg","width":866,"height":460,"caption":"Lasserhaus"},"image":{"@id":"https:\/\/lasserhaus.it\/en\/#\/schema\/logo\/image\/"}}]}},"_links":{"self":[{"href":"https:\/\/lasserhaus.it\/en\/wp-json\/wp\/v2\/pages\/3496","targetHints":{"allow":["GET"]}}],"collection":[{"href":"https:\/\/lasserhaus.it\/en\/wp-json\/wp\/v2\/pages"}],"about":[{"href":"https:\/\/lasserhaus.it\/en\/wp-json\/wp\/v2\/types\/page"}],"author":[{"embeddable":true,"href":"https:\/\/lasserhaus.it\/en\/wp-json\/wp\/v2\/users\/1"}],"replies":[{"embeddable":true,"href":"https:\/\/lasserhaus.it\/en\/wp-json\/wp\/v2\/comments?post=3496"}],"version-history":[{"count":4,"href":"https:\/\/lasserhaus.it\/en\/wp-json\/wp\/v2\/pages\/3496\/revisions"}],"predecessor-version":[{"id":3527,"href":"https:\/\/lasserhaus.it\/en\/wp-json\/wp\/v2\/pages\/3496\/revisions\/3527"}],"wp:featuredmedia":[{"embeddable":true,"href":"https:\/\/lasserhaus.it\/en\/wp-json\/wp\/v2\/media\/1091"}],"wp:attachment":[{"href":"https:\/\/lasserhaus.it\/en\/wp-json\/wp\/v2\/media?parent=3496"}],"curies":[{"name":"wp","href":"https:\/\/api.w.org\/{rel}","templated":true}]}}