{"id":3074,"date":"2024-10-25T09:50:35","date_gmt":"2024-10-25T07:50:35","guid":{"rendered":"https:\/\/lasserhaus.it\/directions\/"},"modified":"2025-06-04T11:32:24","modified_gmt":"2025-06-04T09:32:24","slug":"directions","status":"publish","type":"page","link":"https:\/\/lasserhaus.it\/en\/directions\/","title":{"rendered":"Directions"},"content":{"rendered":"\t\t<div data-elementor-type=\"wp-page\" data-elementor-id=\"3074\" class=\"elementor elementor-3074 elementor-3057\" data-elementor-post-type=\"page\">\n\t\t\t\t<div class=\"elementor-element elementor-element-4eb1245 e-flex e-con-boxed e-con e-parent\" data-id=\"4eb1245\" data-element_type=\"container\" data-e-type=\"container\" data-settings=\"{&quot;background_background&quot;:&quot;classic&quot;}\">\n\t\t\t\t\t<div class=\"e-con-inner\">\n\t\t\t\t<div class=\"elementor-element elementor-element-e5f875b elementor-widget elementor-widget-heading\" data-id=\"e5f875b\" data-element_type=\"widget\" data-e-type=\"widget\" data-widget_type=\"heading.default\">\n\t\t\t\t\t<h1 class=\"elementor-heading-title elementor-size-default\">Directions<\/h1>\t\t\t\t<\/div>\n\t\t\t\t<div class=\"elementor-element elementor-element-50ef3bf elementor-widget elementor-widget-breadcrumbs\" data-id=\"50ef3bf\" data-element_type=\"widget\" data-e-type=\"widget\" data-widget_type=\"breadcrumbs.default\">\n\t\t\t\t\t<p id=\"breadcrumbs\"><span><span><a href=\"https:\/\/lasserhaus.it\/en\/\">Home<\/a><\/span><\/span><\/p>\t\t\t\t<\/div>\n\t\t\t\t\t<\/div>\n\t\t\t\t<\/div>\n\t\t<div class=\"elementor-element elementor-element-a195ba0 e-flex e-con-boxed e-con e-parent\" data-id=\"a195ba0\" data-element_type=\"container\" data-e-type=\"container\">\n\t\t\t\t\t<div class=\"e-con-inner\">\n\t\t\t\t<div class=\"elementor-element elementor-element-0bc27eb elementor-widget elementor-widget-heading\" data-id=\"0bc27eb\" data-element_type=\"widget\" data-e-type=\"widget\" data-widget_type=\"heading.default\">\n\t\t\t\t\t<h2 class=\"elementor-heading-title elementor-size-default\">Arrival<\/h2>\t\t\t\t<\/div>\n\t\t\t\t<div class=\"elementor-element elementor-element-bc00f4d elementor-widget elementor-widget-heading\" data-id=\"bc00f4d\" data-element_type=\"widget\" data-e-type=\"widget\" data-widget_type=\"heading.default\">\n\t\t\t\t\t<h3 class=\"elementor-heading-title elementor-size-default\">Public Transport<\/h3>\t\t\t\t<\/div>\n\t\t\t\t<div class=\"elementor-element elementor-element-63f5b40 elementor-widget__width-initial elementor-widget-tablet__width-inherit elementor-widget elementor-widget-text-editor\" data-id=\"63f5b40\" data-element_type=\"widget\" data-e-type=\"widget\" data-widget_type=\"text-editor.default\">\n\t\t\t\t\t\t\t\t\t<p>The Lasserhaus is located at\u00a0<a href=\"https:\/\/maps.app.goo.gl\/gqr8wc2TpVu1Kbcn8\" target=\"_blank\" rel=\"noopener\">Stuflergasse 10<\/a>, about a 20-minute walk from the train station and 10 minutes from the bus station. The closest bus stops are \u2018Adlerbr\u00fccke\u2019 or \u2018Abzweigung Elvas\u2019.\u00a0<a href=\"https:\/\/www.suedtirolmobil.info\/en\/\" target=\"_blank\" rel=\"noopener\">You can plan your journey by public transport HERE.<\/a><\/p>\n\t\t\t\t\t\t\t\t<\/div>\n\t\t<div class=\"elementor-element elementor-element-735c64f e-con-full e-flex e-con e-child\" data-id=\"735c64f\" data-element_type=\"container\" data-e-type=\"container\">\n\t\t<div class=\"elementor-element elementor-element-ef8b777 e-con-full e-flex e-con e-child\" data-id=\"ef8b777\" data-element_type=\"container\" data-e-type=\"container\">\n\t\t\t\t<div class=\"elementor-element elementor-element-60aff9b elementor-widget elementor-widget-heading\" data-id=\"60aff9b\" data-element_type=\"widget\" data-e-type=\"widget\" data-widget_type=\"heading.default\">\n\t\t\t\t\t<h4 class=\"elementor-heading-title elementor-size-default\">Arrival by train<\/h4>\t\t\t\t<\/div>\n\t\t\t\t<div class=\"elementor-element elementor-element-7e04dc3 elementor-widget elementor-widget-text-editor\" data-id=\"7e04dc3\" data-element_type=\"widget\" data-e-type=\"widget\" data-widget_type=\"text-editor.default\">\n\t\t\t\t\t\t\t\t\t<ul>\n<li><a href=\"https:\/\/www.bahn.com\/en\/view\/index.shtml\" target=\"_blank\" rel=\"noopener\">German railway<\/a><\/li>\n<li><a href=\"https:\/\/www.oebb.at\/en\/\" target=\"_blank\" rel=\"noopener\">Austrian railway<\/a><\/li>\n<li><a href=\"https:\/\/www.sbb.ch\/en\" target=\"_blank\" rel=\"noopener\">Swiss railway<\/a><\/li>\n<li><a href=\"https:\/\/www.trenitalia.com\/tcom-en\" target=\"_blank\" rel=\"noopener\">Italian railway<\/a><\/li>\n<\/ul>\n\t\t\t\t\t\t\t\t<\/div>\n\t\t\t\t<\/div>\n\t\t<div class=\"elementor-element elementor-element-a109c60 e-con-full e-flex e-con e-child\" data-id=\"a109c60\" data-element_type=\"container\" data-e-type=\"container\">\n\t\t\t\t<div class=\"elementor-element elementor-element-94fe827 elementor-widget elementor-widget-heading\" data-id=\"94fe827\" data-element_type=\"widget\" data-e-type=\"widget\" data-widget_type=\"heading.default\">\n\t\t\t\t\t<h4 class=\"elementor-heading-title elementor-size-default\">Arrival by air<\/h4>\t\t\t\t<\/div>\n\t\t\t\t<div class=\"elementor-element elementor-element-bed3645 elementor-widget elementor-widget-text-editor\" data-id=\"bed3645\" data-element_type=\"widget\" data-e-type=\"widget\" data-widget_type=\"text-editor.default\">\n\t\t\t\t\t\t\t\t\t<ul>\n<li><a href=\"https:\/\/www.skyalps.com\/en\" target=\"_blank\" rel=\"noopener\">Bolzano airport<\/a><\/li>\n<li><a href=\"https:\/\/www.innsbruck-airport.com\/\" target=\"_blank\" rel=\"noopener\">Innsbruck airport<\/a><\/li>\n<li><a href=\"https:\/\/www.aeroportoverona.it\/en\" target=\"_blank\" rel=\"noopener\">Verona airport<\/a><\/li>\n<\/ul>\n\t\t\t\t\t\t\t\t<\/div>\n\t\t\t\t<\/div>\n\t\t\t\t<\/div>\n\t\t\t\t<div class=\"elementor-element elementor-element-4ed7123 elementor-widget elementor-widget-heading\" data-id=\"4ed7123\" data-element_type=\"widget\" data-e-type=\"widget\" data-widget_type=\"heading.default\">\n\t\t\t\t\t<h3 class=\"elementor-heading-title elementor-size-default\">Bicycle<\/h3>\t\t\t\t<\/div>\n\t\t\t\t<div class=\"elementor-element elementor-element-fadc83a elementor-widget__width-initial elementor-widget-tablet__width-inherit elementor-widget elementor-widget-text-editor\" data-id=\"fadc83a\" data-element_type=\"widget\" data-e-type=\"widget\" data-widget_type=\"text-editor.default\">\n\t\t\t\t\t\t\t\t\t<p>The Arthotel Lasserhaus is located directly on the Brenner-Bolzano cycle route, part of the cross-border Munich-Verona cycle route.<\/p>\n\t\t\t\t\t\t\t\t<\/div>\n\t\t\t\t<div class=\"elementor-element elementor-element-ec6fbc1 elementor-widget elementor-widget-heading\" data-id=\"ec6fbc1\" data-element_type=\"widget\" data-e-type=\"widget\" data-widget_type=\"heading.default\">\n\t\t\t\t\t<h3 class=\"elementor-heading-title elementor-size-default\">S\u00fcdtirol Transfer - Your Connecting Shuttle<\/h3>\t\t\t\t<\/div>\n\t\t\t\t<div class=\"elementor-element elementor-element-841ffa3 elementor-widget__width-initial elementor-widget-tablet__width-inherit elementor-widget elementor-widget-text-editor\" data-id=\"841ffa3\" data-element_type=\"widget\" data-e-type=\"widget\" data-widget_type=\"text-editor.default\">\n\t\t\t\t\t\t\t\t\t<p>The car&#8217;s on vacation! Do you want to travel to South Tyrol in an environmentally friendly way by train or long-distance bus?\u00a0\u00a0The connecting shuttle S\u00fcdtirol Transfer takes you stress-free from the train or bus station directly to our hotel!<\/p>\n<p>Book here:<\/p>\n\t\t\t\t\t\t\t\t<\/div>\n\t\t\t\t<div class=\"elementor-element elementor-element-12f31b2 elementor-widget elementor-widget-image\" data-id=\"12f31b2\" data-element_type=\"widget\" data-e-type=\"widget\" data-widget_type=\"image.default\">\n\t\t\t\t\t\t\t\t\t\t\t\t\t\t\t\t<a href=\"https:\/\/www.suedtiroltransfer.com\/en\" target=\"_blank\" aria-label=\"suedtiroltransfer.com\">\n\t\t\t\t\t\t\t<img decoding=\"async\" width=\"200\" height=\"36\" src=\"https:\/\/lasserhaus.it\/wp-content\/uploads\/2024\/10\/logo_final_positiv.png\" class=\"attachment-large size-large wp-image-3063\" alt=\"S\u00fcdtirol Transfer Logo\" \/>\t\t\t\t\t\t\t\t<\/a>\n\t\t\t\t\t\t\t\t\t\t\t\t\t\t\t<\/div>\n\t\t\t\t<div class=\"elementor-element elementor-element-aefdcf0 elementor-widget elementor-widget-heading\" data-id=\"aefdcf0\" data-element_type=\"widget\" data-e-type=\"widget\" data-widget_type=\"heading.default\">\n\t\t\t\t\t<h3 class=\"elementor-heading-title elementor-size-default\">Car or Motorbike<\/h3>\t\t\t\t<\/div>\n\t\t\t\t<div class=\"elementor-element elementor-element-92bd344 elementor-widget__width-initial elementor-widget-tablet__width-inherit elementor-widget elementor-widget-text-editor\" data-id=\"92bd344\" data-element_type=\"widget\" data-e-type=\"widget\" data-widget_type=\"text-editor.default\">\n\t\t\t\t\t\t\t\t\t<p>The Hotel Lasserhaus is located directly on the Adlerbr\u00fccke in a traffic-calmed zone.<\/p>\n<p>For\u00a0check-in\u00a0you can drive directly to the hotel and park for max.\u00a015 minutes\u00a0for\u00a0loading\/unloading.<\/p>\n<p>On request, we can reserve a parking space for you in our private Viertel Garage for \u20ac25\/day. Please let us know when booking if you would like to use this option. Our Viertel Garage is located at Obere Schutzengelgasse 24-26, approx. 200m from the hotel. Alternatives: Public parking garage Stufels, Cesare-Battisti Street or public car park Priel\/Acquarena.<\/p>\n\t\t\t\t\t\t\t\t<\/div>\n\t\t<div class=\"elementor-element elementor-element-dc3cb6d e-con-full e-flex e-con e-child\" data-id=\"dc3cb6d\" data-element_type=\"container\" data-e-type=\"container\">\n\t\t\t\t<div class=\"elementor-element elementor-element-fefc98e elementor-widget elementor-widget-text-editor\" data-id=\"fefc98e\" data-element_type=\"widget\" data-e-type=\"widget\" data-widget_type=\"text-editor.default\">\n\t\t\t\t\t\t\t\t\t<ul>\n<li><a href=\"https:\/\/verkehr.provinz.bz.it\/default.asp\" target=\"_blank\" rel=\"noopener\">Traffic conditions<\/a><\/li>\n<li><a href=\"https:\/\/www.autobrennero.it\/en\/\" target=\"_blank\" rel=\"noopener\">Brennerautobahn<\/a><\/li>\n<\/ul>\n\t\t\t\t\t\t\t\t<\/div>\n\t\t\t\t<\/div>\n\t\t\t\t<div class=\"elementor-element elementor-element-e8ed103 elementor-widget elementor-widget-html\" data-id=\"e8ed103\" data-element_type=\"widget\" data-e-type=\"widget\" data-widget_type=\"html.default\">\n\t\t\t\t\t<odh-howtoarriveinsouthtyrol-widget data-color=\"#282828\" data-filter=\"\" data-hideaccommodations=\"true\" data-lang=\"en\" data-random=\"false\"><\/odh-howtoarriveinsouthtyrol-widget><br><script src=\"https:\/\/cdn.webcomponents.opendatahub.com\/dist\/e743026a-e53d-4898-b886-e0ac1d9a0c48\/widget.js\"><\/script>\t\t\t\t<\/div>\n\t\t\t\t\t<\/div>\n\t\t\t\t<\/div>\n\t\t<div class=\"elementor-element elementor-element-03d93e4 e-con-full e-flex e-con e-parent\" data-id=\"03d93e4\" data-element_type=\"container\" data-e-type=\"container\">\n\t\t\t\t<div class=\"elementor-element elementor-element-ab83618 elementor-widget elementor-widget-shortcode\" data-id=\"ab83618\" data-element_type=\"widget\" data-e-type=\"widget\" data-widget_type=\"shortcode.default\">\n\t\t\t\t\t\t\t<div class=\"elementor-shortcode\">\t\t<div data-elementor-type=\"container\" data-elementor-id=\"1894\" class=\"elementor elementor-1894 elementor-1889\" data-elementor-post-type=\"elementor_library\">\n\t\t\t\t<div class=\"elementor-element elementor-element-2085d11 e-flex e-con-boxed e-con e-parent\" data-id=\"2085d11\" data-element_type=\"container\" data-e-type=\"container\" data-settings=\"{&quot;background_background&quot;:&quot;classic&quot;}\">\n\t\t\t\t\t<div class=\"e-con-inner\">\n\t\t<div class=\"elementor-element elementor-element-60fa684 e-flex e-con-boxed e-con e-child\" data-id=\"60fa684\" data-element_type=\"container\" data-e-type=\"container\">\n\t\t\t\t\t<div class=\"e-con-inner\">\n\t\t\t\t<div class=\"elementor-element elementor-element-5568d02 elementor-widget elementor-widget-heading\" data-id=\"5568d02\" data-element_type=\"widget\" data-e-type=\"widget\" data-widget_type=\"heading.default\">\n\t\t\t\t\t<h2 class=\"elementor-heading-title elementor-size-default\">Culinary delights and urban flair just a few steps away<\/h2>\t\t\t\t<\/div>\n\t\t\t\t\t<\/div>\n\t\t\t\t<\/div>\n\t\t<div class=\"elementor-element elementor-element-585c62d e-con-full e-flex e-con e-child\" data-id=\"585c62d\" data-element_type=\"container\" data-e-type=\"container\">\n\t\t<div class=\"elementor-element elementor-element-3f596e6 e-flex e-con-boxed e-con e-child\" data-id=\"3f596e6\" data-element_type=\"container\" data-e-type=\"container\">\n\t\t\t\t\t<div class=\"e-con-inner\">\n\t\t\t\t<div class=\"elementor-element elementor-element-6063040 elementor-widget elementor-widget-heading\" data-id=\"6063040\" data-element_type=\"widget\" data-e-type=\"widget\" data-widget_type=\"heading.default\">\n\t\t\t\t\t<h3 class=\"elementor-heading-title elementor-size-default\"> Cuisine at<br>'Alter Schlachthof'<\/h3>\t\t\t\t<\/div>\n\t\t\t\t<div class=\"elementor-element elementor-element-9f0dff8 elementor-widget elementor-widget-image\" data-id=\"9f0dff8\" data-element_type=\"widget\" data-e-type=\"widget\" data-widget_type=\"image.default\">\n\t\t\t\t\t\t\t\t\t\t\t\t\t\t\t<img fetchpriority=\"high\" decoding=\"async\" width=\"1024\" height=\"683\" src=\"https:\/\/lasserhaus.it\/wp-content\/uploads\/2024\/10\/alter-schlachthof-kulinarik-1.jpg\" class=\"attachment-large size-large wp-image-2651\" alt=\"Das Bild zeigt einen gedeckten Tisch im Restaurant Alter Schlachthof in Brixen. Auf dem Tisch befinden sich ein Steak, Salate, das hauseigene Viertel Bier und S\u00fcsskartoffel Spalten.\" srcset=\"https:\/\/lasserhaus.it\/wp-content\/uploads\/2024\/10\/alter-schlachthof-kulinarik-1.jpg 1024w, https:\/\/lasserhaus.it\/wp-content\/uploads\/2024\/10\/alter-schlachthof-kulinarik-1-300x200.jpg 300w, https:\/\/lasserhaus.it\/wp-content\/uploads\/2024\/10\/alter-schlachthof-kulinarik-1-768x512.jpg 768w\" sizes=\"(max-width: 1024px) 100vw, 1024px\" \/>\t\t\t\t\t\t\t\t\t\t\t\t\t\t\t<\/div>\n\t\t\t\t<div class=\"elementor-element elementor-element-65f7bd3 elementor-widget elementor-widget-text-editor\" data-id=\"65f7bd3\" data-element_type=\"widget\" data-e-type=\"widget\" data-widget_type=\"text-editor.default\">\n\t\t\t\t\t\t\t\t\t<p>In our restaurant \u2018Alter Schlachthof \u2018, we use as many products as possible from local farmers and selected suppliers in the immediate vicinity. This applies to South Tyrolean classics as well as excursions into international cuisine.<\/p>\n\t\t\t\t\t\t\t\t<\/div>\n\t\t\t\t\t<\/div>\n\t\t\t\t<\/div>\n\t\t<div class=\"elementor-element elementor-element-44ffff7 e-flex e-con-boxed e-con e-child\" data-id=\"44ffff7\" data-element_type=\"container\" data-e-type=\"container\">\n\t\t\t\t\t<div class=\"e-con-inner\">\n\t\t\t\t<div class=\"elementor-element elementor-element-fe2163b elementor-widget elementor-widget-heading\" data-id=\"fe2163b\" data-element_type=\"widget\" data-e-type=\"widget\" data-widget_type=\"heading.default\">\n\t\t\t\t\t<h3 class=\"elementor-heading-title elementor-size-default\">'Aperitivo-Time' at<br>the 'Viertel Bar' <\/h3>\t\t\t\t<\/div>\n\t\t\t\t<div class=\"elementor-element elementor-element-f9e9f88 elementor-widget elementor-widget-image\" data-id=\"f9e9f88\" data-element_type=\"widget\" data-e-type=\"widget\" data-widget_type=\"image.default\">\n\t\t\t\t\t\t\t\t\t\t\t\t\t\t\t<img decoding=\"async\" width=\"1024\" height=\"683\" src=\"https:\/\/lasserhaus.it\/wp-content\/uploads\/2024\/10\/K2A6739-web-\u00a9freiundzeit-1024x683.jpg\" class=\"attachment-large size-large wp-image-2601\" alt=\"Das 3 H\u00e4nde mit verschiedenen Getr\u00e4nken in der Viertel Bar in der Brixner Innenstadt beim Ansto\u00dfen\" srcset=\"https:\/\/lasserhaus.it\/wp-content\/uploads\/2024\/10\/K2A6739-web-\u00a9freiundzeit-1024x683.jpg 1024w, https:\/\/lasserhaus.it\/wp-content\/uploads\/2024\/10\/K2A6739-web-\u00a9freiundzeit-300x200.jpg 300w, https:\/\/lasserhaus.it\/wp-content\/uploads\/2024\/10\/K2A6739-web-\u00a9freiundzeit-768x512.jpg 768w, https:\/\/lasserhaus.it\/wp-content\/uploads\/2024\/10\/K2A6739-web-\u00a9freiundzeit-1536x1025.jpg 1536w, https:\/\/lasserhaus.it\/wp-content\/uploads\/2024\/10\/K2A6739-web-\u00a9freiundzeit.jpg 2048w\" sizes=\"(max-width: 1024px) 100vw, 1024px\" \/>\t\t\t\t\t\t\t\t\t\t\t\t\t\t\t<\/div>\n\t\t\t\t<div class=\"elementor-element elementor-element-84b9970 elementor-widget elementor-widget-text-editor\" data-id=\"84b9970\" data-element_type=\"widget\" data-e-type=\"widget\" data-widget_type=\"text-editor.default\">\n\t\t\t\t\t\t\t\t\t<p>Enjoy a wide selection of drinks and delicious easy dishes and appetisers in our bar in the centre of Bressanone\/Brixen. The stylish bar and the outdoor area with a view of the white tower invite young and old to linger.<\/p>\n\t\t\t\t\t\t\t\t<\/div>\n\t\t\t\t\t<\/div>\n\t\t\t\t<\/div>\n\t\t\t\t<\/div>\n\t\t\t\t\t<\/div>\n\t\t\t\t<\/div>\n\t\t\t\t<\/div>\n\t\t<\/div>\n\t\t\t\t\t\t<\/div>\n\t\t\t\t<\/div>\n\t\t\t\t<\/div>\n\t\t","protected":false},"excerpt":{"rendered":"<p>Directions Arrival Public Transport The Lasserhaus is located at\u00a0Stuflergasse 10, about a 20-minute walk from the train station and 10 minutes from the bus station. The closest bus stops are \u2018Adlerbr\u00fccke\u2019 or \u2018Abzweigung Elvas\u2019.\u00a0You can plan your journey by public transport HERE. Arrival by train German railway Austrian railway Swiss railway Italian railway Arrival by [&hellip;]<\/p>\n","protected":false},"author":1,"featured_media":3060,"parent":0,"menu_order":0,"comment_status":"closed","ping_status":"closed","template":"","meta":{"_acf_changed":false},"class_list":["post-3074","page","type-page","status-publish","has-post-thumbnail","hentry"],"acf":[],"yoast_head":"<!-- This site is optimized with the Yoast SEO plugin v27.2 - https:\/\/yoast.com\/product\/yoast-seo-wordpress\/ -->\n<title>Directions - Lasserhaus<\/title>\n<meta name=\"robots\" content=\"index, follow, max-snippet:-1, max-image-preview:large, max-video-preview:-1\" \/>\n<link rel=\"canonical\" href=\"https:\/\/lasserhaus.it\/en\/directions\/\" \/>\n<meta property=\"og:locale\" content=\"en_US\" \/>\n<meta property=\"og:type\" content=\"article\" \/>\n<meta property=\"og:title\" content=\"Directions - Lasserhaus\" \/>\n<meta property=\"og:description\" content=\"Directions Arrival Public Transport The Lasserhaus is located at\u00a0Stuflergasse 10, about a 20-minute walk from the train station and 10 minutes from the bus station. The closest bus stops are \u2018Adlerbr\u00fccke\u2019 or \u2018Abzweigung Elvas\u2019.\u00a0You can plan your journey by public transport HERE. Arrival by train German railway Austrian railway Swiss railway Italian railway Arrival by [&hellip;]\" \/>\n<meta property=\"og:url\" content=\"https:\/\/lasserhaus.it\/en\/directions\/\" \/>\n<meta property=\"og:site_name\" content=\"Lasserhaus\" \/>\n<meta property=\"article:modified_time\" content=\"2025-06-04T09:32:24+00:00\" \/>\n<meta property=\"og:image\" content=\"https:\/\/lasserhaus.it\/wp-content\/uploads\/2024\/10\/\ufffc_K2A3794-1-web-\u00a9freiundzeit.jpg\" \/>\n\t<meta property=\"og:image:width\" content=\"2048\" \/>\n\t<meta property=\"og:image:height\" content=\"1366\" \/>\n\t<meta property=\"og:image:type\" content=\"image\/jpeg\" \/>\n<meta name=\"twitter:card\" content=\"summary_large_image\" \/>\n<meta name=\"twitter:label1\" content=\"Est. reading time\" \/>\n\t<meta name=\"twitter:data1\" content=\"1 minute\" \/>\n<script type=\"application\/ld+json\" class=\"yoast-schema-graph\">{\"@context\":\"https:\/\/schema.org\",\"@graph\":[{\"@type\":\"WebPage\",\"@id\":\"https:\/\/lasserhaus.it\/en\/directions\/\",\"url\":\"https:\/\/lasserhaus.it\/en\/directions\/\",\"name\":\"Directions - Lasserhaus\",\"isPartOf\":{\"@id\":\"https:\/\/lasserhaus.it\/en\/#website\"},\"primaryImageOfPage\":{\"@id\":\"https:\/\/lasserhaus.it\/en\/directions\/#primaryimage\"},\"image\":{\"@id\":\"https:\/\/lasserhaus.it\/en\/directions\/#primaryimage\"},\"thumbnailUrl\":\"https:\/\/lasserhaus.it\/wp-content\/uploads\/2024\/10\/\ufffc_K2A3794-1-web-\u00a9freiundzeit.jpg\",\"datePublished\":\"2024-10-25T07:50:35+00:00\",\"dateModified\":\"2025-06-04T09:32:24+00:00\",\"breadcrumb\":{\"@id\":\"https:\/\/lasserhaus.it\/en\/directions\/#breadcrumb\"},\"inLanguage\":\"en-US\",\"potentialAction\":[{\"@type\":\"ReadAction\",\"target\":[\"https:\/\/lasserhaus.it\/en\/directions\/\"]}]},{\"@type\":\"ImageObject\",\"inLanguage\":\"en-US\",\"@id\":\"https:\/\/lasserhaus.it\/en\/directions\/#primaryimage\",\"url\":\"https:\/\/lasserhaus.it\/wp-content\/uploads\/2024\/10\/\ufffc_K2A3794-1-web-\u00a9freiundzeit.jpg\",\"contentUrl\":\"https:\/\/lasserhaus.it\/wp-content\/uploads\/2024\/10\/\ufffc_K2A3794-1-web-\u00a9freiundzeit.jpg\",\"width\":2048,\"height\":1366,\"caption\":\"Das Bild zeigt die Fassade des Lasserhaus bei Tageslicht\"},{\"@type\":\"BreadcrumbList\",\"@id\":\"https:\/\/lasserhaus.it\/en\/directions\/#breadcrumb\",\"itemListElement\":[{\"@type\":\"ListItem\",\"position\":1,\"name\":\"Home\",\"item\":\"https:\/\/lasserhaus.it\/en\/\"},{\"@type\":\"ListItem\",\"position\":2,\"name\":\"Directions\"}]},{\"@type\":\"WebSite\",\"@id\":\"https:\/\/lasserhaus.it\/en\/#website\",\"url\":\"https:\/\/lasserhaus.it\/en\/\",\"name\":\"Lasserhaus\",\"description\":\"\",\"publisher\":{\"@id\":\"https:\/\/lasserhaus.it\/en\/#organization\"},\"potentialAction\":[{\"@type\":\"SearchAction\",\"target\":{\"@type\":\"EntryPoint\",\"urlTemplate\":\"https:\/\/lasserhaus.it\/en\/?s={search_term_string}\"},\"query-input\":{\"@type\":\"PropertyValueSpecification\",\"valueRequired\":true,\"valueName\":\"search_term_string\"}}],\"inLanguage\":\"en-US\"},{\"@type\":\"Organization\",\"@id\":\"https:\/\/lasserhaus.it\/en\/#organization\",\"name\":\"Lasserhaus\",\"url\":\"https:\/\/lasserhaus.it\/en\/\",\"logo\":{\"@type\":\"ImageObject\",\"inLanguage\":\"en-US\",\"@id\":\"https:\/\/lasserhaus.it\/en\/#\/schema\/logo\/image\/\",\"url\":\"https:\/\/lasserhaus.it\/wp-content\/uploads\/2023\/04\/lasserhaus-logo-web.jpg\",\"contentUrl\":\"https:\/\/lasserhaus.it\/wp-content\/uploads\/2023\/04\/lasserhaus-logo-web.jpg\",\"width\":866,\"height\":460,\"caption\":\"Lasserhaus\"},\"image\":{\"@id\":\"https:\/\/lasserhaus.it\/en\/#\/schema\/logo\/image\/\"}}]}<\/script>\n<!-- \/ Yoast SEO plugin. -->","yoast_head_json":{"title":"Directions - Lasserhaus","robots":{"index":"index","follow":"follow","max-snippet":"max-snippet:-1","max-image-preview":"max-image-preview:large","max-video-preview":"max-video-preview:-1"},"canonical":"https:\/\/lasserhaus.it\/en\/directions\/","og_locale":"en_US","og_type":"article","og_title":"Directions - Lasserhaus","og_description":"Directions Arrival Public Transport The Lasserhaus is located at\u00a0Stuflergasse 10, about a 20-minute walk from the train station and 10 minutes from the bus station. The closest bus stops are \u2018Adlerbr\u00fccke\u2019 or \u2018Abzweigung Elvas\u2019.\u00a0You can plan your journey by public transport HERE. Arrival by train German railway Austrian railway Swiss railway Italian railway Arrival by [&hellip;]","og_url":"https:\/\/lasserhaus.it\/en\/directions\/","og_site_name":"Lasserhaus","article_modified_time":"2025-06-04T09:32:24+00:00","og_image":[{"width":2048,"height":1366,"url":"https:\/\/lasserhaus.it\/wp-content\/uploads\/2024\/10\/\ufffc_K2A3794-1-web-\u00a9freiundzeit.jpg","type":"image\/jpeg"}],"twitter_card":"summary_large_image","twitter_misc":{"Est. reading time":"1 minute"},"schema":{"@context":"https:\/\/schema.org","@graph":[{"@type":"WebPage","@id":"https:\/\/lasserhaus.it\/en\/directions\/","url":"https:\/\/lasserhaus.it\/en\/directions\/","name":"Directions - Lasserhaus","isPartOf":{"@id":"https:\/\/lasserhaus.it\/en\/#website"},"primaryImageOfPage":{"@id":"https:\/\/lasserhaus.it\/en\/directions\/#primaryimage"},"image":{"@id":"https:\/\/lasserhaus.it\/en\/directions\/#primaryimage"},"thumbnailUrl":"https:\/\/lasserhaus.it\/wp-content\/uploads\/2024\/10\/\ufffc_K2A3794-1-web-\u00a9freiundzeit.jpg","datePublished":"2024-10-25T07:50:35+00:00","dateModified":"2025-06-04T09:32:24+00:00","breadcrumb":{"@id":"https:\/\/lasserhaus.it\/en\/directions\/#breadcrumb"},"inLanguage":"en-US","potentialAction":[{"@type":"ReadAction","target":["https:\/\/lasserhaus.it\/en\/directions\/"]}]},{"@type":"ImageObject","inLanguage":"en-US","@id":"https:\/\/lasserhaus.it\/en\/directions\/#primaryimage","url":"https:\/\/lasserhaus.it\/wp-content\/uploads\/2024\/10\/\ufffc_K2A3794-1-web-\u00a9freiundzeit.jpg","contentUrl":"https:\/\/lasserhaus.it\/wp-content\/uploads\/2024\/10\/\ufffc_K2A3794-1-web-\u00a9freiundzeit.jpg","width":2048,"height":1366,"caption":"Das Bild zeigt die Fassade des Lasserhaus bei Tageslicht"},{"@type":"BreadcrumbList","@id":"https:\/\/lasserhaus.it\/en\/directions\/#breadcrumb","itemListElement":[{"@type":"ListItem","position":1,"name":"Home","item":"https:\/\/lasserhaus.it\/en\/"},{"@type":"ListItem","position":2,"name":"Directions"}]},{"@type":"WebSite","@id":"https:\/\/lasserhaus.it\/en\/#website","url":"https:\/\/lasserhaus.it\/en\/","name":"Lasserhaus","description":"","publisher":{"@id":"https:\/\/lasserhaus.it\/en\/#organization"},"potentialAction":[{"@type":"SearchAction","target":{"@type":"EntryPoint","urlTemplate":"https:\/\/lasserhaus.it\/en\/?s={search_term_string}"},"query-input":{"@type":"PropertyValueSpecification","valueRequired":true,"valueName":"search_term_string"}}],"inLanguage":"en-US"},{"@type":"Organization","@id":"https:\/\/lasserhaus.it\/en\/#organization","name":"Lasserhaus","url":"https:\/\/lasserhaus.it\/en\/","logo":{"@type":"ImageObject","inLanguage":"en-US","@id":"https:\/\/lasserhaus.it\/en\/#\/schema\/logo\/image\/","url":"https:\/\/lasserhaus.it\/wp-content\/uploads\/2023\/04\/lasserhaus-logo-web.jpg","contentUrl":"https:\/\/lasserhaus.it\/wp-content\/uploads\/2023\/04\/lasserhaus-logo-web.jpg","width":866,"height":460,"caption":"Lasserhaus"},"image":{"@id":"https:\/\/lasserhaus.it\/en\/#\/schema\/logo\/image\/"}}]}},"_links":{"self":[{"href":"https:\/\/lasserhaus.it\/en\/wp-json\/wp\/v2\/pages\/3074","targetHints":{"allow":["GET"]}}],"collection":[{"href":"https:\/\/lasserhaus.it\/en\/wp-json\/wp\/v2\/pages"}],"about":[{"href":"https:\/\/lasserhaus.it\/en\/wp-json\/wp\/v2\/types\/page"}],"author":[{"embeddable":true,"href":"https:\/\/lasserhaus.it\/en\/wp-json\/wp\/v2\/users\/1"}],"replies":[{"embeddable":true,"href":"https:\/\/lasserhaus.it\/en\/wp-json\/wp\/v2\/comments?post=3074"}],"version-history":[{"count":3,"href":"https:\/\/lasserhaus.it\/en\/wp-json\/wp\/v2\/pages\/3074\/revisions"}],"predecessor-version":[{"id":3755,"href":"https:\/\/lasserhaus.it\/en\/wp-json\/wp\/v2\/pages\/3074\/revisions\/3755"}],"wp:featuredmedia":[{"embeddable":true,"href":"https:\/\/lasserhaus.it\/en\/wp-json\/wp\/v2\/media\/3060"}],"wp:attachment":[{"href":"https:\/\/lasserhaus.it\/en\/wp-json\/wp\/v2\/media?parent=3074"}],"curies":[{"name":"wp","href":"https:\/\/api.w.org\/{rel}","templated":true}]}}