{"id":1932,"date":"2024-09-11T17:15:57","date_gmt":"2024-09-11T15:15:57","guid":{"rendered":"https:\/\/staging.lasserhaus.it\/art\/classical-works-at-the-lasserhaus\/"},"modified":"2024-12-03T12:49:24","modified_gmt":"2024-12-03T11:49:24","slug":"classical-works-at-the-lasserhaus","status":"publish","type":"page","link":"https:\/\/lasserhaus.it\/en\/art\/classical-works-at-the-lasserhaus\/","title":{"rendered":"Classical works at the Lasserhaus"},"content":{"rendered":"\t\t<div data-elementor-type=\"wp-page\" data-elementor-id=\"1932\" class=\"elementor elementor-1932 elementor-1753\" data-elementor-post-type=\"page\">\n\t\t\t\t<div class=\"elementor-element elementor-element-441efff e-flex e-con-boxed e-con e-parent\" data-id=\"441efff\" data-element_type=\"container\" data-e-type=\"container\" data-settings=\"{&quot;background_background&quot;:&quot;classic&quot;}\">\n\t\t\t\t\t<div class=\"e-con-inner\">\n\t\t\t\t<div class=\"elementor-element elementor-element-bb80a24 elementor-widget elementor-widget-heading\" data-id=\"bb80a24\" data-element_type=\"widget\" data-e-type=\"widget\" data-widget_type=\"heading.default\">\n\t\t\t\t\t<h1 class=\"elementor-heading-title elementor-size-default\">Classical works<\/h1>\t\t\t\t<\/div>\n\t\t\t\t<div class=\"elementor-element elementor-element-4f77b36 elementor-widget elementor-widget-breadcrumbs\" data-id=\"4f77b36\" data-element_type=\"widget\" data-e-type=\"widget\" data-widget_type=\"breadcrumbs.default\">\n\t\t\t\t\t<p id=\"breadcrumbs\"><span><span><a href=\"https:\/\/lasserhaus.it\/en\/\">Home<\/a><\/span><\/span><\/p>\t\t\t\t<\/div>\n\t\t\t\t\t<\/div>\n\t\t\t\t<\/div>\n\t\t<div class=\"elementor-element elementor-element-6d64d42 e-flex e-con-boxed e-con e-parent\" data-id=\"6d64d42\" data-element_type=\"container\" data-e-type=\"container\">\n\t\t\t\t\t<div class=\"e-con-inner\">\n\t\t<div class=\"elementor-element elementor-element-1986a22 e-con-full e-flex e-con e-child\" data-id=\"1986a22\" data-element_type=\"container\" data-e-type=\"container\">\n\t\t\t\t<div class=\"elementor-element elementor-element-fc6df90 elementor-widget elementor-widget-heading\" data-id=\"fc6df90\" data-element_type=\"widget\" data-e-type=\"widget\" data-widget_type=\"heading.default\">\n\t\t\t\t\t<h3 class=\"elementor-heading-title elementor-size-default\">Faller Collection<\/h3>\t\t\t\t<\/div>\n\t\t<div class=\"elementor-element elementor-element-fb25d8b e-con-full e-flex e-con e-child\" data-id=\"fb25d8b\" data-element_type=\"container\" data-e-type=\"container\">\n\t\t<div class=\"elementor-element elementor-element-0e02ee1 e-con-full e-flex e-con e-child\" data-id=\"0e02ee1\" data-element_type=\"container\" data-e-type=\"container\">\n\t\t\t\t<div class=\"elementor-element elementor-element-2be5ffb elementor-widget elementor-widget-text-editor\" data-id=\"2be5ffb\" data-element_type=\"widget\" data-e-type=\"widget\" data-widget_type=\"text-editor.default\">\n\t\t\t\t\t\t\t\t\t<p>In addition to contemporary works, the Arthotel Lasserhaus also houses several works from the Faller Collection. The father of the current owner of the house, Barbara Faller, had already built up an impressive art collection during his lifetime.<\/p>\n<p>Fascinated by Baroque painting, Klaus Faller (Brixen 1943-2017) acquired a large number of outstanding works from this period, particularly from Tyrol, like no other South Tyrolean collector of his generation. In addition to the Baroque works, the Faller Collection also includes other paintings from the 19th and 20th centuries.<\/p>\n<p>Nine portraits of the Thurner von und zu Thurnstein family from the 17th and 18th centuries, which were created by Stephan Kessler\u2019s and Ulrich Glantschnigg\u2019s studio, among others, are particularly noteworthy.<\/p>\n<p>The \u201cSu\u0308dtiroler Stadtansichten\u201d (South Tyrolean City Views) by the artist Lesley de Vries, who lived in Klausen between 1945 and 1957 and captured views of Brixen and the surrounding area, are unmistakable with their colourful brushstrokes.<\/p>\n<p>In the inner courtyard of the building, a work by the artist Johann Georg Dominikus Grasmair (Brixen 1691-Wilten\/Innsbruck 1751) captivates with its harmonious composition. The depiction of the \u201cConception of the Virgin Mary\u201d dates from 1738.<\/p>\n<p>In addition to this work, another piece in the collection catches the eye, namely the \u201cBaroque magnificent sleigh\u201d, which today stands in the entrance area of the hotel and welcomes guests with its \u201cdragon head\u201d.<br \/>\nFaller Collection<\/p>\n\t\t\t\t\t\t\t\t<\/div>\n\t\t\t\t<\/div>\n\t\t<div class=\"elementor-element elementor-element-1ddeedf e-con-full e-flex e-con e-child\" data-id=\"1ddeedf\" data-element_type=\"container\" data-e-type=\"container\">\n\t\t\t\t<div class=\"elementor-element elementor-element-7ca3ed3 elementor-widget elementor-widget-image\" data-id=\"7ca3ed3\" data-element_type=\"widget\" data-e-type=\"widget\" data-widget_type=\"image.default\">\n\t\t\t\t\t\t\t\t\t\t\t\t\t\t\t<img fetchpriority=\"high\" decoding=\"async\" width=\"1024\" height=\"682\" src=\"https:\/\/lasserhaus.it\/wp-content\/uploads\/2024\/09\/\ufffc_K2A0641-web-c_freiundzeit.jpg\" class=\"attachment-large size-large wp-image-2243\" alt=\"\" srcset=\"https:\/\/lasserhaus.it\/wp-content\/uploads\/2024\/09\/\ufffc_K2A0641-web-c_freiundzeit.jpg 1024w, https:\/\/lasserhaus.it\/wp-content\/uploads\/2024\/09\/\ufffc_K2A0641-web-c_freiundzeit-300x200.jpg 300w, https:\/\/lasserhaus.it\/wp-content\/uploads\/2024\/09\/\ufffc_K2A0641-web-c_freiundzeit-768x512.jpg 768w\" sizes=\"(max-width: 1024px) 100vw, 1024px\" \/>\t\t\t\t\t\t\t\t\t\t\t\t\t\t\t<\/div>\n\t\t\t\t<div class=\"elementor-element elementor-element-56e3ca6 elementor-widget elementor-widget-image\" data-id=\"56e3ca6\" data-element_type=\"widget\" data-e-type=\"widget\" data-widget_type=\"image.default\">\n\t\t\t\t\t\t\t\t\t\t\t\t\t\t\t<img decoding=\"async\" width=\"1024\" height=\"683\" src=\"https:\/\/lasserhaus.it\/wp-content\/uploads\/2024\/08\/Lasserhaus-Part-III-web-321-1.jpg\" class=\"attachment-large size-large wp-image-1645\" alt=\"Das Foto zeigt einen Bereich im Erdgeschoss des Lasserhaus. In der Ecke des Raumes steht ein gr\u00fcnes Sofa. An der Wand h\u00e4ngen drei klassische Gem\u00e4lde aus der Kunstsammlung des Lasserhaus, dazwischen h\u00e4ngt das Werk &quot;like&quot; von Petra Polli.\" srcset=\"https:\/\/lasserhaus.it\/wp-content\/uploads\/2024\/08\/Lasserhaus-Part-III-web-321-1.jpg 1024w, https:\/\/lasserhaus.it\/wp-content\/uploads\/2024\/08\/Lasserhaus-Part-III-web-321-1-300x200.jpg 300w, https:\/\/lasserhaus.it\/wp-content\/uploads\/2024\/08\/Lasserhaus-Part-III-web-321-1-768x512.jpg 768w\" sizes=\"(max-width: 1024px) 100vw, 1024px\" \/>\t\t\t\t\t\t\t\t\t\t\t\t\t\t\t<\/div>\n\t\t\t\t<\/div>\n\t\t\t\t<\/div>\n\t\t\t\t<\/div>\n\t\t\t\t\t<\/div>\n\t\t\t\t<\/div>\n\t\t<div class=\"elementor-element elementor-element-1eed740 e-flex e-con-boxed e-con e-parent\" data-id=\"1eed740\" data-element_type=\"container\" data-e-type=\"container\">\n\t\t\t\t\t<div class=\"e-con-inner\">\n\t\t<div class=\"elementor-element elementor-element-8bf7810 e-con-full e-flex e-con e-child\" data-id=\"8bf7810\" data-element_type=\"container\" data-e-type=\"container\">\n\t\t\t\t<div class=\"elementor-element elementor-element-cdd20fc elementor-widget-divider--view-line elementor-widget elementor-widget-divider\" data-id=\"cdd20fc\" data-element_type=\"widget\" data-e-type=\"widget\" data-widget_type=\"divider.default\">\n\t\t\t\t\t\t\t<div class=\"elementor-divider\">\n\t\t\t<span class=\"elementor-divider-separator\">\n\t\t\t\t\t\t<\/span>\n\t\t<\/div>\n\t\t\t\t\t\t<\/div>\n\t\t\t\t<div class=\"elementor-element elementor-element-f58df59 elementor-widget elementor-widget-button\" data-id=\"f58df59\" data-element_type=\"widget\" data-e-type=\"widget\" data-widget_type=\"button.default\">\n\t\t\t\t\t\t\t\t\t\t<a class=\"elementor-button elementor-button-link elementor-size-sm\" href=\"https:\/\/lasserhaus.it\/wp-content\/uploads\/2024\/10\/art-booklet-2024.pdf\" target=\"_blank\">\n\t\t\t\t\t\t<span class=\"elementor-button-content-wrapper\">\n\t\t\t\t\t\t\t\t\t<span class=\"elementor-button-text\">Download the brochure<\/span>\n\t\t\t\t\t<\/span>\n\t\t\t\t\t<\/a>\n\t\t\t\t\t\t\t\t<\/div>\n\t\t\t\t<div class=\"elementor-element elementor-element-83b3eb7 elementor-widget-divider--view-line elementor-widget elementor-widget-divider\" data-id=\"83b3eb7\" data-element_type=\"widget\" data-e-type=\"widget\" data-widget_type=\"divider.default\">\n\t\t\t\t\t\t\t<div class=\"elementor-divider\">\n\t\t\t<span class=\"elementor-divider-separator\">\n\t\t\t\t\t\t<\/span>\n\t\t<\/div>\n\t\t\t\t\t\t<\/div>\n\t\t\t\t<\/div>\n\t\t\t\t\t<\/div>\n\t\t\t\t<\/div>\n\t\t<div class=\"elementor-element elementor-element-e050721 e-con-full e-flex e-con e-parent\" data-id=\"e050721\" data-element_type=\"container\" data-e-type=\"container\">\n\t\t\t\t<div class=\"elementor-element elementor-element-e166b4d elementor-widget elementor-widget-shortcode\" data-id=\"e166b4d\" data-element_type=\"widget\" data-e-type=\"widget\" data-widget_type=\"shortcode.default\">\n\t\t\t\t\t\t\t<div class=\"elementor-shortcode\">\t\t<div data-elementor-type=\"container\" data-elementor-id=\"1894\" class=\"elementor elementor-1894 elementor-1889\" data-elementor-post-type=\"elementor_library\">\n\t\t\t\t<div class=\"elementor-element elementor-element-2085d11 e-flex e-con-boxed e-con e-parent\" data-id=\"2085d11\" data-element_type=\"container\" data-e-type=\"container\" data-settings=\"{&quot;background_background&quot;:&quot;classic&quot;}\">\n\t\t\t\t\t<div class=\"e-con-inner\">\n\t\t<div class=\"elementor-element elementor-element-60fa684 e-flex e-con-boxed e-con e-child\" data-id=\"60fa684\" data-element_type=\"container\" data-e-type=\"container\">\n\t\t\t\t\t<div class=\"e-con-inner\">\n\t\t\t\t<div class=\"elementor-element elementor-element-5568d02 elementor-widget elementor-widget-heading\" data-id=\"5568d02\" data-element_type=\"widget\" data-e-type=\"widget\" data-widget_type=\"heading.default\">\n\t\t\t\t\t<h2 class=\"elementor-heading-title elementor-size-default\">Culinary delights and urban flair just a few steps away<\/h2>\t\t\t\t<\/div>\n\t\t\t\t\t<\/div>\n\t\t\t\t<\/div>\n\t\t<div class=\"elementor-element elementor-element-585c62d e-con-full e-flex e-con e-child\" data-id=\"585c62d\" data-element_type=\"container\" data-e-type=\"container\">\n\t\t<div class=\"elementor-element elementor-element-3f596e6 e-flex e-con-boxed e-con e-child\" data-id=\"3f596e6\" data-element_type=\"container\" data-e-type=\"container\">\n\t\t\t\t\t<div class=\"e-con-inner\">\n\t\t\t\t<div class=\"elementor-element elementor-element-6063040 elementor-widget elementor-widget-heading\" data-id=\"6063040\" data-element_type=\"widget\" data-e-type=\"widget\" data-widget_type=\"heading.default\">\n\t\t\t\t\t<h3 class=\"elementor-heading-title elementor-size-default\"> Cuisine at<br>'Alter Schlachthof'<\/h3>\t\t\t\t<\/div>\n\t\t\t\t<div class=\"elementor-element elementor-element-9f0dff8 elementor-widget elementor-widget-image\" data-id=\"9f0dff8\" data-element_type=\"widget\" data-e-type=\"widget\" data-widget_type=\"image.default\">\n\t\t\t\t\t\t\t\t\t\t\t\t\t\t\t<img decoding=\"async\" width=\"1024\" height=\"683\" src=\"https:\/\/lasserhaus.it\/wp-content\/uploads\/2024\/10\/alter-schlachthof-kulinarik-1.jpg\" class=\"attachment-large size-large wp-image-2651\" alt=\"Das Bild zeigt einen gedeckten Tisch im Restaurant Alter Schlachthof in Brixen. Auf dem Tisch befinden sich ein Steak, Salate, das hauseigene Viertel Bier und S\u00fcsskartoffel Spalten.\" srcset=\"https:\/\/lasserhaus.it\/wp-content\/uploads\/2024\/10\/alter-schlachthof-kulinarik-1.jpg 1024w, https:\/\/lasserhaus.it\/wp-content\/uploads\/2024\/10\/alter-schlachthof-kulinarik-1-300x200.jpg 300w, https:\/\/lasserhaus.it\/wp-content\/uploads\/2024\/10\/alter-schlachthof-kulinarik-1-768x512.jpg 768w\" sizes=\"(max-width: 1024px) 100vw, 1024px\" \/>\t\t\t\t\t\t\t\t\t\t\t\t\t\t\t<\/div>\n\t\t\t\t<div class=\"elementor-element elementor-element-65f7bd3 elementor-widget elementor-widget-text-editor\" data-id=\"65f7bd3\" data-element_type=\"widget\" data-e-type=\"widget\" data-widget_type=\"text-editor.default\">\n\t\t\t\t\t\t\t\t\t<p>In our restaurant \u2018Alter Schlachthof \u2018, we use as many products as possible from local farmers and selected suppliers in the immediate vicinity. This applies to South Tyrolean classics as well as excursions into international cuisine.<\/p>\n\t\t\t\t\t\t\t\t<\/div>\n\t\t\t\t\t<\/div>\n\t\t\t\t<\/div>\n\t\t<div class=\"elementor-element elementor-element-44ffff7 e-flex e-con-boxed e-con e-child\" data-id=\"44ffff7\" data-element_type=\"container\" data-e-type=\"container\">\n\t\t\t\t\t<div class=\"e-con-inner\">\n\t\t\t\t<div class=\"elementor-element elementor-element-fe2163b elementor-widget elementor-widget-heading\" data-id=\"fe2163b\" data-element_type=\"widget\" data-e-type=\"widget\" data-widget_type=\"heading.default\">\n\t\t\t\t\t<h3 class=\"elementor-heading-title elementor-size-default\">'Aperitivo-Time' at<br>the 'Viertel Bar' <\/h3>\t\t\t\t<\/div>\n\t\t\t\t<div class=\"elementor-element elementor-element-f9e9f88 elementor-widget elementor-widget-image\" data-id=\"f9e9f88\" data-element_type=\"widget\" data-e-type=\"widget\" data-widget_type=\"image.default\">\n\t\t\t\t\t\t\t\t\t\t\t\t\t\t\t<img loading=\"lazy\" decoding=\"async\" width=\"1024\" height=\"683\" src=\"https:\/\/lasserhaus.it\/wp-content\/uploads\/2024\/10\/K2A6739-web-\u00a9freiundzeit-1024x683.jpg\" class=\"attachment-large size-large wp-image-2601\" alt=\"Das 3 H\u00e4nde mit verschiedenen Getr\u00e4nken in der Viertel Bar in der Brixner Innenstadt beim Ansto\u00dfen\" srcset=\"https:\/\/lasserhaus.it\/wp-content\/uploads\/2024\/10\/K2A6739-web-\u00a9freiundzeit-1024x683.jpg 1024w, https:\/\/lasserhaus.it\/wp-content\/uploads\/2024\/10\/K2A6739-web-\u00a9freiundzeit-300x200.jpg 300w, https:\/\/lasserhaus.it\/wp-content\/uploads\/2024\/10\/K2A6739-web-\u00a9freiundzeit-768x512.jpg 768w, https:\/\/lasserhaus.it\/wp-content\/uploads\/2024\/10\/K2A6739-web-\u00a9freiundzeit-1536x1025.jpg 1536w, https:\/\/lasserhaus.it\/wp-content\/uploads\/2024\/10\/K2A6739-web-\u00a9freiundzeit.jpg 2048w\" sizes=\"(max-width: 1024px) 100vw, 1024px\" \/>\t\t\t\t\t\t\t\t\t\t\t\t\t\t\t<\/div>\n\t\t\t\t<div class=\"elementor-element elementor-element-84b9970 elementor-widget elementor-widget-text-editor\" data-id=\"84b9970\" data-element_type=\"widget\" data-e-type=\"widget\" data-widget_type=\"text-editor.default\">\n\t\t\t\t\t\t\t\t\t<p>Enjoy a wide selection of drinks and delicious easy dishes and appetisers in our bar in the centre of Bressanone\/Brixen. The stylish bar and the outdoor area with a view of the white tower invite young and old to linger.<\/p>\n\t\t\t\t\t\t\t\t<\/div>\n\t\t\t\t\t<\/div>\n\t\t\t\t<\/div>\n\t\t\t\t<\/div>\n\t\t\t\t\t<\/div>\n\t\t\t\t<\/div>\n\t\t\t\t<\/div>\n\t\t<\/div>\n\t\t\t\t\t\t<\/div>\n\t\t\t\t<\/div>\n\t\t\t\t<\/div>\n\t\t","protected":false},"excerpt":{"rendered":"<p>Classical works Faller Collection In addition to contemporary works, the Arthotel Lasserhaus also houses several works from the Faller Collection. The father of the current owner of the house, Barbara Faller, had already built up an impressive art collection during his lifetime. Fascinated by Baroque painting, Klaus Faller (Brixen 1943-2017) acquired a large number of [&hellip;]<\/p>\n","protected":false},"author":1,"featured_media":0,"parent":1930,"menu_order":0,"comment_status":"closed","ping_status":"closed","template":"","meta":{"_acf_changed":false},"class_list":["post-1932","page","type-page","status-publish","hentry"],"acf":[],"yoast_head":"<!-- This site is optimized with the Yoast SEO plugin v27.2 - https:\/\/yoast.com\/product\/yoast-seo-wordpress\/ -->\n<title>Classical works at the Lasserhaus - Lasserhaus<\/title>\n<meta name=\"robots\" content=\"index, follow, max-snippet:-1, max-image-preview:large, max-video-preview:-1\" \/>\n<link rel=\"canonical\" href=\"https:\/\/lasserhaus.it\/en\/art\/classical-works-at-the-lasserhaus\/\" \/>\n<meta property=\"og:locale\" content=\"en_US\" \/>\n<meta property=\"og:type\" content=\"article\" \/>\n<meta property=\"og:title\" content=\"Classical works at the Lasserhaus - Lasserhaus\" \/>\n<meta property=\"og:description\" content=\"Classical works Faller Collection In addition to contemporary works, the Arthotel Lasserhaus also houses several works from the Faller Collection. The father of the current owner of the house, Barbara Faller, had already built up an impressive art collection during his lifetime. Fascinated by Baroque painting, Klaus Faller (Brixen 1943-2017) acquired a large number of [&hellip;]\" \/>\n<meta property=\"og:url\" content=\"https:\/\/lasserhaus.it\/en\/art\/classical-works-at-the-lasserhaus\/\" \/>\n<meta property=\"og:site_name\" content=\"Lasserhaus\" \/>\n<meta property=\"article:modified_time\" content=\"2024-12-03T11:49:24+00:00\" \/>\n<meta property=\"og:image\" content=\"https:\/\/lasserhaus.it\/wp-content\/uploads\/2024\/08\/Lasserhaus-Part-III-web-321-1.jpg\" \/>\n<meta name=\"twitter:card\" content=\"summary_large_image\" \/>\n<meta name=\"twitter:label1\" content=\"Est. reading time\" \/>\n\t<meta name=\"twitter:data1\" content=\"1 minute\" \/>\n<script type=\"application\/ld+json\" class=\"yoast-schema-graph\">{\"@context\":\"https:\/\/schema.org\",\"@graph\":[{\"@type\":\"WebPage\",\"@id\":\"https:\/\/lasserhaus.it\/en\/art\/classical-works-at-the-lasserhaus\/\",\"url\":\"https:\/\/lasserhaus.it\/en\/art\/classical-works-at-the-lasserhaus\/\",\"name\":\"Classical works at the Lasserhaus - Lasserhaus\",\"isPartOf\":{\"@id\":\"https:\/\/lasserhaus.it\/en\/#website\"},\"primaryImageOfPage\":{\"@id\":\"https:\/\/lasserhaus.it\/en\/art\/classical-works-at-the-lasserhaus\/#primaryimage\"},\"image\":{\"@id\":\"https:\/\/lasserhaus.it\/en\/art\/classical-works-at-the-lasserhaus\/#primaryimage\"},\"thumbnailUrl\":\"https:\/\/lasserhaus.it\/wp-content\/uploads\/2024\/08\/Lasserhaus-Part-III-web-321-1.jpg\",\"datePublished\":\"2024-09-11T15:15:57+00:00\",\"dateModified\":\"2024-12-03T11:49:24+00:00\",\"breadcrumb\":{\"@id\":\"https:\/\/lasserhaus.it\/en\/art\/classical-works-at-the-lasserhaus\/#breadcrumb\"},\"inLanguage\":\"en-US\",\"potentialAction\":[{\"@type\":\"ReadAction\",\"target\":[\"https:\/\/lasserhaus.it\/en\/art\/classical-works-at-the-lasserhaus\/\"]}]},{\"@type\":\"ImageObject\",\"inLanguage\":\"en-US\",\"@id\":\"https:\/\/lasserhaus.it\/en\/art\/classical-works-at-the-lasserhaus\/#primaryimage\",\"url\":\"https:\/\/lasserhaus.it\/wp-content\/uploads\/2024\/08\/Lasserhaus-Part-III-web-321-1.jpg\",\"contentUrl\":\"https:\/\/lasserhaus.it\/wp-content\/uploads\/2024\/08\/Lasserhaus-Part-III-web-321-1.jpg\"},{\"@type\":\"BreadcrumbList\",\"@id\":\"https:\/\/lasserhaus.it\/en\/art\/classical-works-at-the-lasserhaus\/#breadcrumb\",\"itemListElement\":[{\"@type\":\"ListItem\",\"position\":1,\"name\":\"Home\",\"item\":\"https:\/\/lasserhaus.it\/en\/\"},{\"@type\":\"ListItem\",\"position\":2,\"name\":\"Art\",\"item\":\"https:\/\/lasserhaus.it\/en\/kunst\/\"},{\"@type\":\"ListItem\",\"position\":3,\"name\":\"Classical works at the Lasserhaus\"}]},{\"@type\":\"WebSite\",\"@id\":\"https:\/\/lasserhaus.it\/en\/#website\",\"url\":\"https:\/\/lasserhaus.it\/en\/\",\"name\":\"Lasserhaus\",\"description\":\"\",\"publisher\":{\"@id\":\"https:\/\/lasserhaus.it\/en\/#organization\"},\"potentialAction\":[{\"@type\":\"SearchAction\",\"target\":{\"@type\":\"EntryPoint\",\"urlTemplate\":\"https:\/\/lasserhaus.it\/en\/?s={search_term_string}\"},\"query-input\":{\"@type\":\"PropertyValueSpecification\",\"valueRequired\":true,\"valueName\":\"search_term_string\"}}],\"inLanguage\":\"en-US\"},{\"@type\":\"Organization\",\"@id\":\"https:\/\/lasserhaus.it\/en\/#organization\",\"name\":\"Lasserhaus\",\"url\":\"https:\/\/lasserhaus.it\/en\/\",\"logo\":{\"@type\":\"ImageObject\",\"inLanguage\":\"en-US\",\"@id\":\"https:\/\/lasserhaus.it\/en\/#\/schema\/logo\/image\/\",\"url\":\"https:\/\/lasserhaus.it\/wp-content\/uploads\/2023\/04\/lasserhaus-logo-web.jpg\",\"contentUrl\":\"https:\/\/lasserhaus.it\/wp-content\/uploads\/2023\/04\/lasserhaus-logo-web.jpg\",\"width\":866,\"height\":460,\"caption\":\"Lasserhaus\"},\"image\":{\"@id\":\"https:\/\/lasserhaus.it\/en\/#\/schema\/logo\/image\/\"}}]}<\/script>\n<!-- \/ Yoast SEO plugin. -->","yoast_head_json":{"title":"Classical works at the Lasserhaus - Lasserhaus","robots":{"index":"index","follow":"follow","max-snippet":"max-snippet:-1","max-image-preview":"max-image-preview:large","max-video-preview":"max-video-preview:-1"},"canonical":"https:\/\/lasserhaus.it\/en\/art\/classical-works-at-the-lasserhaus\/","og_locale":"en_US","og_type":"article","og_title":"Classical works at the Lasserhaus - Lasserhaus","og_description":"Classical works Faller Collection In addition to contemporary works, the Arthotel Lasserhaus also houses several works from the Faller Collection. The father of the current owner of the house, Barbara Faller, had already built up an impressive art collection during his lifetime. Fascinated by Baroque painting, Klaus Faller (Brixen 1943-2017) acquired a large number of [&hellip;]","og_url":"https:\/\/lasserhaus.it\/en\/art\/classical-works-at-the-lasserhaus\/","og_site_name":"Lasserhaus","article_modified_time":"2024-12-03T11:49:24+00:00","og_image":[{"url":"https:\/\/lasserhaus.it\/wp-content\/uploads\/2024\/08\/Lasserhaus-Part-III-web-321-1.jpg","type":"","width":"","height":""}],"twitter_card":"summary_large_image","twitter_misc":{"Est. reading time":"1 minute"},"schema":{"@context":"https:\/\/schema.org","@graph":[{"@type":"WebPage","@id":"https:\/\/lasserhaus.it\/en\/art\/classical-works-at-the-lasserhaus\/","url":"https:\/\/lasserhaus.it\/en\/art\/classical-works-at-the-lasserhaus\/","name":"Classical works at the Lasserhaus - Lasserhaus","isPartOf":{"@id":"https:\/\/lasserhaus.it\/en\/#website"},"primaryImageOfPage":{"@id":"https:\/\/lasserhaus.it\/en\/art\/classical-works-at-the-lasserhaus\/#primaryimage"},"image":{"@id":"https:\/\/lasserhaus.it\/en\/art\/classical-works-at-the-lasserhaus\/#primaryimage"},"thumbnailUrl":"https:\/\/lasserhaus.it\/wp-content\/uploads\/2024\/08\/Lasserhaus-Part-III-web-321-1.jpg","datePublished":"2024-09-11T15:15:57+00:00","dateModified":"2024-12-03T11:49:24+00:00","breadcrumb":{"@id":"https:\/\/lasserhaus.it\/en\/art\/classical-works-at-the-lasserhaus\/#breadcrumb"},"inLanguage":"en-US","potentialAction":[{"@type":"ReadAction","target":["https:\/\/lasserhaus.it\/en\/art\/classical-works-at-the-lasserhaus\/"]}]},{"@type":"ImageObject","inLanguage":"en-US","@id":"https:\/\/lasserhaus.it\/en\/art\/classical-works-at-the-lasserhaus\/#primaryimage","url":"https:\/\/lasserhaus.it\/wp-content\/uploads\/2024\/08\/Lasserhaus-Part-III-web-321-1.jpg","contentUrl":"https:\/\/lasserhaus.it\/wp-content\/uploads\/2024\/08\/Lasserhaus-Part-III-web-321-1.jpg"},{"@type":"BreadcrumbList","@id":"https:\/\/lasserhaus.it\/en\/art\/classical-works-at-the-lasserhaus\/#breadcrumb","itemListElement":[{"@type":"ListItem","position":1,"name":"Home","item":"https:\/\/lasserhaus.it\/en\/"},{"@type":"ListItem","position":2,"name":"Art","item":"https:\/\/lasserhaus.it\/en\/kunst\/"},{"@type":"ListItem","position":3,"name":"Classical works at the Lasserhaus"}]},{"@type":"WebSite","@id":"https:\/\/lasserhaus.it\/en\/#website","url":"https:\/\/lasserhaus.it\/en\/","name":"Lasserhaus","description":"","publisher":{"@id":"https:\/\/lasserhaus.it\/en\/#organization"},"potentialAction":[{"@type":"SearchAction","target":{"@type":"EntryPoint","urlTemplate":"https:\/\/lasserhaus.it\/en\/?s={search_term_string}"},"query-input":{"@type":"PropertyValueSpecification","valueRequired":true,"valueName":"search_term_string"}}],"inLanguage":"en-US"},{"@type":"Organization","@id":"https:\/\/lasserhaus.it\/en\/#organization","name":"Lasserhaus","url":"https:\/\/lasserhaus.it\/en\/","logo":{"@type":"ImageObject","inLanguage":"en-US","@id":"https:\/\/lasserhaus.it\/en\/#\/schema\/logo\/image\/","url":"https:\/\/lasserhaus.it\/wp-content\/uploads\/2023\/04\/lasserhaus-logo-web.jpg","contentUrl":"https:\/\/lasserhaus.it\/wp-content\/uploads\/2023\/04\/lasserhaus-logo-web.jpg","width":866,"height":460,"caption":"Lasserhaus"},"image":{"@id":"https:\/\/lasserhaus.it\/en\/#\/schema\/logo\/image\/"}}]}},"_links":{"self":[{"href":"https:\/\/lasserhaus.it\/en\/wp-json\/wp\/v2\/pages\/1932","targetHints":{"allow":["GET"]}}],"collection":[{"href":"https:\/\/lasserhaus.it\/en\/wp-json\/wp\/v2\/pages"}],"about":[{"href":"https:\/\/lasserhaus.it\/en\/wp-json\/wp\/v2\/types\/page"}],"author":[{"embeddable":true,"href":"https:\/\/lasserhaus.it\/en\/wp-json\/wp\/v2\/users\/1"}],"replies":[{"embeddable":true,"href":"https:\/\/lasserhaus.it\/en\/wp-json\/wp\/v2\/comments?post=1932"}],"version-history":[{"count":5,"href":"https:\/\/lasserhaus.it\/en\/wp-json\/wp\/v2\/pages\/1932\/revisions"}],"predecessor-version":[{"id":3347,"href":"https:\/\/lasserhaus.it\/en\/wp-json\/wp\/v2\/pages\/1932\/revisions\/3347"}],"up":[{"embeddable":true,"href":"https:\/\/lasserhaus.it\/en\/wp-json\/wp\/v2\/pages\/1930"}],"wp:attachment":[{"href":"https:\/\/lasserhaus.it\/en\/wp-json\/wp\/v2\/media?parent=1932"}],"curies":[{"name":"wp","href":"https:\/\/api.w.org\/{rel}","templated":true}]}}